{"id":9492,"date":"2024-12-03T18:08:20","date_gmt":"2024-12-03T10:08:20","guid":{"rendered":"https:\/\/hisoair.com\/?post_type=product&#038;p=9492"},"modified":"2025-06-12T14:10:25","modified_gmt":"2025-06-12T06:10:25","slug":"luftungs-luftreiniger-hv380","status":"publish","type":"product","link":"https:\/\/hisoair.com\/de\/product\/ventilation-air-purifier-hv380\/","title":{"rendered":"L\u00fcftungs-Luftreiniger HV380"},"content":{"rendered":"<p><strong>Ger\u00e4uscharm und hohe Luftmenge: Erleben Sie puren Komfort<\/strong><br>Die innovative Decibel Cancellation\u2122-Technologie von HisoAir sorgt f\u00fcr einen fl\u00fcsterleisen Betrieb mit einem Ger\u00e4uschpegel, der 5-10 dB niedriger ist als der der Konkurrenz. In Verbindung mit einem leistungsstarken Bel\u00fcftungssystem mit 320 m\u00b3\/h sorgt es f\u00fcr eine robuste Luftzirkulation und damit f\u00fcr ein frischeres Raumklima.<\/p>\n\n\n\n<figure class=\"wp-block-image size-full\"><img loading=\"lazy\" decoding=\"async\" width=\"1000\" height=\"1000\" src=\"https:\/\/hisoair.com\/wp-content\/uploads\/2024\/12\/ventilation-air-purifier-hv380.webp\" alt=\"L\u00fcftungs-Luftreiniger hv380\" class=\"wp-image-9497\" srcset=\"https:\/\/hisoair.com\/wp-content\/uploads\/2024\/12\/ventilation-air-purifier-hv380.webp 1000w, https:\/\/hisoair.com\/wp-content\/uploads\/2024\/12\/ventilation-air-purifier-hv380-300x300.webp 300w, https:\/\/hisoair.com\/wp-content\/uploads\/2024\/12\/ventilation-air-purifier-hv380-150x150.webp 150w, https:\/\/hisoair.com\/wp-content\/uploads\/2024\/12\/ventilation-air-purifier-hv380-768x768.webp 768w, https:\/\/hisoair.com\/wp-content\/uploads\/2024\/12\/ventilation-air-purifier-hv380-12x12.webp 12w\" sizes=\"auto, (max-width: 1000px) 100vw, 1000px\" \/><\/figure>\n\n\n\n<p><strong>Einzigartiges Luftkanaldesign: Verbesserte Effizienz des Luftstroms<\/strong><br>Mit seinem bahnbrechenden Kanaldesign mit f\u00fcnfmal mehr Windr\u00e4dern bietet der HisoAir-Reiniger eine un\u00fcbertroffene Luftstromeffizienz, die die F\u00e4higkeiten herk\u00f6mmlicher Reiniger \u00fcbertrifft und eine gleichm\u00e4\u00dfige Luftverteilung gew\u00e4hrleistet.<\/p>\n\n\n\n<figure class=\"wp-block-image size-full\"><img loading=\"lazy\" decoding=\"async\" width=\"1000\" height=\"1000\" src=\"https:\/\/hisoair.com\/wp-content\/uploads\/2024\/12\/ventilation-air-purifier-hv380-2.webp\" alt=\"luftreiniger hv380 (2)\" class=\"wp-image-9495\" srcset=\"https:\/\/hisoair.com\/wp-content\/uploads\/2024\/12\/ventilation-air-purifier-hv380-2.webp 1000w, https:\/\/hisoair.com\/wp-content\/uploads\/2024\/12\/ventilation-air-purifier-hv380-2-300x300.webp 300w, https:\/\/hisoair.com\/wp-content\/uploads\/2024\/12\/ventilation-air-purifier-hv380-2-150x150.webp 150w, https:\/\/hisoair.com\/wp-content\/uploads\/2024\/12\/ventilation-air-purifier-hv380-2-768x768.webp 768w, https:\/\/hisoair.com\/wp-content\/uploads\/2024\/12\/ventilation-air-purifier-hv380-2-12x12.webp 12w\" sizes=\"auto, (max-width: 1000px) 100vw, 1000px\" \/><\/figure>\n\n\n\n<p><strong>12v\/8w b\u00fcrstenloser DC-Motor: Energieeffizient und langlebig<\/strong><br>Der Luftreiniger ist mit einem hochmodernen b\u00fcrstenlosen Gleichstrommotor ausgestattet und kombiniert Energieeffizienz mit einem leistungsstarken Luftstrom. Genie\u00dfen Sie ein leiseres, langlebigeres System, das sich perfekt f\u00fcr den Einsatz zu Hause oder im B\u00fcro eignet.<\/p>\n\n\n\n<figure class=\"wp-block-image size-full\"><img loading=\"lazy\" decoding=\"async\" width=\"1000\" height=\"1000\" src=\"https:\/\/hisoair.com\/wp-content\/uploads\/2024\/12\/ventilation-air-purifier-hv380-3.webp\" alt=\"luftreiniger hv380 (3)\" class=\"wp-image-9496\" srcset=\"https:\/\/hisoair.com\/wp-content\/uploads\/2024\/12\/ventilation-air-purifier-hv380-3.webp 1000w, https:\/\/hisoair.com\/wp-content\/uploads\/2024\/12\/ventilation-air-purifier-hv380-3-300x300.webp 300w, https:\/\/hisoair.com\/wp-content\/uploads\/2024\/12\/ventilation-air-purifier-hv380-3-150x150.webp 150w, https:\/\/hisoair.com\/wp-content\/uploads\/2024\/12\/ventilation-air-purifier-hv380-3-768x768.webp 768w, https:\/\/hisoair.com\/wp-content\/uploads\/2024\/12\/ventilation-air-purifier-hv380-3-12x12.webp 12w\" sizes=\"auto, (max-width: 1000px) 100vw, 1000px\" \/><\/figure>\n\n\n\n<p><strong>PTC Intelligent Heating: Warme, nat\u00fcrliche Luft auf Abruf<\/strong><br>Die intelligente PTC-Heiztechnologie des Luftreinigers f\u00fchrt effiziente eingebaute Heizelemente zur Erw\u00e4rmung der einstr\u00f6menden Luft ein. Dies sorgt f\u00fcr mehr Komfort, indem der Sauerstoffgehalt in der Luft verbessert und der CO2-Aussto\u00df in Ihrem Wohnraum reduziert wird.<\/p>\n\n\n\n<p><strong>Hochpr\u00e4zise Sensoren: Intelligentes Luftqualit\u00e4tsmanagement<\/strong><br>Mit eingebauten CO2-, PM2.5- und japanischen Hochpr\u00e4zisions-Laserstaubsensoren bietet der HisoAir-Reiniger eine Echtzeit\u00fcberwachung der Luftqualit\u00e4t. Er passt den Luftstrom und die Reinigungsintensit\u00e4t automatisch an die aktuelle Luftqualit\u00e4t an und sorgt so f\u00fcr ein optimales Raumklima.<\/p>\n\n\n\n<p>HisoAir kombiniert leisen Betrieb, innovative Technologie und intelligente \u00dcberwachung, um eine au\u00dfergew\u00f6hnliche Luftreinigung zu bieten. Verbessern Sie Ihre Luftqualit\u00e4t mit den fortschrittlichen L\u00f6sungen von HisoAir f\u00fcr einen ges\u00fcnderen und komfortableren Lebensraum.<\/p>","protected":false},"featured_media":9498,"template":"","product-cat":[67,38],"class_list":["post-9492","product","type-product","status-publish","has-post-thumbnail","hentry","product-cat-ventilator-purifier","product-cat-wall-mounting-air-purifiers"],"meta_box":{"product_short_intro":"<ul>\n<li><strong>Low Noise, High Air Volume<\/strong>: Powered by Decibel Cancellation\u2122 Technology, our purifier operates 5-10dB quieter than competitors while delivering strong airflow.<\/li>\n<li><strong>Unique Air Duct Design<\/strong>: With five times more wind wheels, our duct design surpasses traditional purifiers for enhanced performance.<\/li>\n<li><strong>12v\/8w Brushless DC Motor<\/strong>: Achieves energy efficiency, high airflow, low noise, and extended durability with advanced brushless DC motor technology.<\/li>\n<li><strong>PTC Intelligent Heating<\/strong>: Built-in heating elements warm incoming air, delivering natural and comfortable airflow.<\/li>\n<li><strong>High-Precision Sensors<\/strong>: Includes CO2, PM2.5, and Japanese laser dust sensors for accurate air quality monitoring and automatic adjustments.<\/li>\n<\/ul>\n","hero_button_text":"Request a Quote","specifications_table":[{"attribute_name":"Voltage","attribute_value":"110V-220V","_state":"expanded"},{"attribute_name":"Power","attribute_value":"40W","_state":"expanded"},{"attribute_name":"CADR","attribute_value":"360m3\/h(211CFM)","_state":"expanded"},{"attribute_name":"Fresh Air volume","attribute_value":"320m3\/h","_state":"expanded"},{"attribute_name":"Application area","attribute_value":"30-40m\u00b2","_state":"expanded"},{"attribute_name":"Max Noise","attribute_value":"35-50dB","_state":"expanded"},{"attribute_name":"Filter","attribute_value":"HEPA 13 +activated carbon filter+silver ion","_state":"expanded"},{"attribute_name":"Certificates","attribute_value":"CE-EMC, CE-LVD, ROHS, CADR & Noise, WIF, EN1822, Antibacterial filter test report","_state":"expanded"},{"attribute_name":"Machine Size","attribute_value":"430*135*690mm","_state":"expanded"},{"attribute_name":"Net Weight","attribute_value":"8.5 kg","_state":"expanded"}],"specification_html_table":"","downloads":[{"file_url_or_upload":"https:\/\/hisoair.com\/wp-content\/uploads\/2024\/12\/ventilation-air-purifier-hv380.pdf"}],"related_posts":["8815","8821","8833","7625"],"related_downloads":[],"product_gallery":[],"product_capability_to":[],"product_case_to":[],"product_factory_to":[],"product_application_to":[],"related-products_from":["37925","26349","38412"]},"_links":{"self":[{"href":"https:\/\/hisoair.com\/de\/wp-json\/wp\/v2\/product\/9492","targetHints":{"allow":["GET"]}}],"collection":[{"href":"https:\/\/hisoair.com\/de\/wp-json\/wp\/v2\/product"}],"about":[{"href":"https:\/\/hisoair.com\/de\/wp-json\/wp\/v2\/types\/product"}],"wp:featuredmedia":[{"embeddable":true,"href":"https:\/\/hisoair.com\/de\/wp-json\/wp\/v2\/media\/9498"}],"wp:attachment":[{"href":"https:\/\/hisoair.com\/de\/wp-json\/wp\/v2\/media?parent=9492"}],"wp:term":[{"taxonomy":"product-cat","embeddable":true,"href":"https:\/\/hisoair.com\/de\/wp-json\/wp\/v2\/product-cat?post=9492"}],"curies":[{"name":"wp","href":"https:\/\/api.w.org\/{rel}","templated":true}]}}