{"id":9682,"date":"2025-07-30T12:02:47","date_gmt":"2025-07-30T04:02:47","guid":{"rendered":"https:\/\/hisoair.com\/?page_id=9682"},"modified":"2026-03-30T16:24:07","modified_gmt":"2026-03-30T08:24:07","slug":"water-purifiers-manufacturer","status":"publish","type":"page","link":"https:\/\/hisoair.com\/es\/water-purifiers-manufacturer\/","title":{"rendered":"Water Purifiers Manufacturer"},"content":{"rendered":"","protected":false},"excerpt":{"rendered":"<p>Con m\u00e1s de 20 a\u00f1os de experiencia en la fabricaci\u00f3n de filtros, hemos resuelto innumerables dudas de nuestros clientes. Aqu\u00ed encontrar\u00e1 las respuestas a las preguntas m\u00e1s comunes para ayudarle a tomar una decisi\u00f3n informada.<\/p>","protected":false},"author":8,"featured_media":43104,"parent":0,"menu_order":0,"comment_status":"closed","ping_status":"closed","template":"","meta":{"_seopress_robots_primary_cat":"","_seopress_titles_title":"Water Purifiers Manufacturer with 20+ Years of Expertise","_seopress_titles_desc":"With 20+ years of expertise in water purifiers manufacturing, we've addressed numerous client concerns. Here are answers to the most common questions to help you decide.","_seopress_robots_index":"","footnotes":""},"class_list":["post-9682","page","type-page","status-publish","has-post-thumbnail","hentry"],"meta_box":{"faq_list":[{"faq_q":"Why are HISOAIR filters better than competitors?","faq_a":"HISOAIR filters utilize industry-leading filtration technology to ensure maximum filtration performance and long cartridge life. We currently have the latest technologies such as HIGH DUST-HOLDING, HEPA 14, Microbial Treatment Solutions and more. Our filters are also tested to CAGI standards and meet ISO 8573.1 air quality rating guidelines."},{"faq_q":"What brands of OEM air purifier filters can you make?","faq_a":"We can make air purifier filters honeywell,air purifier filters holmes,levoit air purifier filter,dyson air purifier filter,winix air purifier filter,germguardian air purifier filter,homedics air purifier filter,hunter air purifier filter,coway air purifier filter,philips air purifier filter etc. In a nutshell, we make a lof of  air purifier filter replacement."},{"faq_q":"Can you replace air cleaners filters if they are damaged during shipping?","faq_a":"It rarely happens such issue because we ensure that all our air filters are well-packaged before being shipped. But in case it does, please contact our collueages through e-mail and will take care of the issues for you.We will give you satisfactory solutions."},{"faq_q":"What am I supposed to do if my air filter order delays?","faq_a":"If your order is delayed for more than 7 days, email Compo customer service on the website to be assisted further. Kindly note that sometimes the orders may delay because of inevitable circumstances. Just be patient and we will investigate and let you know the real reasons."},{"faq_q":"How can i pay if i place replacement air purifier filter order?","faq_a":"We are flexible with the payment methods. You can pay through T\/T, L\/C, and D\/P. You can also pay small payments through Paypal, Moneygram, Western Union, or credit card."},{"faq_q":"Can I request third-party testing to verify that the filters meet specific industry standards?","faq_a":"Absolutely. We support third-party testing by accredited organizations to verify that our filters meet the specific requirements of your application, such as laboratory cleanliness (e.g., Class 10 or Class 100), agricultural air pollution control, or food production hygiene standards. Our products undergo rigorous testing in our in-house CNAS-certified lab, and we can provide additional testing reports and data as needed to give you complete confidence in their performance."},{"faq_q":"Can you do Customized pacakge for my air filter order?","faq_a":"We can do Customized package for your order. If you need color box with printing on the box, you can send us Artwork and we can print out the color box according to your file. We can also support to help you design the artwork for you if you do not have it."},{"faq_q":"Do your air filters meet the specific standards required for laboratories, agriculture, cleanrooms, and similar environments?","faq_a":"Yes, our HEPA and ULPA air filters fully comply with international standards such as ISO and EN1822, which are commonly required in laboratories, cleanrooms, and agricultural settings. These filters effectively capture 99.97% or more of airborne particles, including PM2.5, mold spores, and viruses. Additionally, we offer customizable solutions to meet higher cleanroom classifications or unique industry needs, ensuring optimal air quality in demanding environments."}],"related-pages_from":["53658","55084","54724","55073","54712","54701","54441","54430","54416","55094","53637","53004","52994","52971","44129","43517","43490","43502","55297","55307","55317","55586","55597","55609","55778","55788","55803","56768","56850","56869","56872","43124","56882","43323","43113","43138","43225","43237","43193","43204","43214","43247","43333","43343","43356","43366","43480","43468","35404","43095","33838","36306","36310","36322","36205","35958","35945","35829","35820","35407","35401","35410","35390","35397","35380","35374","33294","34338","35364"]},"_links":{"self":[{"href":"https:\/\/hisoair.com\/es\/wp-json\/wp\/v2\/pages\/9682","targetHints":{"allow":["GET"]}}],"collection":[{"href":"https:\/\/hisoair.com\/es\/wp-json\/wp\/v2\/pages"}],"about":[{"href":"https:\/\/hisoair.com\/es\/wp-json\/wp\/v2\/types\/page"}],"author":[{"embeddable":true,"href":"https:\/\/hisoair.com\/es\/wp-json\/wp\/v2\/users\/8"}],"replies":[{"embeddable":true,"href":"https:\/\/hisoair.com\/es\/wp-json\/wp\/v2\/comments?post=9682"}],"version-history":[{"count":0,"href":"https:\/\/hisoair.com\/es\/wp-json\/wp\/v2\/pages\/9682\/revisions"}],"wp:featuredmedia":[{"embeddable":true,"href":"https:\/\/hisoair.com\/es\/wp-json\/wp\/v2\/media\/43104"}],"wp:attachment":[{"href":"https:\/\/hisoair.com\/es\/wp-json\/wp\/v2\/media?parent=9682"}],"curies":[{"name":"wp","href":"https:\/\/api.w.org\/{rel}","templated":true}]}}