{"id":8778,"date":"2024-11-27T19:16:11","date_gmt":"2024-11-27T11:16:11","guid":{"rendered":"https:\/\/hisoair.com\/?post_type=product&#038;p=8778"},"modified":"2025-06-09T11:48:12","modified_gmt":"2025-06-09T03:48:12","slug":"air-monitor-hs001","status":"publish","type":"product","link":"https:\/\/hisoair.com\/es\/product\/air-monitor-hs001\/","title":{"rendered":"Monitor de aire HS001"},"content":{"rendered":"<p><strong>Eficiencia redefinida: Tecnolog\u00eda de bajo consumo de Air Monitor<\/strong><br>En HisoAir, damos prioridad a la sostenibilidad y a las soluciones rentables para la gesti\u00f3n de la calidad del aire. El dise\u00f1o vanguardista de Air Monitor incorpora componentes de bajo consumo y estrategias operativas inteligentes, lo que proporciona una mayor duraci\u00f3n de la bater\u00eda que minimiza los costes de mantenimiento.<\/p>\n\n\n\n<figure class=\"wp-block-image size-full\"><img loading=\"lazy\" decoding=\"async\" width=\"1000\" height=\"1000\" src=\"https:\/\/hisoair.com\/wp-content\/uploads\/2024\/11\/air-monitor-hm001-1.webp\" alt=\"monitor de aire hm001\" class=\"wp-image-8780\" srcset=\"https:\/\/hisoair.com\/wp-content\/uploads\/2024\/11\/air-monitor-hm001-1.webp 1000w, https:\/\/hisoair.com\/wp-content\/uploads\/2024\/11\/air-monitor-hm001-1-300x300.webp 300w, https:\/\/hisoair.com\/wp-content\/uploads\/2024\/11\/air-monitor-hm001-1-150x150.webp 150w, https:\/\/hisoair.com\/wp-content\/uploads\/2024\/11\/air-monitor-hm001-1-768x768.webp 768w, https:\/\/hisoair.com\/wp-content\/uploads\/2024\/11\/air-monitor-hm001-1-12x12.webp 12w\" sizes=\"auto, (max-width: 1000px) 100vw, 1000px\" \/><\/figure>\n\n\n\n<p><strong>Soluci\u00f3n inteligente de control de la calidad del aire interior<\/strong><br>Ad\u00e9ntrese en el futuro de la supervisi\u00f3n de la calidad del aire interior con el monitor de aire HisoAir. Este dispositivo inteligente no solo supervisa y controla la calidad del aire interior a la perfecci\u00f3n, sino que tambi\u00e9n le permite tomar medidas en tiempo real para mejorar la salud y el confort.<\/p>\n\n\n\n<figure class=\"wp-block-image size-full\"><img loading=\"lazy\" decoding=\"async\" width=\"1000\" height=\"1000\" src=\"https:\/\/hisoair.com\/wp-content\/uploads\/2024\/11\/air-monitor-hm001-1-1.webp\" alt=\"monitor de aire hm001 1\" class=\"wp-image-8781\" srcset=\"https:\/\/hisoair.com\/wp-content\/uploads\/2024\/11\/air-monitor-hm001-1-1.webp 1000w, https:\/\/hisoair.com\/wp-content\/uploads\/2024\/11\/air-monitor-hm001-1-1-300x300.webp 300w, https:\/\/hisoair.com\/wp-content\/uploads\/2024\/11\/air-monitor-hm001-1-1-150x150.webp 150w, https:\/\/hisoair.com\/wp-content\/uploads\/2024\/11\/air-monitor-hm001-1-1-768x768.webp 768w, https:\/\/hisoair.com\/wp-content\/uploads\/2024\/11\/air-monitor-hm001-1-1-12x12.webp 12w\" sizes=\"auto, (max-width: 1000px) 100vw, 1000px\" \/><\/figure>\n\n\n\n<p>HisoAir Air Monitor is built to maximize efficiency and sustainability. From its low-power microcontroller to the intelligently programmed sensor logic, every feature has been fine-tuned to reduce energy consumption. The innovative E-ink screen optimizes power usage, while the adaptive screen refresh system, driven by PIR and CO2 sensors, ensures display activation only when necessary. LoRaWAN\u2122 connectivity adds another layer of efficiency by minimizing energy consumption during data uploads.<\/p>\n\n\n\n<figure class=\"wp-block-image size-full\"><img loading=\"lazy\" decoding=\"async\" width=\"1000\" height=\"1000\" src=\"https:\/\/hisoair.com\/wp-content\/uploads\/2024\/11\/air-monitor-hm001-2.webp\" alt=\"monitor de aire hm001 2\" class=\"wp-image-8782\" srcset=\"https:\/\/hisoair.com\/wp-content\/uploads\/2024\/11\/air-monitor-hm001-2.webp 1000w, https:\/\/hisoair.com\/wp-content\/uploads\/2024\/11\/air-monitor-hm001-2-300x300.webp 300w, https:\/\/hisoair.com\/wp-content\/uploads\/2024\/11\/air-monitor-hm001-2-150x150.webp 150w, https:\/\/hisoair.com\/wp-content\/uploads\/2024\/11\/air-monitor-hm001-2-768x768.webp 768w, https:\/\/hisoair.com\/wp-content\/uploads\/2024\/11\/air-monitor-hm001-2-12x12.webp 12w\" sizes=\"auto, (max-width: 1000px) 100vw, 1000px\" \/><\/figure>\n\n\n\n<p>Ya sea para hogares, oficinas o escuelas, Air Monitor ofrece una soluci\u00f3n que optimiza la gesti\u00f3n de la calidad del aire interior con unos costes operativos m\u00ednimos. Con monitorizaci\u00f3n en tiempo real, modos operativos adaptables y dise\u00f1o energ\u00e9ticamente eficiente, Air Monitor representa la pr\u00f3xima generaci\u00f3n de soluciones inteligentes y sostenibles para la calidad del aire.<\/p>\n\n\n\n<figure class=\"wp-block-image size-full\"><img loading=\"lazy\" decoding=\"async\" width=\"1000\" height=\"1000\" src=\"https:\/\/hisoair.com\/wp-content\/uploads\/2024\/11\/air-monitor-hm001-3.webp\" alt=\"monitor de aire hm001 3\" class=\"wp-image-8783\" srcset=\"https:\/\/hisoair.com\/wp-content\/uploads\/2024\/11\/air-monitor-hm001-3.webp 1000w, https:\/\/hisoair.com\/wp-content\/uploads\/2024\/11\/air-monitor-hm001-3-300x300.webp 300w, https:\/\/hisoair.com\/wp-content\/uploads\/2024\/11\/air-monitor-hm001-3-150x150.webp 150w, https:\/\/hisoair.com\/wp-content\/uploads\/2024\/11\/air-monitor-hm001-3-768x768.webp 768w, https:\/\/hisoair.com\/wp-content\/uploads\/2024\/11\/air-monitor-hm001-3-12x12.webp 12w\" sizes=\"auto, (max-width: 1000px) 100vw, 1000px\" \/><\/figure>","protected":false},"featured_media":8779,"template":"","product-cat":[31,55],"class_list":["post-8778","product","type-product","status-publish","has-post-thumbnail","hentry","product-cat-air-monitor","product-cat-commercial-air-monitor"],"meta_box":{"product_short_intro":"<ul>\n<li><strong>Low-Power Sensors<\/strong>: Carefully selected sensors extend the device's operational lifespan while minimizing maintenance costs.<\/li>\n<li><strong>Smart Screen Refresh<\/strong>: Powered by PIR and CO2 sensors, the display activates only when needed, saving energy.<\/li>\n<li><strong>Energy-Efficient E-ink Screen<\/strong>: Reduces power usage while ensuring clear, real-time monitoring.<\/li>\n<li><strong>Adaptive Operation Modes<\/strong>: Tailored operational strategies for weekdays and rest days to optimize energy efficiency.<\/li>\n<li><strong>LoRaWAN Connectivity<\/strong>: Low-energy communication technology that significantly minimizes power consumption.<\/li>\n<\/ul>\n","hero_button_text":"Request a Quote","specifications_table":[{"attribute_name":"Voltage","attribute_value":"5V 1A"},{"attribute_name":"Charging","attribute_value":"Type-C"},{"attribute_name":"Screen","attribute_value":"4.2-inch Black & White E-Ink Screen","_state":"expanded"},{"attribute_name":"Sensor","attribute_value":"PM2.5, CO\u2082, TVOC, Barometric Pressure, Temperature, Humidity, Light, Passive infrared"},{"attribute_name":"Wireless Transmission Technology","attribute_value":"LoRaWAN\u2122","_state":"expanded"},{"attribute_name":"Wireless Frequency","attribute_value":"CN470\/RU864\/IN865\/EU868\/US 915\/AU915\/KR920\/AS923- 1&2&3&4","_state":"expanded"},{"attribute_name":"Replaceable Battery","attribute_value":"4 \u00d7 2700 mAh ER14505 Li- SOCL2","_state":"expanded"},{"attribute_name":"Battery Life (10 min interval)","attribute_value":"Around 1 Year","_state":"expanded"},{"attribute_name":"Dimension ","attribute_value":"84*100*20mm","_state":"expanded"},{"attribute_name":"Storage Temperature","attribute_value":"-20\u00b0C \u2013 60\u00b0C (E-Ink Screen: 0\u00b0C \u2013 40\u00b0C)","_state":"expanded"},{"attribute_name":"Relative Humidity","attribute_value":"10% \u2013 90% (non-condensing)","_state":"expanded"},{"attribute_name":"Installation","attribute_value":"3M Tape Mounting, Wall Screw Mountin","_state":"expanded"}],"specification_html_table":"","downloads":[{"file_name":"8 sensors in one Air Monitor - HS001","file_url_or_upload":"https:\/\/hisoair.com\/wp-content\/uploads\/2024\/11\/air-monitor-hs001.pdf"}],"related_posts":["8737","7610","5987","5896"],"related_downloads":["12112"],"product_gallery":[],"product_capability_to":[],"product_case_to":[],"product_factory_to":[],"product_application_to":[],"related-products_from":["38264"]},"_links":{"self":[{"href":"https:\/\/hisoair.com\/es\/wp-json\/wp\/v2\/product\/8778","targetHints":{"allow":["GET"]}}],"collection":[{"href":"https:\/\/hisoair.com\/es\/wp-json\/wp\/v2\/product"}],"about":[{"href":"https:\/\/hisoair.com\/es\/wp-json\/wp\/v2\/types\/product"}],"wp:featuredmedia":[{"embeddable":true,"href":"https:\/\/hisoair.com\/es\/wp-json\/wp\/v2\/media\/8779"}],"wp:attachment":[{"href":"https:\/\/hisoair.com\/es\/wp-json\/wp\/v2\/media?parent=8778"}],"wp:term":[{"taxonomy":"product-cat","embeddable":true,"href":"https:\/\/hisoair.com\/es\/wp-json\/wp\/v2\/product-cat?post=8778"}],"curies":[{"name":"wp","href":"https:\/\/api.w.org\/{rel}","templated":true}]}}