{"id":9500,"date":"2024-12-03T18:17:34","date_gmt":"2024-12-03T10:17:34","guid":{"rendered":"https:\/\/hisoair.com\/?post_type=product&#038;p=9500"},"modified":"2025-06-12T14:38:10","modified_gmt":"2025-06-12T06:38:10","slug":"purificador-de-aire-de-ventilacion-hv600","status":"publish","type":"product","link":"https:\/\/hisoair.com\/es\/product\/ventilation-air-purifier-hv600\/","title":{"rendered":"Purificador de aire por ventilaci\u00f3n HV600"},"content":{"rendered":"<h3 class=\"wp-block-heading\">Dise\u00f1o compacto y elegante<\/h3>\n\n\n\n<p>El HV600 est\u00e1 dise\u00f1ado para complementar cualquier estilo de hogar con su construcci\u00f3n minimalista y de montaje en pared. La instalaci\u00f3n es sencilla, por lo que se adapta a una amplia gama de espacios.<\/p>\n\n\n\n<figure class=\"wp-block-image size-full\"><img loading=\"lazy\" decoding=\"async\" width=\"1000\" height=\"1000\" src=\"https:\/\/hisoair.com\/wp-content\/uploads\/2024\/12\/ventilation-air-purifier-hv600-1.webp\" alt=\"purificador de aire de ventilaci\u00f3n hv600\" class=\"wp-image-9507\" srcset=\"https:\/\/hisoair.com\/wp-content\/uploads\/2024\/12\/ventilation-air-purifier-hv600-1.webp 1000w, https:\/\/hisoair.com\/wp-content\/uploads\/2024\/12\/ventilation-air-purifier-hv600-1-300x300.webp 300w, https:\/\/hisoair.com\/wp-content\/uploads\/2024\/12\/ventilation-air-purifier-hv600-1-150x150.webp 150w, https:\/\/hisoair.com\/wp-content\/uploads\/2024\/12\/ventilation-air-purifier-hv600-1-768x768.webp 768w, https:\/\/hisoair.com\/wp-content\/uploads\/2024\/12\/ventilation-air-purifier-hv600-1-12x12.webp 12w\" sizes=\"auto, (max-width: 1000px) 100vw, 1000px\" \/><\/figure>\n\n\n\n<h3 class=\"wp-block-heading\">Suministro eficaz de aire fresco<\/h3>\n\n\n\n<p>El HV600 mejora la calidad del aire interior con su <strong>Calefacci\u00f3n inteligente PTC<\/strong> y un sistema de ventilaci\u00f3n de gran volumen. Con una capacidad de <strong>210 m\u00b3\/h<\/strong>, introduce aire fresco del exterior, aumentando los niveles de ox\u00edgeno y manteniendo un equilibrio ideal de CO\u2082.<\/p>\n\n\n\n<figure class=\"wp-block-image size-full\"><img loading=\"lazy\" decoding=\"async\" width=\"1000\" height=\"1000\" src=\"https:\/\/hisoair.com\/wp-content\/uploads\/2024\/12\/ventilation-air-purifier-hv600-2.webp\" alt=\"purificador de aire de ventilaci\u00f3n hv600 (2)\" class=\"wp-image-9504\" srcset=\"https:\/\/hisoair.com\/wp-content\/uploads\/2024\/12\/ventilation-air-purifier-hv600-2.webp 1000w, https:\/\/hisoair.com\/wp-content\/uploads\/2024\/12\/ventilation-air-purifier-hv600-2-300x300.webp 300w, https:\/\/hisoair.com\/wp-content\/uploads\/2024\/12\/ventilation-air-purifier-hv600-2-150x150.webp 150w, https:\/\/hisoair.com\/wp-content\/uploads\/2024\/12\/ventilation-air-purifier-hv600-2-768x768.webp 768w, https:\/\/hisoair.com\/wp-content\/uploads\/2024\/12\/ventilation-air-purifier-hv600-2-12x12.webp 12w\" sizes=\"auto, (max-width: 1000px) 100vw, 1000px\" \/><\/figure>\n\n\n\n<h3 class=\"wp-block-heading\">Supervisi\u00f3n y control avanzados<\/h3>\n\n\n\n<p>Sensores de \u00faltima generaci\u00f3n, como <strong>sensores l\u00e1ser de part\u00edculas<\/strong>, <strong>Sensores infrarrojos de CO\u2082<\/strong>y <strong>Sensores de PM2,5<\/strong>controlan continuamente la calidad del aire. Estos sensores permiten a la HV600 ajustar el flujo de aire de forma din\u00e1mica y pueden integrarse con sistemas dom\u00e9sticos inteligentes para una mayor comodidad.<\/p>\n\n\n\n<figure class=\"wp-block-image size-full\"><img loading=\"lazy\" decoding=\"async\" width=\"1000\" height=\"1000\" src=\"https:\/\/hisoair.com\/wp-content\/uploads\/2024\/12\/ventilation-air-purifier-hv600-3.webp\" alt=\"purificador de aire de ventilaci\u00f3n hv600 (3)\" class=\"wp-image-9505\" srcset=\"https:\/\/hisoair.com\/wp-content\/uploads\/2024\/12\/ventilation-air-purifier-hv600-3.webp 1000w, https:\/\/hisoair.com\/wp-content\/uploads\/2024\/12\/ventilation-air-purifier-hv600-3-300x300.webp 300w, https:\/\/hisoair.com\/wp-content\/uploads\/2024\/12\/ventilation-air-purifier-hv600-3-150x150.webp 150w, https:\/\/hisoair.com\/wp-content\/uploads\/2024\/12\/ventilation-air-purifier-hv600-3-768x768.webp 768w, https:\/\/hisoair.com\/wp-content\/uploads\/2024\/12\/ventilation-air-purifier-hv600-3-12x12.webp 12w\" sizes=\"auto, (max-width: 1000px) 100vw, 1000px\" \/><\/figure>\n\n\n\n<h3 class=\"wp-block-heading\">Control excepcional del ruido<\/h3>\n\n\n\n<p>Equipado con <strong>Tecnolog\u00eda Decibel Cancellation\u2122<\/strong>La HV600 funciona a niveles muy silenciosos, reduciendo el ruido entre 5 y 10 dB en comparaci\u00f3n con los modelos convencionales. La p\u00e1gina <strong>dise\u00f1o \u00fanico del conducto de aire<\/strong> con m\u00faltiples ruedas de viento garantiza un potente rendimiento sin interrupciones.<\/p>\n\n\n\n<figure class=\"wp-block-image size-full\"><img loading=\"lazy\" decoding=\"async\" width=\"1000\" height=\"1000\" src=\"https:\/\/hisoair.com\/wp-content\/uploads\/2024\/12\/ventilation-air-purifier-hv600-4.webp\" alt=\"purificador de aire de ventilaci\u00f3n hv600 (4)\" class=\"wp-image-9506\" srcset=\"https:\/\/hisoair.com\/wp-content\/uploads\/2024\/12\/ventilation-air-purifier-hv600-4.webp 1000w, https:\/\/hisoair.com\/wp-content\/uploads\/2024\/12\/ventilation-air-purifier-hv600-4-300x300.webp 300w, https:\/\/hisoair.com\/wp-content\/uploads\/2024\/12\/ventilation-air-purifier-hv600-4-150x150.webp 150w, https:\/\/hisoair.com\/wp-content\/uploads\/2024\/12\/ventilation-air-purifier-hv600-4-768x768.webp 768w, https:\/\/hisoair.com\/wp-content\/uploads\/2024\/12\/ventilation-air-purifier-hv600-4-12x12.webp 12w\" sizes=\"auto, (max-width: 1000px) 100vw, 1000px\" \/><\/figure>\n\n\n\n<p>The HV600 Ventilation Air Purifier is a perfect blend of style, performance, and intelligent air quality management. Designed for modern homes, it delivers fresh outdoor air while maintaining quiet and energy-efficient operation.<\/p>\n\n\n\n<p><\/p>","protected":false},"featured_media":9503,"template":"","product-cat":[67,38],"class_list":["post-9500","product","type-product","status-publish","has-post-thumbnail","hentry","product-cat-ventilator-purifier","product-cat-wall-mounting-air-purifiers"],"meta_box":{"product_short_intro":"<p>\u25cf\u00a0<strong>Dual Circulation Purification<\/strong>: Offers two modes \u2013 fresh air mode and indoor purification mode, adapting easily to various use environments.<\/p>\n<p>\u25cf\u00a0<strong>Powerful Twin-Coaxial Turbo Fans<\/strong>: Equipped with twin-coaxial turbo fans that provide twice the power of standard fans for efficient air circulation with lower energy consumption and smaller size.<\/p>\n<p>\u25cf\u00a0<strong>Enhanced Indoor Air Quality<\/strong>: Uses UBP Pure technology to filter out harmful particles such as PM2.5, pollen, and allergens, ensuring healthier indoor air circulation.<\/p>\n<p>\u25cf\u00a0<strong>Condensation Prevention<\/strong>: Designed with anti-condensation technology to protect interiors from unintended water droplet damage.<\/p>\n<p><!-- notionvc: 4a0d6b71-fb69-4968-9d9a-f48d9964a1b8 --><\/p>\n","hero_button_text":"Request a Quote","specifications_table":[{"attribute_name":"Type","attribute_value":"Wall-mounted Type","_state":"expanded"},{"attribute_name":"Max Air Volume (PM2.5 CADR)","attribute_value":"600m\u00b3\/h"},{"attribute_name":"Fresh Air Volume","attribute_value":"210m\u00b3\/h"},{"attribute_name":"Max Application Area","attribute_value":"40-70m\u00b2"},{"attribute_name":"Noise","attribute_value":"37-60.5dB"},{"attribute_name":"Filters","attribute_value":"HEPA Filter + Aldehyde Removal Filter"},{"attribute_name":"Shell Material","attribute_value":"Metal and Fabric"},{"attribute_name":"Voltage","attribute_value":"220V\/50Hz"},{"attribute_name":"Input Power","attribute_value":"55W"},{"attribute_name":"Heating Power","attribute_value":"780W"},{"attribute_name":"Machine Size","attribute_value":"470*800*232mm"},{"attribute_name":"Net Weight","attribute_value":"25Kg"},{"attribute_name":"Optional","attribute_value":"lOT Connection"}],"specification_html_table":"","downloads":[{"file_name":"ventilation-air-purifier-hv600","file_url_or_upload":"https:\/\/hisoair.com\/wp-content\/uploads\/2024\/12\/ventilation-air-purifier-hv600-1.pdf"}],"related_posts":["11494","7603","7309","8815"],"related_downloads":[],"product_gallery":[],"product_capability_to":[],"product_case_to":[],"product_factory_to":[],"product_application_to":[],"related-products_from":["37925","37939","36226","26349","38047"]},"_links":{"self":[{"href":"https:\/\/hisoair.com\/es\/wp-json\/wp\/v2\/product\/9500","targetHints":{"allow":["GET"]}}],"collection":[{"href":"https:\/\/hisoair.com\/es\/wp-json\/wp\/v2\/product"}],"about":[{"href":"https:\/\/hisoair.com\/es\/wp-json\/wp\/v2\/types\/product"}],"wp:featuredmedia":[{"embeddable":true,"href":"https:\/\/hisoair.com\/es\/wp-json\/wp\/v2\/media\/9503"}],"wp:attachment":[{"href":"https:\/\/hisoair.com\/es\/wp-json\/wp\/v2\/media?parent=9500"}],"wp:term":[{"taxonomy":"product-cat","embeddable":true,"href":"https:\/\/hisoair.com\/es\/wp-json\/wp\/v2\/product-cat?post=9500"}],"curies":[{"name":"wp","href":"https:\/\/api.w.org\/{rel}","templated":true}]}}