{"id":12376,"date":"2024-12-31T22:12:12","date_gmt":"2024-12-31T14:12:12","guid":{"rendered":"https:\/\/hisoair.com\/?post_type=product&#038;p=12376"},"modified":"2025-06-12T14:23:54","modified_gmt":"2025-06-12T06:23:54","slug":"purificateur-dair-de-ventilation-hv-100","status":"publish","type":"product","link":"https:\/\/hisoair.com\/fr\/product\/ventilation-air-purifier-hv-100\/","title":{"rendered":"Purificateur d'air de ventilation HV 100"},"content":{"rendered":"<p>Les <strong>Purificateur d'air de ventilation HV100<\/strong> combine des technologies avanc\u00e9es de purification, de ventilation et de chauffage dans un design compact et facile \u00e0 installer, ce qui en fait la solution id\u00e9ale pour un air propre et frais tout au long de l'ann\u00e9e.<\/p>\n\n\n\n<h3 class=\"wp-block-heading\">Technologie de ventilation et d'\u00e9puration<\/h3>\n\n\n\n<p>Le HV100 combine une ventilation avanc\u00e9e et une purification, rempla\u00e7ant l'air int\u00e9rieur pollu\u00e9 par de l'air frais riche en oxyg\u00e8ne. Il r\u00e9duit les particules fines comme les PM2,5, la fum\u00e9e et le pollen tout en maintenant une circulation int\u00e9rieure propre.<\/p>\n\n\n\n<figure class=\"wp-block-image size-large\"><img loading=\"lazy\" decoding=\"async\" width=\"1024\" height=\"768\" src=\"https:\/\/hisoair.com\/wp-content\/uploads\/2024\/12\/ventilator-purifier-hv100-1024x768.webp\" alt=\"purificateur d&#039;air de ventilation hv 100\" class=\"wp-image-12381\" srcset=\"https:\/\/hisoair.com\/wp-content\/uploads\/2024\/12\/ventilator-purifier-hv100-1024x768.webp 1024w, https:\/\/hisoair.com\/wp-content\/uploads\/2024\/12\/ventilator-purifier-hv100-300x225.webp 300w, https:\/\/hisoair.com\/wp-content\/uploads\/2024\/12\/ventilator-purifier-hv100-768x576.webp 768w, https:\/\/hisoair.com\/wp-content\/uploads\/2024\/12\/ventilator-purifier-hv100-1536x1152.webp 1536w, https:\/\/hisoair.com\/wp-content\/uploads\/2024\/12\/ventilator-purifier-hv100-2048x1536.webp 2048w, https:\/\/hisoair.com\/wp-content\/uploads\/2024\/12\/ventilator-purifier-hv100-16x12.webp 16w\" sizes=\"auto, (max-width: 1024px) 100vw, 1024px\" \/><\/figure>\n\n\n\n<h3 class=\"wp-block-heading\">Technologie de la pression positive<\/h3>\n\n\n\n<p>L'air frais achemin\u00e9 \u00e0 l'int\u00e9rieur cr\u00e9e une pression int\u00e9rieure l\u00e9g\u00e8rement sup\u00e9rieure \u00e0 celle de l'ext\u00e9rieur. Cette pression positive garantit que les polluants restent \u00e0 l'ext\u00e9rieur en for\u00e7ant l'air \u00e0 s'\u00e9couler vers l'ext\u00e9rieur par les portes et les fen\u00eatres, am\u00e9liorant ainsi la qualit\u00e9 globale de l'air int\u00e9rieur.<\/p>\n\n\n\n<figure class=\"wp-block-image size-full is-resized\"><img loading=\"lazy\" decoding=\"async\" width=\"733\" height=\"800\" src=\"https:\/\/hisoair.com\/wp-content\/uploads\/2024\/12\/ventilator-purifier-hv100-1.webp\" alt=\"purificateur d&#039;air de ventilation hv 100\" class=\"wp-image-12382\" style=\"width:840px;height:auto\" srcset=\"https:\/\/hisoair.com\/wp-content\/uploads\/2024\/12\/ventilator-purifier-hv100-1.webp 733w, https:\/\/hisoair.com\/wp-content\/uploads\/2024\/12\/ventilator-purifier-hv100-1-275x300.webp 275w, https:\/\/hisoair.com\/wp-content\/uploads\/2024\/12\/ventilator-purifier-hv100-1-11x12.webp 11w\" sizes=\"auto, (max-width: 733px) 100vw, 733px\" \/><\/figure>\n\n\n\n<h3 class=\"wp-block-heading\">Le chauffage CTP pour un confort saisonnier<\/h3>\n\n\n\n<p>Le syst\u00e8me int\u00e9gr\u00e9 <strong>Syst\u00e8me de chauffage PTC<\/strong> garantit que l'air entrant est pr\u00e9chauff\u00e9 pendant les saisons froides, r\u00e9duisant ainsi les diff\u00e9rences de temp\u00e9rature et cr\u00e9ant un environnement douillet et \u00e9conome en \u00e9nergie.<\/p>\n\n\n\n<figure class=\"wp-block-image size-full is-resized\"><img loading=\"lazy\" decoding=\"async\" width=\"800\" height=\"800\" src=\"https:\/\/hisoair.com\/wp-content\/uploads\/2024\/12\/ventilator-purifier-hv100-2.webp\" alt=\"purificateur d&#039;air de ventilation hv 100\" class=\"wp-image-12383\" style=\"width:840px;height:auto\" srcset=\"https:\/\/hisoair.com\/wp-content\/uploads\/2024\/12\/ventilator-purifier-hv100-2.webp 800w, https:\/\/hisoair.com\/wp-content\/uploads\/2024\/12\/ventilator-purifier-hv100-2-300x300.webp 300w, https:\/\/hisoair.com\/wp-content\/uploads\/2024\/12\/ventilator-purifier-hv100-2-150x150.webp 150w, https:\/\/hisoair.com\/wp-content\/uploads\/2024\/12\/ventilator-purifier-hv100-2-768x768.webp 768w, https:\/\/hisoair.com\/wp-content\/uploads\/2024\/12\/ventilator-purifier-hv100-2-12x12.webp 12w\" sizes=\"auto, (max-width: 800px) 100vw, 800px\" \/><\/figure>\n\n\n\n<h3 class=\"wp-block-heading\">Installation conviviale<\/h3>\n\n\n\n<p>Le HV100 est con\u00e7u pour une installation murale rapide et facile sans n\u00e9cessiter de gaines complexes, ce qui en fait un choix accessible et sans probl\u00e8me pour les foyers et les lieux de travail.<\/p>\n\n\n\n<figure class=\"wp-block-image size-full\"><img loading=\"lazy\" decoding=\"async\" width=\"800\" height=\"800\" src=\"https:\/\/hisoair.com\/wp-content\/uploads\/2024\/12\/ventilator-purifier-hv100-3.webp\" alt=\"purificateur d&#039;air de ventilation hv 100\" class=\"wp-image-12384\" srcset=\"https:\/\/hisoair.com\/wp-content\/uploads\/2024\/12\/ventilator-purifier-hv100-3.webp 800w, https:\/\/hisoair.com\/wp-content\/uploads\/2024\/12\/ventilator-purifier-hv100-3-300x300.webp 300w, https:\/\/hisoair.com\/wp-content\/uploads\/2024\/12\/ventilator-purifier-hv100-3-150x150.webp 150w, https:\/\/hisoair.com\/wp-content\/uploads\/2024\/12\/ventilator-purifier-hv100-3-768x768.webp 768w, https:\/\/hisoair.com\/wp-content\/uploads\/2024\/12\/ventilator-purifier-hv100-3-12x12.webp 12w\" sizes=\"auto, (max-width: 800px) 100vw, 800px\" \/><\/figure>","protected":false},"featured_media":12379,"template":"","product-cat":[30,67],"class_list":["post-12376","product","type-product","status-publish","has-post-thumbnail","hentry","product-cat-air-purifiers","product-cat-ventilator-purifier"],"meta_box":{"product_short_intro":"<ul>\n<li><strong>Purify and Refresh the Air<\/strong>: The HV100 ventilation air purifier draws in outdoor air, utilizing plasma field and high-efficiency filtration to remove 99% of PM2.5 and other pollutants while retaining essential gases like oxygen.<\/li>\n<li><strong>Positive Pressure Ventilation<\/strong>: Continuously supplies fresh air indoors, creating a slight positive pressure to prevent dirty air, dust, and pollutants from entering.<\/li>\n<li><strong>Intelligent Temperature Compensation<\/strong>: Features a PTC heating module to preheat cold incoming air, maintaining a comfortable indoor temperature even in winter.<\/li>\n<li><strong>Compact Design with Easy Installation<\/strong>: Wall-mounted and requires no complex ductwork, the HV100 can be installed in just six steps, making it a user-friendly solution for residential and office spaces.<\/li>\n<\/ul>\n","hero_button_text":"Request a Quote","specifications_table":[{"attribute_name":"Total Air Volume","attribute_value":"200m\u00b3\/h ","_state":"expanded"},{"attribute_name":"Fresh Air Volume ","attribute_value":"53m\u00b3\/h ","_state":"expanded"},{"attribute_name":"Applicable Area ","attribute_value":"10 - 25m\u00b2 ","_state":"expanded"},{"attribute_name":"Noise Levels ","attribute_value":"37 - 53dB(A) ","_state":"expanded"},{"attribute_name":"Filter Type ","attribute_value":"HEPA Filter ","_state":"expanded"},{"attribute_name":"CADR ","attribute_value":"180m\u00b3\/h ","_state":"expanded"},{"attribute_name":"Power ","attribute_value":"17W ","_state":"expanded"},{"attribute_name":"Product Dimensions","attribute_value":"550 x 350 x 200mm","_state":"expanded"},{"attribute_name":"Net Weight","attribute_value":"8.5kg","_state":"expanded"},{"attribute_name":"Installation","attribute_value":"Wall - mounted","_state":"expanded"}],"specification_html_table":"","downloads":[{"file_name":"HV-100","file_url_or_upload":"https:\/\/hisoair.com\/wp-content\/uploads\/2024\/12\/hv-100.pdf"}],"related_posts":[],"related_downloads":[],"product_gallery":[{"width":150,"height":150,"file":"2024\/12\/ventilator-purifier-hv100-scaled.webp","filesize":116478,"sizes":{"medium":{"file":"ventilator-purifier-hv100-300x225.webp","width":300,"height":225,"mime-type":"image\/webp","filesize":5940,"url":"https:\/\/hisoair.com\/wp-content\/uploads\/2024\/12\/ventilator-purifier-hv100-300x225.webp"},"large":{"file":"ventilator-purifier-hv100-1024x768.webp","width":1024,"height":768,"mime-type":"image\/webp","filesize":32052,"url":"https:\/\/hisoair.com\/wp-content\/uploads\/2024\/12\/ventilator-purifier-hv100-1024x768.webp"},"thumbnail":{"file":"ventilator-purifier-hv100-150x150.webp","width":150,"height":150,"mime-type":"image\/webp","filesize":2668,"url":"https:\/\/hisoair.com\/wp-content\/uploads\/2024\/12\/ventilator-purifier-hv100-150x150.webp"},"medium_large":{"file":"ventilator-purifier-hv100-768x576.webp","width":768,"height":576,"mime-type":"image\/webp","filesize":21362,"url":"https:\/\/hisoair.com\/wp-content\/uploads\/2024\/12\/ventilator-purifier-hv100-768x576.webp"},"1536x1536":{"file":"ventilator-purifier-hv100-1536x1152.webp","width":1536,"height":1152,"mime-type":"image\/webp","filesize":56500,"url":"https:\/\/hisoair.com\/wp-content\/uploads\/2024\/12\/ventilator-purifier-hv100-1536x1152.webp"},"2048x2048":{"file":"ventilator-purifier-hv100-2048x1536.webp","width":2048,"height":1536,"mime-type":"image\/webp","filesize":85318,"url":"https:\/\/hisoair.com\/wp-content\/uploads\/2024\/12\/ventilator-purifier-hv100-2048x1536.webp"},"trp-custom-language-flag":{"file":"ventilator-purifier-hv100-16x12.webp","width":16,"height":12,"mime-type":"image\/webp","filesize":154,"url":"https:\/\/hisoair.com\/wp-content\/uploads\/2024\/12\/ventilator-purifier-hv100-16x12.webp"}},"image_meta":{"aperture":"0","credit":"","camera":"","caption":"","created_timestamp":"0","copyright":"","focal_length":"0","iso":"0","shutter_speed":"0","title":"","orientation":"0","keywords":[]},"original_image":"ventilator-purifier-hv100.webp","ID":"12381","name":"ventilator-purifier-hv100-scaled.webp","path":"\/nas\/content\/live\/hisoair\/wp-content\/uploads\/2024\/12\/ventilator-purifier-hv100-scaled.webp","url":"https:\/\/hisoair.com\/wp-content\/uploads\/2024\/12\/ventilator-purifier-hv100-150x150.webp","full_url":"https:\/\/hisoair.com\/wp-content\/uploads\/2024\/12\/ventilator-purifier-hv100-scaled.webp","title":"purificateur d'air de ventilation hv 100","caption":"","description":"","alt":"ventilation air purifier hv 100","srcset":false}],"product_capability_to":[],"product_case_to":[],"product_factory_to":[],"product_application_to":[],"related-products_from":[]},"_links":{"self":[{"href":"https:\/\/hisoair.com\/fr\/wp-json\/wp\/v2\/product\/12376","targetHints":{"allow":["GET"]}}],"collection":[{"href":"https:\/\/hisoair.com\/fr\/wp-json\/wp\/v2\/product"}],"about":[{"href":"https:\/\/hisoair.com\/fr\/wp-json\/wp\/v2\/types\/product"}],"wp:featuredmedia":[{"embeddable":true,"href":"https:\/\/hisoair.com\/fr\/wp-json\/wp\/v2\/media\/12379"}],"wp:attachment":[{"href":"https:\/\/hisoair.com\/fr\/wp-json\/wp\/v2\/media?parent=12376"}],"wp:term":[{"taxonomy":"product-cat","embeddable":true,"href":"https:\/\/hisoair.com\/fr\/wp-json\/wp\/v2\/product-cat?post=12376"}],"curies":[{"name":"wp","href":"https:\/\/api.w.org\/{rel}","templated":true}]}}