{"id":12397,"date":"2024-12-31T22:52:15","date_gmt":"2024-12-31T14:52:15","guid":{"rendered":"https:\/\/hisoair.com\/?post_type=product&#038;p=12397"},"modified":"2024-12-31T22:52:18","modified_gmt":"2024-12-31T14:52:18","slug":"systeme-de-recuperation-denergie-s280","status":"publish","type":"product","link":"https:\/\/hisoair.com\/fr\/product\/energy-recovery-system-s280\/","title":{"rendered":"Syst\u00e8me de r\u00e9cup\u00e9ration d'\u00e9nergie S280"},"content":{"rendered":"<h3 class=\"wp-block-heading\"><strong>R\u00e9cup\u00e9ration efficace de l'\u00e9nergie<\/strong><\/h3>\n\n\n\n<p>Le HV S280 s'appuie sur un \u00e9changeur de chaleur \u00e0 haut rendement pour r\u00e9cup\u00e9rer jusqu'\u00e0 <strong>85% de l'\u00e9nergie thermique<\/strong> \u00e0 partir de l'air \u00e9vacu\u00e9, ce qui r\u00e9duit consid\u00e9rablement les besoins en chauffage et en refroidissement tout en am\u00e9liorant l'efficacit\u00e9 \u00e9nerg\u00e9tique.<\/p>\n\n\n\n<h3 class=\"wp-block-heading\"><strong>Filtration de l'air sup\u00e9rieure<\/strong><\/h3>\n\n\n\n<p>Avec un <strong>double syst\u00e8me de filtration<\/strong> qui comprend un pr\u00e9-filtre et un filtre HEPA, le HV S280 \u00e9limine efficacement les polluants en suspension dans l'air, garantissant un apport constant d'air frais et propre \u00e0 l'int\u00e9rieur.<\/p>\n\n\n\n<h3 class=\"wp-block-heading\"><strong>Flux d'air silencieux et stable<\/strong><\/h3>\n\n\n\n<p>Les ventilateurs centrifuges doubles sont con\u00e7us pour fournir un flux d'air constant tout en maintenant la qualit\u00e9 de l'air. <strong>faibles niveaux de bruit<\/strong>L'utilisation d'un syst\u00e8me d'alarme permet de cr\u00e9er un environnement confortable et exempt de bruits perturbateurs.<\/p>\n\n\n\n<h3 class=\"wp-block-heading\"><strong>Options d'installation polyvalentes<\/strong><\/h3>\n\n\n\n<p>Con\u00e7u pour \u00eatre flexible, le HV S280 peut \u00eatre install\u00e9 dans diff\u00e9rentes configurations, telles que <strong>installations murales ou au plafond<\/strong>pour r\u00e9pondre aux diff\u00e9rentes configurations des b\u00e2timents et aux exigences en mati\u00e8re d'espace.<\/p>\n\n\n\n<h3 class=\"wp-block-heading\"><strong>Interface de contr\u00f4le intelligente<\/strong><\/h3>\n\n\n\n<p>Le panneau de commande intuitif permet aux utilisateurs de <strong>r\u00e9gler facilement le d\u00e9bit d'air<\/strong> et surveiller la qualit\u00e9 de l'air int\u00e9rieur et ext\u00e9rieur, garantissant ainsi une gestion optimale de la ventilation en fonction des besoins sp\u00e9cifiques.<\/p>\n\n\n\n<p>Les <strong>Ventilateur \u00e0 r\u00e9cup\u00e9ration d'\u00e9nergie (VRE) HV S280<\/strong> est une solution haut de gamme pour am\u00e9liorer la qualit\u00e9 de l'air int\u00e9rieur et l'efficacit\u00e9 \u00e9nerg\u00e9tique, ce qui en fait une solution id\u00e9ale pour les applications r\u00e9sidentielles et commerciales. Avec une filtration avanc\u00e9e, un fonctionnement silencieux et une installation polyvalente, le HV S280 garantit des environnements propres, confortables et \u00e9conomes en \u00e9nergie.<\/p>","protected":false},"featured_media":12411,"template":"","product-cat":[30,68],"class_list":["post-12397","product","type-product","status-publish","has-post-thumbnail","hentry","product-cat-air-purifiers","product-cat-energy-recovery-system"],"meta_box":{"product_short_intro":"<ul>\n<li><strong>Advanced Energy Recovery<\/strong>: Achieves up to 85% heat recovery efficiency, minimizing energy loss.<\/li>\n<li><strong>Dual Filtration System<\/strong>: Combines pre-filter and HEPA filtration for superior air purification.<\/li>\n<li><strong>Quiet and Powerful Operation<\/strong>: Equipped with dual centrifugal fans for stable airflow with low noise levels.<\/li>\n<li><strong>Flexible Installation<\/strong>: Designed for versatile setups, including wall-mounted or ceiling options.<\/li>\n<li><strong>Smart Control Panel<\/strong>: User-friendly interface for adjusting airflow modes and monitoring indoor\/outdoor air quality.<\/li>\n<\/ul>\n<p><!-- notionvc: 7f4c10bc-4270-4a37-8348-196f821ab341 --><\/p>\n","hero_button_text":"Request a Quote","specifications_table":[{"attribute_name":"Power Supply","attribute_value":"220V \/ 50Hz","_state":"expanded"},{"attribute_name":"Total Air Volume","attribute_value":"280m\u00b3\/h","_state":"expanded"},{"attribute_name":"Fresh Air Volume","attribute_value":"250m\u00b3\/h","_state":"expanded"},{"attribute_name":"Noise Level","attribute_value":"33\u201360dB(A)","_state":"expanded"},{"attribute_name":"Filtration System","attribute_value":"Pre-filter + HEPA filter","_state":"expanded"},{"attribute_name":"Heat Recovery Efficiency","attribute_value":"Up to 85%","_state":"expanded"},{"attribute_name":"Applicable Area","attribute_value":"90\u2013130m\u00b2","_state":"expanded"},{"attribute_name":"Dimensions","attribute_value":"900 \u00d7 650 \u00d7 270mm","_state":"expanded"},{"attribute_name":"Weight","attribute_value":"38kg","_state":"expanded"},{"attribute_name":"Operating Conditions","attribute_value":"-15\u00b0C to 50\u00b0C; \u226480% RH","_state":"expanded"}],"specification_html_table":"","downloads":[],"related_posts":[],"related_downloads":[],"product_gallery":[{"width":150,"height":150,"file":"2024\/12\/energy-recovery-system-hv-s280-1.webp","filesize":3044,"sizes":{"medium":{"file":"energy-recovery-system-hv-s280-1-300x300.webp","width":300,"height":300,"mime-type":"image\/webp","filesize":1290,"url":"https:\/\/hisoair.com\/wp-content\/uploads\/2024\/12\/energy-recovery-system-hv-s280-1-300x300.webp"},"thumbnail":{"file":"energy-recovery-system-hv-s280-1-150x150.webp","width":150,"height":150,"mime-type":"image\/webp","filesize":670,"url":"https:\/\/hisoair.com\/wp-content\/uploads\/2024\/12\/energy-recovery-system-hv-s280-1-150x150.webp"},"medium_large":{"file":"energy-recovery-system-hv-s280-1-768x768.webp","width":768,"height":768,"mime-type":"image\/webp","filesize":3656,"url":"https:\/\/hisoair.com\/wp-content\/uploads\/2024\/12\/energy-recovery-system-hv-s280-1-768x768.webp"},"trp-custom-language-flag":{"file":"energy-recovery-system-hv-s280-1-12x12.webp","width":12,"height":12,"mime-type":"image\/webp","filesize":92,"url":"https:\/\/hisoair.com\/wp-content\/uploads\/2024\/12\/energy-recovery-system-hv-s280-1-12x12.webp"}},"image_meta":{"aperture":"0","credit":"","camera":"","caption":"","created_timestamp":"0","copyright":"","focal_length":"0","iso":"0","shutter_speed":"0","title":"","orientation":"0","keywords":[]},"ID":"12412","name":"energy-recovery-system-hv-s280-1.webp","path":"\/nas\/content\/live\/hisoair\/wp-content\/uploads\/2024\/12\/energy-recovery-system-hv-s280-1.webp","url":"https:\/\/hisoair.com\/wp-content\/uploads\/2024\/12\/energy-recovery-system-hv-s280-1-150x150.webp","full_url":"https:\/\/hisoair.com\/wp-content\/uploads\/2024\/12\/energy-recovery-system-hv-s280-1.webp","title":"syst\u00e8me de r\u00e9cup\u00e9ration d'\u00e9nergie s280","caption":"","description":"","alt":"energy recovery system s280","srcset":"https:\/\/hisoair.com\/wp-content\/uploads\/2024\/12\/energy-recovery-system-hv-s280-1-150x150.webp 150w, https:\/\/hisoair.com\/wp-content\/uploads\/2024\/12\/energy-recovery-system-hv-s280-1-300x300.webp 300w, https:\/\/hisoair.com\/wp-content\/uploads\/2024\/12\/energy-recovery-system-hv-s280-1-768x768.webp 768w, https:\/\/hisoair.com\/wp-content\/uploads\/2024\/12\/energy-recovery-system-hv-s280-1-12x12.webp 12w, https:\/\/hisoair.com\/wp-content\/uploads\/2024\/12\/energy-recovery-system-hv-s280-1.webp 800w"},{"width":150,"height":150,"file":"2024\/12\/energy-recovery-system-hv-s280-2.webp","filesize":7056,"sizes":{"medium":{"file":"energy-recovery-system-hv-s280-2-300x300.webp","width":300,"height":300,"mime-type":"image\/webp","filesize":2468,"url":"https:\/\/hisoair.com\/wp-content\/uploads\/2024\/12\/energy-recovery-system-hv-s280-2-300x300.webp"},"thumbnail":{"file":"energy-recovery-system-hv-s280-2-150x150.webp","width":150,"height":150,"mime-type":"image\/webp","filesize":1134,"url":"https:\/\/hisoair.com\/wp-content\/uploads\/2024\/12\/energy-recovery-system-hv-s280-2-150x150.webp"},"medium_large":{"file":"energy-recovery-system-hv-s280-2-768x768.webp","width":768,"height":768,"mime-type":"image\/webp","filesize":8034,"url":"https:\/\/hisoair.com\/wp-content\/uploads\/2024\/12\/energy-recovery-system-hv-s280-2-768x768.webp"},"trp-custom-language-flag":{"file":"energy-recovery-system-hv-s280-2-12x12.webp","width":12,"height":12,"mime-type":"image\/webp","filesize":116,"url":"https:\/\/hisoair.com\/wp-content\/uploads\/2024\/12\/energy-recovery-system-hv-s280-2-12x12.webp"}},"image_meta":{"aperture":"0","credit":"","camera":"","caption":"","created_timestamp":"0","copyright":"","focal_length":"0","iso":"0","shutter_speed":"0","title":"","orientation":"0","keywords":[]},"ID":"12413","name":"energy-recovery-system-hv-s280-2.webp","path":"\/nas\/content\/live\/hisoair\/wp-content\/uploads\/2024\/12\/energy-recovery-system-hv-s280-2.webp","url":"https:\/\/hisoair.com\/wp-content\/uploads\/2024\/12\/energy-recovery-system-hv-s280-2-150x150.webp","full_url":"https:\/\/hisoair.com\/wp-content\/uploads\/2024\/12\/energy-recovery-system-hv-s280-2.webp","title":"syst\u00e8me de r\u00e9cup\u00e9ration d'\u00e9nergie s280","caption":"","description":"","alt":"energy recovery system s280","srcset":"https:\/\/hisoair.com\/wp-content\/uploads\/2024\/12\/energy-recovery-system-hv-s280-2-150x150.webp 150w, https:\/\/hisoair.com\/wp-content\/uploads\/2024\/12\/energy-recovery-system-hv-s280-2-300x300.webp 300w, https:\/\/hisoair.com\/wp-content\/uploads\/2024\/12\/energy-recovery-system-hv-s280-2-768x768.webp 768w, https:\/\/hisoair.com\/wp-content\/uploads\/2024\/12\/energy-recovery-system-hv-s280-2-12x12.webp 12w, https:\/\/hisoair.com\/wp-content\/uploads\/2024\/12\/energy-recovery-system-hv-s280-2.webp 800w"},{"width":150,"height":150,"file":"2024\/12\/energy-recovery-system-hv-s280-1-1.webp","filesize":42750,"sizes":{"medium":{"file":"energy-recovery-system-hv-s280-1-1-300x300.webp","width":300,"height":300,"mime-type":"image\/webp","filesize":9090,"url":"https:\/\/hisoair.com\/wp-content\/uploads\/2024\/12\/energy-recovery-system-hv-s280-1-1-300x300.webp"},"thumbnail":{"file":"energy-recovery-system-hv-s280-1-1-150x150.webp","width":150,"height":150,"mime-type":"image\/webp","filesize":3026,"url":"https:\/\/hisoair.com\/wp-content\/uploads\/2024\/12\/energy-recovery-system-hv-s280-1-1-150x150.webp"},"medium_large":{"file":"energy-recovery-system-hv-s280-1-1-768x768.webp","width":768,"height":768,"mime-type":"image\/webp","filesize":50064,"url":"https:\/\/hisoair.com\/wp-content\/uploads\/2024\/12\/energy-recovery-system-hv-s280-1-1-768x768.webp"},"trp-custom-language-flag":{"file":"energy-recovery-system-hv-s280-1-1-12x12.webp","width":12,"height":12,"mime-type":"image\/webp","filesize":130,"url":"https:\/\/hisoair.com\/wp-content\/uploads\/2024\/12\/energy-recovery-system-hv-s280-1-1-12x12.webp"}},"image_meta":{"aperture":"0","credit":"","camera":"","caption":"","created_timestamp":"0","copyright":"","focal_length":"0","iso":"0","shutter_speed":"0","title":"","orientation":"0","keywords":[]},"ID":"12414","name":"energy-recovery-system-hv-s280-1-1.webp","path":"\/nas\/content\/live\/hisoair\/wp-content\/uploads\/2024\/12\/energy-recovery-system-hv-s280-1-1.webp","url":"https:\/\/hisoair.com\/wp-content\/uploads\/2024\/12\/energy-recovery-system-hv-s280-1-1-150x150.webp","full_url":"https:\/\/hisoair.com\/wp-content\/uploads\/2024\/12\/energy-recovery-system-hv-s280-1-1.webp","title":"syst\u00e8me de r\u00e9cup\u00e9ration d'\u00e9nergie s280","caption":"","description":"","alt":"energy recovery system s280","srcset":"https:\/\/hisoair.com\/wp-content\/uploads\/2024\/12\/energy-recovery-system-hv-s280-1-1-150x150.webp 150w, https:\/\/hisoair.com\/wp-content\/uploads\/2024\/12\/energy-recovery-system-hv-s280-1-1-300x300.webp 300w, https:\/\/hisoair.com\/wp-content\/uploads\/2024\/12\/energy-recovery-system-hv-s280-1-1-768x768.webp 768w, https:\/\/hisoair.com\/wp-content\/uploads\/2024\/12\/energy-recovery-system-hv-s280-1-1-12x12.webp 12w, https:\/\/hisoair.com\/wp-content\/uploads\/2024\/12\/energy-recovery-system-hv-s280-1-1.webp 800w"},{"width":150,"height":150,"file":"2024\/12\/energy-recovery-system-hv-s280-2-1.webp","filesize":20154,"sizes":{"medium":{"file":"energy-recovery-system-hv-s280-2-1-300x300.webp","width":300,"height":300,"mime-type":"image\/webp","filesize":7596,"url":"https:\/\/hisoair.com\/wp-content\/uploads\/2024\/12\/energy-recovery-system-hv-s280-2-1-300x300.webp"},"thumbnail":{"file":"energy-recovery-system-hv-s280-2-1-150x150.webp","width":150,"height":150,"mime-type":"image\/webp","filesize":2674,"url":"https:\/\/hisoair.com\/wp-content\/uploads\/2024\/12\/energy-recovery-system-hv-s280-2-1-150x150.webp"},"medium_large":{"file":"energy-recovery-system-hv-s280-2-1-768x768.webp","width":768,"height":768,"mime-type":"image\/webp","filesize":24942,"url":"https:\/\/hisoair.com\/wp-content\/uploads\/2024\/12\/energy-recovery-system-hv-s280-2-1-768x768.webp"},"trp-custom-language-flag":{"file":"energy-recovery-system-hv-s280-2-1-12x12.webp","width":12,"height":12,"mime-type":"image\/webp","filesize":86,"url":"https:\/\/hisoair.com\/wp-content\/uploads\/2024\/12\/energy-recovery-system-hv-s280-2-1-12x12.webp"}},"image_meta":{"aperture":"0","credit":"","camera":"","caption":"","created_timestamp":"0","copyright":"","focal_length":"0","iso":"0","shutter_speed":"0","title":"","orientation":"0","keywords":[]},"ID":"12415","name":"energy-recovery-system-hv-s280-2-1.webp","path":"\/nas\/content\/live\/hisoair\/wp-content\/uploads\/2024\/12\/energy-recovery-system-hv-s280-2-1.webp","url":"https:\/\/hisoair.com\/wp-content\/uploads\/2024\/12\/energy-recovery-system-hv-s280-2-1-150x150.webp","full_url":"https:\/\/hisoair.com\/wp-content\/uploads\/2024\/12\/energy-recovery-system-hv-s280-2-1.webp","title":"syst\u00e8me de r\u00e9cup\u00e9ration d'\u00e9nergie s280","caption":"","description":"","alt":"energy recovery system s280","srcset":"https:\/\/hisoair.com\/wp-content\/uploads\/2024\/12\/energy-recovery-system-hv-s280-2-1-150x150.webp 150w, https:\/\/hisoair.com\/wp-content\/uploads\/2024\/12\/energy-recovery-system-hv-s280-2-1-300x300.webp 300w, https:\/\/hisoair.com\/wp-content\/uploads\/2024\/12\/energy-recovery-system-hv-s280-2-1-768x768.webp 768w, https:\/\/hisoair.com\/wp-content\/uploads\/2024\/12\/energy-recovery-system-hv-s280-2-1-12x12.webp 12w, https:\/\/hisoair.com\/wp-content\/uploads\/2024\/12\/energy-recovery-system-hv-s280-2-1.webp 800w"},{"width":150,"height":150,"file":"2024\/12\/energy-recovery-system-hv-s280-3.webp","filesize":19974,"sizes":{"medium":{"file":"energy-recovery-system-hv-s280-3-300x300.webp","width":300,"height":300,"mime-type":"image\/webp","filesize":6874,"url":"https:\/\/hisoair.com\/wp-content\/uploads\/2024\/12\/energy-recovery-system-hv-s280-3-300x300.webp"},"thumbnail":{"file":"energy-recovery-system-hv-s280-3-150x150.webp","width":150,"height":150,"mime-type":"image\/webp","filesize":2776,"url":"https:\/\/hisoair.com\/wp-content\/uploads\/2024\/12\/energy-recovery-system-hv-s280-3-150x150.webp"},"medium_large":{"file":"energy-recovery-system-hv-s280-3-768x768.webp","width":768,"height":768,"mime-type":"image\/webp","filesize":27478,"url":"https:\/\/hisoair.com\/wp-content\/uploads\/2024\/12\/energy-recovery-system-hv-s280-3-768x768.webp"},"trp-custom-language-flag":{"file":"energy-recovery-system-hv-s280-3-12x12.webp","width":12,"height":12,"mime-type":"image\/webp","filesize":164,"url":"https:\/\/hisoair.com\/wp-content\/uploads\/2024\/12\/energy-recovery-system-hv-s280-3-12x12.webp"}},"image_meta":{"aperture":"0","credit":"","camera":"","caption":"","created_timestamp":"0","copyright":"","focal_length":"0","iso":"0","shutter_speed":"0","title":"","orientation":"0","keywords":[]},"ID":"12416","name":"energy-recovery-system-hv-s280-3.webp","path":"\/nas\/content\/live\/hisoair\/wp-content\/uploads\/2024\/12\/energy-recovery-system-hv-s280-3.webp","url":"https:\/\/hisoair.com\/wp-content\/uploads\/2024\/12\/energy-recovery-system-hv-s280-3-150x150.webp","full_url":"https:\/\/hisoair.com\/wp-content\/uploads\/2024\/12\/energy-recovery-system-hv-s280-3.webp","title":"syst\u00e8me de r\u00e9cup\u00e9ration d'\u00e9nergie s280","caption":"","description":"","alt":"energy recovery system s280","srcset":"https:\/\/hisoair.com\/wp-content\/uploads\/2024\/12\/energy-recovery-system-hv-s280-3-150x150.webp 150w, https:\/\/hisoair.com\/wp-content\/uploads\/2024\/12\/energy-recovery-system-hv-s280-3-300x300.webp 300w, https:\/\/hisoair.com\/wp-content\/uploads\/2024\/12\/energy-recovery-system-hv-s280-3-768x768.webp 768w, https:\/\/hisoair.com\/wp-content\/uploads\/2024\/12\/energy-recovery-system-hv-s280-3-12x12.webp 12w, https:\/\/hisoair.com\/wp-content\/uploads\/2024\/12\/energy-recovery-system-hv-s280-3.webp 800w"},{"width":150,"height":150,"file":"2024\/12\/energy-recovery-system-hv-s280-4.webp","filesize":7794,"sizes":{"medium":{"file":"energy-recovery-system-hv-s280-4-300x300.webp","width":300,"height":300,"mime-type":"image\/webp","filesize":2888,"url":"https:\/\/hisoair.com\/wp-content\/uploads\/2024\/12\/energy-recovery-system-hv-s280-4-300x300.webp"},"thumbnail":{"file":"energy-recovery-system-hv-s280-4-150x150.webp","width":150,"height":150,"mime-type":"image\/webp","filesize":1318,"url":"https:\/\/hisoair.com\/wp-content\/uploads\/2024\/12\/energy-recovery-system-hv-s280-4-150x150.webp"},"medium_large":{"file":"energy-recovery-system-hv-s280-4-768x768.webp","width":768,"height":768,"mime-type":"image\/webp","filesize":8822,"url":"https:\/\/hisoair.com\/wp-content\/uploads\/2024\/12\/energy-recovery-system-hv-s280-4-768x768.webp"},"trp-custom-language-flag":{"file":"energy-recovery-system-hv-s280-4-12x12.webp","width":12,"height":12,"mime-type":"image\/webp","filesize":98,"url":"https:\/\/hisoair.com\/wp-content\/uploads\/2024\/12\/energy-recovery-system-hv-s280-4-12x12.webp"}},"image_meta":{"aperture":"0","credit":"","camera":"","caption":"","created_timestamp":"0","copyright":"","focal_length":"0","iso":"0","shutter_speed":"0","title":"","orientation":"0","keywords":[]},"ID":"12417","name":"energy-recovery-system-hv-s280-4.webp","path":"\/nas\/content\/live\/hisoair\/wp-content\/uploads\/2024\/12\/energy-recovery-system-hv-s280-4.webp","url":"https:\/\/hisoair.com\/wp-content\/uploads\/2024\/12\/energy-recovery-system-hv-s280-4-150x150.webp","full_url":"https:\/\/hisoair.com\/wp-content\/uploads\/2024\/12\/energy-recovery-system-hv-s280-4.webp","title":"syst\u00e8me de r\u00e9cup\u00e9ration d'\u00e9nergie s280","caption":"","description":"","alt":"energy recovery system s280","srcset":"https:\/\/hisoair.com\/wp-content\/uploads\/2024\/12\/energy-recovery-system-hv-s280-4-150x150.webp 150w, https:\/\/hisoair.com\/wp-content\/uploads\/2024\/12\/energy-recovery-system-hv-s280-4-300x300.webp 300w, https:\/\/hisoair.com\/wp-content\/uploads\/2024\/12\/energy-recovery-system-hv-s280-4-768x768.webp 768w, https:\/\/hisoair.com\/wp-content\/uploads\/2024\/12\/energy-recovery-system-hv-s280-4-12x12.webp 12w, https:\/\/hisoair.com\/wp-content\/uploads\/2024\/12\/energy-recovery-system-hv-s280-4.webp 800w"}],"product_capability_to":[],"product_case_to":[],"product_factory_to":[],"product_application_to":[],"related-products_from":[]},"_links":{"self":[{"href":"https:\/\/hisoair.com\/fr\/wp-json\/wp\/v2\/product\/12397","targetHints":{"allow":["GET"]}}],"collection":[{"href":"https:\/\/hisoair.com\/fr\/wp-json\/wp\/v2\/product"}],"about":[{"href":"https:\/\/hisoair.com\/fr\/wp-json\/wp\/v2\/types\/product"}],"wp:featuredmedia":[{"embeddable":true,"href":"https:\/\/hisoair.com\/fr\/wp-json\/wp\/v2\/media\/12411"}],"wp:attachment":[{"href":"https:\/\/hisoair.com\/fr\/wp-json\/wp\/v2\/media?parent=12397"}],"wp:term":[{"taxonomy":"product-cat","embeddable":true,"href":"https:\/\/hisoair.com\/fr\/wp-json\/wp\/v2\/product-cat?post=12397"}],"curies":[{"name":"wp","href":"https:\/\/api.w.org\/{rel}","templated":true}]}}