{"id":18131,"date":"2025-04-18T19:51:10","date_gmt":"2025-04-18T11:51:10","guid":{"rendered":"https:\/\/hisoair.com\/?post_type=product&#038;p=18131"},"modified":"2025-04-18T19:51:12","modified_gmt":"2025-04-18T11:51:12","slug":"capteur-radar-de-haute-precision-technologie-de-detection-avancee","status":"publish","type":"product","link":"https:\/\/hisoair.com\/fr\/product\/high-precision-radar-sensor-advanced-detection-and-sensing-technology\/","title":{"rendered":"Capteur radar de haute pr\u00e9cision - Technologie avanc\u00e9e de d\u00e9tection et de d\u00e9tection"},"content":{"rendered":"<p>Les <strong>Capteur radar<\/strong> s'appuie sur une technologie radar de pointe pour offrir une d\u00e9tection pr\u00e9cise et fiable des objets, des mouvements et des conditions environnementales. Con\u00e7u pour une large gamme d'applications, ce capteur offre des performances accrues dans des environnements difficiles o\u00f9 les capteurs traditionnels peuvent rencontrer des difficult\u00e9s. Que ce soit pour l'automobile, l'industrie ou la s\u00e9curit\u00e9, notre capteur radar offre une pr\u00e9cision et une polyvalence exceptionnelles.<\/p>\n\n\n\n<figure class=\"wp-block-image size-large\"><img loading=\"lazy\" decoding=\"async\" width=\"1024\" height=\"400\" src=\"https:\/\/hisoair.com\/wp-content\/uploads\/2025\/04\/radar-sensor-1024x400.webp\" alt=\"brouillon automatique\" class=\"wp-image-18136\" srcset=\"https:\/\/hisoair.com\/wp-content\/uploads\/2025\/04\/radar-sensor-1024x400.webp 1024w, https:\/\/hisoair.com\/wp-content\/uploads\/2025\/04\/radar-sensor-300x117.webp 300w, https:\/\/hisoair.com\/wp-content\/uploads\/2025\/04\/radar-sensor-768x300.webp 768w, https:\/\/hisoair.com\/wp-content\/uploads\/2025\/04\/radar-sensor-1536x600.webp 1536w, https:\/\/hisoair.com\/wp-content\/uploads\/2025\/04\/radar-sensor-18x7.webp 18w, https:\/\/hisoair.com\/wp-content\/uploads\/2025\/04\/radar-sensor.webp 1920w\" sizes=\"auto, (max-width: 1024px) 100vw, 1024px\" \/><\/figure>\n\n\n\n<ul class=\"wp-block-list\">\n<li><strong>D\u00e9tection \u00e0 longue port\u00e9e<\/strong>: Capable de d\u00e9tecter des objets \u00e0 longue distance, avec une port\u00e9e allant jusqu'\u00e0 plusieurs centaines de m\u00e8tres, en fonction de l'application et de l'environnement.<\/li>\n\n\n\n<li><strong>Haute pr\u00e9cision<\/strong>: Utilise un traitement avanc\u00e9 des signaux pour fournir des relev\u00e9s tr\u00e8s pr\u00e9cis, m\u00eame dans des conditions m\u00e9t\u00e9orologiques difficiles telles que le brouillard, la pluie ou une faible luminosit\u00e9.<\/li>\n\n\n\n<li><strong>Donn\u00e9es en temps r\u00e9el<\/strong>: La d\u00e9tection en continu et en temps r\u00e9el garantit un retour d'information imm\u00e9diat pour une prise de d\u00e9cision critique dans des environnements dynamiques.<\/li>\n\n\n\n<li><strong>D\u00e9tection de mouvement<\/strong>: Id\u00e9al pour la d\u00e9tection d'objets en mouvement, permettant des applications dans les domaines de la surveillance, des v\u00e9hicules autonomes et des syst\u00e8mes robotiques.<\/li>\n\n\n\n<li><strong>Large tol\u00e9rance de temp\u00e9rature<\/strong>: Fonctionne efficacement \u00e0 des temp\u00e9ratures extr\u00eames, ce qui permet de l'utiliser aussi bien \u00e0 l'int\u00e9rieur qu'\u00e0 l'ext\u00e9rieur dans diverses industries.<\/li>\n\n\n\n<li><strong>Faible consommation d'\u00e9nergie<\/strong>: Con\u00e7u pour une performance \u00e9nerg\u00e9tique efficace, particuli\u00e8rement utile dans les applications aliment\u00e9es par batterie ou \u00e0 distance.<\/li>\n\n\n\n<li><strong>Durabilit\u00e9 et fiabilit\u00e9<\/strong>: Construit pour durer, avec une construction robuste qui assure un fonctionnement fiable m\u00eame dans des conditions difficiles, y compris les vibrations, l'humidit\u00e9 et les fluctuations de temp\u00e9rature.<\/li>\n<\/ul>","protected":false},"featured_media":18136,"template":"","product-cat":[57],"class_list":["post-18131","product","type-product","status-publish","has-post-thumbnail","hentry","product-cat-ieq-sensors"],"meta_box":{"product_short_intro":"","hero_button_text":"Request a Quote","specifications_table":[{"_state":"expanded"}],"specification_html_table":"","downloads":[],"related_posts":[],"related_downloads":[],"product_gallery":[],"product_capability_to":[],"product_case_to":[],"product_factory_to":[],"product_application_to":[],"related-products_from":[]},"_links":{"self":[{"href":"https:\/\/hisoair.com\/fr\/wp-json\/wp\/v2\/product\/18131","targetHints":{"allow":["GET"]}}],"collection":[{"href":"https:\/\/hisoair.com\/fr\/wp-json\/wp\/v2\/product"}],"about":[{"href":"https:\/\/hisoair.com\/fr\/wp-json\/wp\/v2\/types\/product"}],"wp:featuredmedia":[{"embeddable":true,"href":"https:\/\/hisoair.com\/fr\/wp-json\/wp\/v2\/media\/18136"}],"wp:attachment":[{"href":"https:\/\/hisoair.com\/fr\/wp-json\/wp\/v2\/media?parent=18131"}],"wp:term":[{"taxonomy":"product-cat","embeddable":true,"href":"https:\/\/hisoair.com\/fr\/wp-json\/wp\/v2\/product-cat?post=18131"}],"curies":[{"name":"wp","href":"https:\/\/api.w.org\/{rel}","templated":true}]}}