{"id":26407,"date":"2025-06-12T18:50:15","date_gmt":"2025-06-12T10:50:15","guid":{"rendered":"https:\/\/hisoair.com\/?post_type=product&#038;p=26407"},"modified":"2025-06-12T18:51:06","modified_gmt":"2025-06-12T10:51:06","slug":"light-sensortechnology","status":"publish","type":"product","link":"https:\/\/hisoair.com\/fr\/product\/light-sensortechnology\/","title":{"rendered":"Light Sensor\u2122Technology"},"content":{"rendered":"<p>R\u00e9glant automatiquement la luminosit\u00e9 pour un \u00e9clairage optimal, nos d\u00e9tecteurs am\u00e9liorent le confort et l'efficacit\u00e9 \u00e9nerg\u00e9tique. Id\u00e9al pour cr\u00e9er l'ambiance parfaite et garantir un environnement bien \u00e9clair\u00e9 et adaptable qui r\u00e9pond \u00e0 vos besoins \u00e0 toute heure du jour ou de la nuit.<\/p>\n\n\n\n<figure class=\"wp-block-image size-large\"><img loading=\"lazy\" decoding=\"async\" width=\"1024\" height=\"267\" src=\"https:\/\/hisoair.com\/wp-content\/uploads\/2025\/04\/light-sensor-1024x267.webp\" alt=\"brouillon automatique\" class=\"wp-image-18134\" srcset=\"https:\/\/hisoair.com\/wp-content\/uploads\/2025\/04\/light-sensor-1024x267.webp 1024w, https:\/\/hisoair.com\/wp-content\/uploads\/2025\/04\/light-sensor-300x78.webp 300w, https:\/\/hisoair.com\/wp-content\/uploads\/2025\/04\/light-sensor-768x200.webp 768w, https:\/\/hisoair.com\/wp-content\/uploads\/2025\/04\/light-sensor-1536x400.webp 1536w, https:\/\/hisoair.com\/wp-content\/uploads\/2025\/04\/light-sensor-18x5.webp 18w, https:\/\/hisoair.com\/wp-content\/uploads\/2025\/04\/light-sensor.webp 1920w\" sizes=\"auto, (max-width: 1024px) 100vw, 1024px\" \/><\/figure>","protected":false},"featured_media":18134,"template":"","product-cat":[57],"class_list":["post-26407","product","type-product","status-publish","has-post-thumbnail","hentry","product-cat-ieq-sensors"],"meta_box":{"product_short_intro":"","hero_button_text":"Request a Quote","specifications_table":[{"_state":"expanded"}],"specification_html_table":"","downloads":[],"related_posts":[],"related_downloads":[],"product_gallery":[],"product_capability_to":[],"product_case_to":[],"product_factory_to":[],"product_application_to":[],"related-products_from":[]},"_links":{"self":[{"href":"https:\/\/hisoair.com\/fr\/wp-json\/wp\/v2\/product\/26407","targetHints":{"allow":["GET"]}}],"collection":[{"href":"https:\/\/hisoair.com\/fr\/wp-json\/wp\/v2\/product"}],"about":[{"href":"https:\/\/hisoair.com\/fr\/wp-json\/wp\/v2\/types\/product"}],"wp:featuredmedia":[{"embeddable":true,"href":"https:\/\/hisoair.com\/fr\/wp-json\/wp\/v2\/media\/18134"}],"wp:attachment":[{"href":"https:\/\/hisoair.com\/fr\/wp-json\/wp\/v2\/media?parent=26407"}],"wp:term":[{"taxonomy":"product-cat","embeddable":true,"href":"https:\/\/hisoair.com\/fr\/wp-json\/wp\/v2\/product-cat?post=26407"}],"curies":[{"name":"wp","href":"https:\/\/api.w.org\/{rel}","templated":true}]}}