{"id":8778,"date":"2024-11-27T19:16:11","date_gmt":"2024-11-27T11:16:11","guid":{"rendered":"https:\/\/hisoair.com\/?post_type=product&#038;p=8778"},"modified":"2025-06-09T11:48:12","modified_gmt":"2025-06-09T03:48:12","slug":"air-monitor-hs001","status":"publish","type":"product","link":"https:\/\/hisoair.com\/fr\/product\/air-monitor-hs001\/","title":{"rendered":"Moniteur d'air HS001"},"content":{"rendered":"<p><strong>L'efficacit\u00e9 red\u00e9finie : La technologie \u00e0 faible consommation d'\u00e9nergie d'Air Monitor<\/strong><br>Chez HisoAir, nous donnons la priorit\u00e9 \u00e0 la durabilit\u00e9 et aux solutions rentables pour la gestion de la qualit\u00e9 de l'air. La conception de pointe de l'Air Monitor int\u00e8gre des composants \u00e0 faible consommation d'\u00e9nergie et des strat\u00e9gies op\u00e9rationnelles intelligentes, offrant une dur\u00e9e de vie prolong\u00e9e de la batterie qui minimise les co\u00fbts de maintenance.<\/p>\n\n\n\n<figure class=\"wp-block-image size-full\"><img loading=\"lazy\" decoding=\"async\" width=\"1000\" height=\"1000\" src=\"https:\/\/hisoair.com\/wp-content\/uploads\/2024\/11\/air-monitor-hm001-1.webp\" alt=\"moniteur d&#039;air hm001\" class=\"wp-image-8780\" srcset=\"https:\/\/hisoair.com\/wp-content\/uploads\/2024\/11\/air-monitor-hm001-1.webp 1000w, https:\/\/hisoair.com\/wp-content\/uploads\/2024\/11\/air-monitor-hm001-1-300x300.webp 300w, https:\/\/hisoair.com\/wp-content\/uploads\/2024\/11\/air-monitor-hm001-1-150x150.webp 150w, https:\/\/hisoair.com\/wp-content\/uploads\/2024\/11\/air-monitor-hm001-1-768x768.webp 768w, https:\/\/hisoair.com\/wp-content\/uploads\/2024\/11\/air-monitor-hm001-1-12x12.webp 12w\" sizes=\"auto, (max-width: 1000px) 100vw, 1000px\" \/><\/figure>\n\n\n\n<p><strong>Solution intelligente de surveillance de la qualit\u00e9 de l'air int\u00e9rieur<\/strong><br>Entrez dans le futur de la surveillance de la qualit\u00e9 de l'air int\u00e9rieur avec HisoAir Air Monitor. Cet appareil intelligent ne se contente pas de surveiller et de contr\u00f4ler la qualit\u00e9 de l'air int\u00e9rieur en toute transparence, il vous permet \u00e9galement de prendre des mesures en temps r\u00e9el pour am\u00e9liorer la sant\u00e9 et le confort.<\/p>\n\n\n\n<figure class=\"wp-block-image size-full\"><img loading=\"lazy\" decoding=\"async\" width=\"1000\" height=\"1000\" src=\"https:\/\/hisoair.com\/wp-content\/uploads\/2024\/11\/air-monitor-hm001-1-1.webp\" alt=\"moniteur d&#039;air hm001 1\" class=\"wp-image-8781\" srcset=\"https:\/\/hisoair.com\/wp-content\/uploads\/2024\/11\/air-monitor-hm001-1-1.webp 1000w, https:\/\/hisoair.com\/wp-content\/uploads\/2024\/11\/air-monitor-hm001-1-1-300x300.webp 300w, https:\/\/hisoair.com\/wp-content\/uploads\/2024\/11\/air-monitor-hm001-1-1-150x150.webp 150w, https:\/\/hisoair.com\/wp-content\/uploads\/2024\/11\/air-monitor-hm001-1-1-768x768.webp 768w, https:\/\/hisoair.com\/wp-content\/uploads\/2024\/11\/air-monitor-hm001-1-1-12x12.webp 12w\" sizes=\"auto, (max-width: 1000px) 100vw, 1000px\" \/><\/figure>\n\n\n\n<p>HisoAir Air Monitor is built to maximize efficiency and sustainability. From its low-power microcontroller to the intelligently programmed sensor logic, every feature has been fine-tuned to reduce energy consumption. The innovative E-ink screen optimizes power usage, while the adaptive screen refresh system, driven by PIR and CO2 sensors, ensures display activation only when necessary. LoRaWAN\u2122 connectivity adds another layer of efficiency by minimizing energy consumption during data uploads.<\/p>\n\n\n\n<figure class=\"wp-block-image size-full\"><img loading=\"lazy\" decoding=\"async\" width=\"1000\" height=\"1000\" src=\"https:\/\/hisoair.com\/wp-content\/uploads\/2024\/11\/air-monitor-hm001-2.webp\" alt=\"moniteur d&#039;air hm001 2\" class=\"wp-image-8782\" srcset=\"https:\/\/hisoair.com\/wp-content\/uploads\/2024\/11\/air-monitor-hm001-2.webp 1000w, https:\/\/hisoair.com\/wp-content\/uploads\/2024\/11\/air-monitor-hm001-2-300x300.webp 300w, https:\/\/hisoair.com\/wp-content\/uploads\/2024\/11\/air-monitor-hm001-2-150x150.webp 150w, https:\/\/hisoair.com\/wp-content\/uploads\/2024\/11\/air-monitor-hm001-2-768x768.webp 768w, https:\/\/hisoair.com\/wp-content\/uploads\/2024\/11\/air-monitor-hm001-2-12x12.webp 12w\" sizes=\"auto, (max-width: 1000px) 100vw, 1000px\" \/><\/figure>\n\n\n\n<p>Que ce soit pour les habitations, les bureaux ou les \u00e9coles, Air Monitor offre une solution qui optimise la gestion de la qualit\u00e9 de l'air int\u00e9rieur \u00e0 des co\u00fbts d'exploitation minimaux. Avec une surveillance en temps r\u00e9el, des modes op\u00e9rationnels adaptatifs et une conception \u00e9conome en \u00e9nergie, Air Monitor repr\u00e9sente la prochaine g\u00e9n\u00e9ration de solutions intelligentes et durables en mati\u00e8re de qualit\u00e9 de l'air.<\/p>\n\n\n\n<figure class=\"wp-block-image size-full\"><img loading=\"lazy\" decoding=\"async\" width=\"1000\" height=\"1000\" src=\"https:\/\/hisoair.com\/wp-content\/uploads\/2024\/11\/air-monitor-hm001-3.webp\" alt=\"moniteur d&#039;air hm001 3\" class=\"wp-image-8783\" srcset=\"https:\/\/hisoair.com\/wp-content\/uploads\/2024\/11\/air-monitor-hm001-3.webp 1000w, https:\/\/hisoair.com\/wp-content\/uploads\/2024\/11\/air-monitor-hm001-3-300x300.webp 300w, https:\/\/hisoair.com\/wp-content\/uploads\/2024\/11\/air-monitor-hm001-3-150x150.webp 150w, https:\/\/hisoair.com\/wp-content\/uploads\/2024\/11\/air-monitor-hm001-3-768x768.webp 768w, https:\/\/hisoair.com\/wp-content\/uploads\/2024\/11\/air-monitor-hm001-3-12x12.webp 12w\" sizes=\"auto, (max-width: 1000px) 100vw, 1000px\" \/><\/figure>","protected":false},"featured_media":8779,"template":"","product-cat":[31,55],"class_list":["post-8778","product","type-product","status-publish","has-post-thumbnail","hentry","product-cat-air-monitor","product-cat-commercial-air-monitor"],"meta_box":{"product_short_intro":"<ul>\n<li><strong>Low-Power Sensors<\/strong>: Carefully selected sensors extend the device's operational lifespan while minimizing maintenance costs.<\/li>\n<li><strong>Smart Screen Refresh<\/strong>: Powered by PIR and CO2 sensors, the display activates only when needed, saving energy.<\/li>\n<li><strong>Energy-Efficient E-ink Screen<\/strong>: Reduces power usage while ensuring clear, real-time monitoring.<\/li>\n<li><strong>Adaptive Operation Modes<\/strong>: Tailored operational strategies for weekdays and rest days to optimize energy efficiency.<\/li>\n<li><strong>LoRaWAN Connectivity<\/strong>: Low-energy communication technology that significantly minimizes power consumption.<\/li>\n<\/ul>\n","hero_button_text":"Request a Quote","specifications_table":[{"attribute_name":"Voltage","attribute_value":"5V 1A"},{"attribute_name":"Charging","attribute_value":"Type-C"},{"attribute_name":"Screen","attribute_value":"4.2-inch Black & White E-Ink Screen","_state":"expanded"},{"attribute_name":"Sensor","attribute_value":"PM2.5, CO\u2082, TVOC, Barometric Pressure, Temperature, Humidity, Light, Passive infrared"},{"attribute_name":"Wireless Transmission Technology","attribute_value":"LoRaWAN\u2122","_state":"expanded"},{"attribute_name":"Wireless Frequency","attribute_value":"CN470\/RU864\/IN865\/EU868\/US 915\/AU915\/KR920\/AS923- 1&2&3&4","_state":"expanded"},{"attribute_name":"Replaceable Battery","attribute_value":"4 \u00d7 2700 mAh ER14505 Li- SOCL2","_state":"expanded"},{"attribute_name":"Battery Life (10 min interval)","attribute_value":"Around 1 Year","_state":"expanded"},{"attribute_name":"Dimension ","attribute_value":"84*100*20mm","_state":"expanded"},{"attribute_name":"Storage Temperature","attribute_value":"-20\u00b0C \u2013 60\u00b0C (E-Ink Screen: 0\u00b0C \u2013 40\u00b0C)","_state":"expanded"},{"attribute_name":"Relative Humidity","attribute_value":"10% \u2013 90% (non-condensing)","_state":"expanded"},{"attribute_name":"Installation","attribute_value":"3M Tape Mounting, Wall Screw Mountin","_state":"expanded"}],"specification_html_table":"","downloads":[{"file_name":"8 sensors in one Air Monitor - HS001","file_url_or_upload":"https:\/\/hisoair.com\/wp-content\/uploads\/2024\/11\/air-monitor-hs001.pdf"}],"related_posts":["8737","7610","5987","5896"],"related_downloads":["12112"],"product_gallery":[],"product_capability_to":[],"product_case_to":[],"product_factory_to":[],"product_application_to":[],"related-products_from":["38264"]},"_links":{"self":[{"href":"https:\/\/hisoair.com\/fr\/wp-json\/wp\/v2\/product\/8778","targetHints":{"allow":["GET"]}}],"collection":[{"href":"https:\/\/hisoair.com\/fr\/wp-json\/wp\/v2\/product"}],"about":[{"href":"https:\/\/hisoair.com\/fr\/wp-json\/wp\/v2\/types\/product"}],"wp:featuredmedia":[{"embeddable":true,"href":"https:\/\/hisoair.com\/fr\/wp-json\/wp\/v2\/media\/8779"}],"wp:attachment":[{"href":"https:\/\/hisoair.com\/fr\/wp-json\/wp\/v2\/media?parent=8778"}],"wp:term":[{"taxonomy":"product-cat","embeddable":true,"href":"https:\/\/hisoair.com\/fr\/wp-json\/wp\/v2\/product-cat?post=8778"}],"curies":[{"name":"wp","href":"https:\/\/api.w.org\/{rel}","templated":true}]}}