{"id":8805,"date":"2024-11-27T20:06:00","date_gmt":"2024-11-27T12:06:00","guid":{"rendered":"https:\/\/hisoair.com\/?post_type=product&#038;p=8805"},"modified":"2025-04-21T19:37:31","modified_gmt":"2025-04-21T11:37:31","slug":"purificateur-dair-pour-animaux-de-compagnie-ha-360","status":"publish","type":"product","link":"https:\/\/hisoair.com\/fr\/product\/pet-air-purifier-ha-360\/","title":{"rendered":"Purificateur d'air pour animaux HA360"},"content":{"rendered":"<p><strong>Purificateur d'air pour animaux HA360 : La solution parfaite pour les maisons accueillant des animaux de compagnie<\/strong><br>Con\u00e7u pour les amoureux des animaux de compagnie, le purificateur d'air pour animaux HA360 veille \u00e0 ce que l'air de votre maison reste frais et propre. Dites adieu aux poils d'animaux, aux squames et aux odeurs gr\u00e2ce \u00e0 ce purificateur ultra-efficace et \u00e9l\u00e9gant qui s'int\u00e8gre parfaitement \u00e0 tous les espaces de vie.<\/p>\n\n\n\n<figure class=\"wp-block-image size-large\"><img loading=\"lazy\" decoding=\"async\" width=\"1024\" height=\"1024\" src=\"https:\/\/hisoair.com\/wp-content\/uploads\/2024\/11\/pet-air-purifier-ha-360-2-1024x1024.webp\" alt=\"purificateur d&#039;air pour animaux ha 360 (2)\" class=\"wp-image-8823\" srcset=\"https:\/\/hisoair.com\/wp-content\/uploads\/2024\/11\/pet-air-purifier-ha-360-2-1024x1024.webp 1024w, https:\/\/hisoair.com\/wp-content\/uploads\/2024\/11\/pet-air-purifier-ha-360-2-300x300.webp 300w, https:\/\/hisoair.com\/wp-content\/uploads\/2024\/11\/pet-air-purifier-ha-360-2-150x150.webp 150w, https:\/\/hisoair.com\/wp-content\/uploads\/2024\/11\/pet-air-purifier-ha-360-2-768x768.webp 768w, https:\/\/hisoair.com\/wp-content\/uploads\/2024\/11\/pet-air-purifier-ha-360-2-1536x1536.webp 1536w, https:\/\/hisoair.com\/wp-content\/uploads\/2024\/11\/pet-air-purifier-ha-360-2-12x12.webp 12w, https:\/\/hisoair.com\/wp-content\/uploads\/2024\/11\/pet-air-purifier-ha-360-2.webp 1600w\" sizes=\"auto, (max-width: 1024px) 100vw, 1024px\" \/><\/figure>\n\n\n\n<p><strong>Technologie FurTrap \u00e0 haute efficacit\u00e9 : La solution ultime pour les poils d'animaux<\/strong><br>Le HA360 est dot\u00e9 d'un syst\u00e8me FurTrap innovant avec une entr\u00e9e d'air frontale et deux entr\u00e9es d'air lat\u00e9rales. Ses ouvertures de 5,8 \u00e0 11 mm sont optimis\u00e9es pour capturer efficacement les longs poils d'animaux et les amas de poils, tout en maintenant un flux d'air r\u00e9gulier sans obstruction.<\/p>\n\n\n\n<figure class=\"wp-block-image size-large\"><img loading=\"lazy\" decoding=\"async\" width=\"1024\" height=\"1024\" src=\"https:\/\/hisoair.com\/wp-content\/uploads\/2024\/11\/pet-air-purifier-ha-360-1-1024x1024.webp\" alt=\"purificateur d&#039;air pour animaux de compagnie ha 360 1\" class=\"wp-image-8825\" srcset=\"https:\/\/hisoair.com\/wp-content\/uploads\/2024\/11\/pet-air-purifier-ha-360-1-1024x1024.webp 1024w, https:\/\/hisoair.com\/wp-content\/uploads\/2024\/11\/pet-air-purifier-ha-360-1-300x300.webp 300w, https:\/\/hisoair.com\/wp-content\/uploads\/2024\/11\/pet-air-purifier-ha-360-1-150x150.webp 150w, https:\/\/hisoair.com\/wp-content\/uploads\/2024\/11\/pet-air-purifier-ha-360-1-768x768.webp 768w, https:\/\/hisoair.com\/wp-content\/uploads\/2024\/11\/pet-air-purifier-ha-360-1-1536x1536.webp 1536w, https:\/\/hisoair.com\/wp-content\/uploads\/2024\/11\/pet-air-purifier-ha-360-1-12x12.webp 12w, https:\/\/hisoair.com\/wp-content\/uploads\/2024\/11\/pet-air-purifier-ha-360-1.webp 1600w\" sizes=\"auto, (max-width: 1024px) 100vw, 1024px\" \/><\/figure>\n\n\n\n<p><strong>Syst\u00e8me de ventilation ultra-puissant : Renouvellement puissant de l'air<\/strong><br>Capable de traiter 6 000 litres d'air par minute, ce purificateur d'air garantit un environnement de vie sain en \u00e9liminant les virus, les poils d'animaux, les squames, les fibres, la poussi\u00e8re et les odeurs d\u00e9sagr\u00e9ables, ce qui le rend id\u00e9al pour les foyers accueillant des animaux de compagnie.<\/p>\n\n\n\n<figure class=\"wp-block-image size-large\"><img loading=\"lazy\" decoding=\"async\" width=\"1024\" height=\"1024\" src=\"https:\/\/hisoair.com\/wp-content\/uploads\/2024\/11\/pet-air-purifier-ha-360-2-1-1024x1024.webp\" alt=\"purificateur d&#039;air pour animaux de compagnie ha 360 2\" class=\"wp-image-8826\" srcset=\"https:\/\/hisoair.com\/wp-content\/uploads\/2024\/11\/pet-air-purifier-ha-360-2-1-1024x1024.webp 1024w, https:\/\/hisoair.com\/wp-content\/uploads\/2024\/11\/pet-air-purifier-ha-360-2-1-300x300.webp 300w, https:\/\/hisoair.com\/wp-content\/uploads\/2024\/11\/pet-air-purifier-ha-360-2-1-150x150.webp 150w, https:\/\/hisoair.com\/wp-content\/uploads\/2024\/11\/pet-air-purifier-ha-360-2-1-768x768.webp 768w, https:\/\/hisoair.com\/wp-content\/uploads\/2024\/11\/pet-air-purifier-ha-360-2-1-1536x1536.webp 1536w, https:\/\/hisoair.com\/wp-content\/uploads\/2024\/11\/pet-air-purifier-ha-360-2-1-12x12.webp 12w, https:\/\/hisoair.com\/wp-content\/uploads\/2024\/11\/pet-air-purifier-ha-360-2-1.webp 1600w\" sizes=\"auto, (max-width: 1024px) 100vw, 1024px\" \/><\/figure>\n\n\n\n<p><strong>Surveillance de la qualit\u00e9 de l'air en temps r\u00e9el : Intelligent et r\u00e9actif<\/strong><br>\u00c9quip\u00e9 d'un capteur de PM2.5, le HA360 surveille la qualit\u00e9 de l'air en temps r\u00e9el et ajuste automatiquement ses performances pour maintenir une qualit\u00e9 d'air optimale, ce qui vous permet d'avoir l'esprit tranquille et de respirer un air plus sain.<\/p>\n\n\n\n<p><strong>Fonctionnement silencieux et dispositifs de s\u00e9curit\u00e9 : Un foyer pour tous<\/strong><br>Gr\u00e2ce \u00e0 la technologie d'annulation des d\u00e9cibels, le purificateur d'air Furgo Pet fonctionne \u00e0 un niveau sonore maximal de 49 dB et aussi bas que 26 dB en mode veille. La fonction de verrouillage enfant garantit la s\u00e9curit\u00e9 de vos enfants et de vos animaux de compagnie, en emp\u00eachant toute modification accidentelle des param\u00e8tres.<\/p>\n\n\n\n<figure class=\"wp-block-image size-large\"><img loading=\"lazy\" decoding=\"async\" width=\"1024\" height=\"1024\" src=\"https:\/\/hisoair.com\/wp-content\/uploads\/2024\/11\/pet-air-purifier-ha-360-3-1024x1024.jpg\" alt=\"purificateur d&#039;air pour animaux de compagnie ha 360 3\" class=\"wp-image-8827\" srcset=\"https:\/\/hisoair.com\/wp-content\/uploads\/2024\/11\/pet-air-purifier-ha-360-3-1024x1024.jpg 1024w, https:\/\/hisoair.com\/wp-content\/uploads\/2024\/11\/pet-air-purifier-ha-360-3-300x300.jpg 300w, https:\/\/hisoair.com\/wp-content\/uploads\/2024\/11\/pet-air-purifier-ha-360-3-150x150.jpg 150w, https:\/\/hisoair.com\/wp-content\/uploads\/2024\/11\/pet-air-purifier-ha-360-3-768x768.jpg 768w, https:\/\/hisoair.com\/wp-content\/uploads\/2024\/11\/pet-air-purifier-ha-360-3-1536x1536.jpg 1536w, https:\/\/hisoair.com\/wp-content\/uploads\/2024\/11\/pet-air-purifier-ha-360-3-12x12.jpg 12w, https:\/\/hisoair.com\/wp-content\/uploads\/2024\/11\/pet-air-purifier-ha-360-3.jpg 1600w\" sizes=\"auto, (max-width: 1024px) 100vw, 1024px\" \/><\/figure>\n\n\n\n<p><strong>Filtration avanc\u00e9e pour une vie sans allerg\u00e8nes<\/strong><br>Le syst\u00e8me de filtration en deux \u00e9tapes associe un pr\u00e9-filtre \u00e0 charbon actif \u00e0 un filtre HEPA pour capturer 99,99% de poils d'animaux, de squames et d'allerg\u00e8nes, offrant ainsi \u00e0 votre famille un environnement s\u00fbr et exempt d'allergies.<\/p>\n\n\n\n<p>Le purificateur d'air pour animaux HA360 est plus qu'un simple appareil : c'est une solution compl\u00e8te pour les propri\u00e9taires d'animaux qui appr\u00e9cient l'air pur et frais. Gr\u00e2ce \u00e0 ses fonctions innovantes et \u00e0 son design adapt\u00e9 aux animaux, il est le compl\u00e9ment id\u00e9al de toute maison, garantissant un espace s\u00fbr et confortable pour vous et vos amis \u00e0 fourrure.<\/p>","protected":false},"featured_media":18162,"template":"","product-cat":[49],"class_list":["post-8805","product","type-product","status-publish","has-post-thumbnail","hentry","product-cat-pet-air-purifier"],"meta_box":{"product_short_intro":"<ul>\n<li><strong>Exceptional Pet Air Filtration:<\/strong> Specially designed to eliminate pet fur, dander, and odors, ensuring a fresh and clean indoor environment.<\/li>\n<li><strong>TriSuck Advantage:<\/strong> Features 3-side air inlets for effortless and clog-free capture of long and short pet hair.<\/li>\n<li><strong>Ultra-Quiet Performance:<\/strong> Incorporates advanced decibel-cancellation technology for whisper-quiet operation, ensuring peaceful surroundings for pets and humans alike.<\/li>\n<li><strong>Dual-Defense Filtration:<\/strong> Combines a pre-filter for fur removal and an activated carbon filter for odor elimination.<\/li>\n<li><strong>Smart Air Quality Monitor:<\/strong> Real-time air quality monitoring with an intuitive interface for precise control and allergen-free air.<\/li>\n<\/ul>\n<p><!-- notionvc: 32aa5cee-7fd4-4b1d-8568-d4c728ce0905 --><\/p>\n","hero_button_text":"Request a Quote","specifications_table":[{"attribute_name":"Power","attribute_value":"32W"},{"attribute_name":"Noise","attribute_value":"\u226460 dB(A)"},{"attribute_name":"CADR","attribute_value":"340 m\u00b3\/h","_state":"expanded"},{"attribute_name":"Coverage area","attribute_value":"24 - 40 m\u00b2"},{"attribute_name":"Speed","attribute_value":"3"},{"attribute_name":"Filter ","attribute_value":" H12 HEPA (99.5% filtration) Coated active carbon sponge filter"},{"attribute_name":"Product size","attribute_value":"405 x 245 x 532 mm"},{"attribute_name":"Product net weight","attribute_value":"6.2 kg"},{"attribute_name":"Fuction","attribute_value":"Air quality indicator,Child lock, Remote control, Filter change reminder"},{"attribute_name":"Optional","attribute_value":"UV-C, lonizer"}],"specification_html_table":"","downloads":[{"file_name":"Pet Air Purifier HA360","file_url_or_upload":"https:\/\/hisoair.com\/wp-content\/uploads\/2024\/11\/pet-air-purifier-ha360.pdf"}],"related_posts":["3539","4113","5829","5859"],"related_downloads":[],"product_gallery":[{"width":150,"height":150,"file":"2024\/11\/pet-air-purifrier-ha360-1.webp","filesize":176642,"sizes":{"medium":{"file":"pet-air-purifrier-ha360-1-300x300.webp","width":300,"height":300,"mime-type":"image\/webp","filesize":15944,"url":"https:\/\/hisoair.com\/wp-content\/uploads\/2024\/11\/pet-air-purifrier-ha360-1-300x300.webp"},"large":{"file":"pet-air-purifrier-ha360-1-1024x1024.webp","width":1024,"height":1024,"mime-type":"image\/webp","filesize":119254,"url":"https:\/\/hisoair.com\/wp-content\/uploads\/2024\/11\/pet-air-purifrier-ha360-1-1024x1024.webp"},"thumbnail":{"file":"pet-air-purifrier-ha360-1-150x150.webp","width":150,"height":150,"mime-type":"image\/webp","filesize":4682,"url":"https:\/\/hisoair.com\/wp-content\/uploads\/2024\/11\/pet-air-purifrier-ha360-1-150x150.webp"},"medium_large":{"file":"pet-air-purifrier-ha360-1-768x768.webp","width":768,"height":768,"mime-type":"image\/webp","filesize":77088,"url":"https:\/\/hisoair.com\/wp-content\/uploads\/2024\/11\/pet-air-purifrier-ha360-1-768x768.webp"},"1536x1536":{"file":"pet-air-purifrier-ha360-1-1536x1536.webp","width":1536,"height":1536,"mime-type":"image\/webp","filesize":215178,"url":"https:\/\/hisoair.com\/wp-content\/uploads\/2024\/11\/pet-air-purifrier-ha360-1-1536x1536.webp"},"trp-custom-language-flag":{"file":"pet-air-purifrier-ha360-1-12x12.webp","width":12,"height":12,"mime-type":"image\/webp","filesize":132,"url":"https:\/\/hisoair.com\/wp-content\/uploads\/2024\/11\/pet-air-purifrier-ha360-1-12x12.webp"}},"image_meta":{"aperture":"0","credit":"","camera":"","caption":"","created_timestamp":"0","copyright":"","focal_length":"0","iso":"0","shutter_speed":"0","title":"","orientation":"0","keywords":[]},"ID":"12392","name":"pet-air-purifrier-ha360-1.webp","path":"\/nas\/content\/live\/hisoair\/wp-content\/uploads\/2024\/11\/pet-air-purifrier-ha360-1.webp","url":"https:\/\/hisoair.com\/wp-content\/uploads\/2024\/11\/pet-air-purifrier-ha360-1-150x150.webp","full_url":"https:\/\/hisoair.com\/wp-content\/uploads\/2024\/11\/pet-air-purifrier-ha360-1.webp","title":"purificateur d'air pour animaux de compagnie ha360","caption":"","description":"","alt":"pet air purifier ha360","srcset":"https:\/\/hisoair.com\/wp-content\/uploads\/2024\/11\/pet-air-purifrier-ha360-1-150x150.webp 150w, https:\/\/hisoair.com\/wp-content\/uploads\/2024\/11\/pet-air-purifrier-ha360-1-300x300.webp 300w, https:\/\/hisoair.com\/wp-content\/uploads\/2024\/11\/pet-air-purifrier-ha360-1-1024x1024.webp 1024w, https:\/\/hisoair.com\/wp-content\/uploads\/2024\/11\/pet-air-purifrier-ha360-1-768x768.webp 768w, https:\/\/hisoair.com\/wp-content\/uploads\/2024\/11\/pet-air-purifrier-ha360-1-1536x1536.webp 1536w, https:\/\/hisoair.com\/wp-content\/uploads\/2024\/11\/pet-air-purifrier-ha360-1-12x12.webp 12w, https:\/\/hisoair.com\/wp-content\/uploads\/2024\/11\/pet-air-purifrier-ha360-1.webp 1600w"},{"width":150,"height":150,"file":"2024\/11\/pet-air-purifrier-ha360-2.webp","filesize":189948,"sizes":{"medium":{"file":"pet-air-purifrier-ha360-2-300x300.webp","width":300,"height":300,"mime-type":"image\/webp","filesize":18964,"url":"https:\/\/hisoair.com\/wp-content\/uploads\/2024\/11\/pet-air-purifrier-ha360-2-300x300.webp"},"large":{"file":"pet-air-purifrier-ha360-2-1024x1024.webp","width":1024,"height":1024,"mime-type":"image\/webp","filesize":131860,"url":"https:\/\/hisoair.com\/wp-content\/uploads\/2024\/11\/pet-air-purifrier-ha360-2-1024x1024.webp"},"thumbnail":{"file":"pet-air-purifrier-ha360-2-150x150.webp","width":150,"height":150,"mime-type":"image\/webp","filesize":6014,"url":"https:\/\/hisoair.com\/wp-content\/uploads\/2024\/11\/pet-air-purifrier-ha360-2-150x150.webp"},"medium_large":{"file":"pet-air-purifrier-ha360-2-768x768.webp","width":768,"height":768,"mime-type":"image\/webp","filesize":84592,"url":"https:\/\/hisoair.com\/wp-content\/uploads\/2024\/11\/pet-air-purifrier-ha360-2-768x768.webp"},"1536x1536":{"file":"pet-air-purifrier-ha360-2-1536x1536.webp","width":1536,"height":1536,"mime-type":"image\/webp","filesize":232502,"url":"https:\/\/hisoair.com\/wp-content\/uploads\/2024\/11\/pet-air-purifrier-ha360-2-1536x1536.webp"},"trp-custom-language-flag":{"file":"pet-air-purifrier-ha360-2-12x12.webp","width":12,"height":12,"mime-type":"image\/webp","filesize":126,"url":"https:\/\/hisoair.com\/wp-content\/uploads\/2024\/11\/pet-air-purifrier-ha360-2-12x12.webp"}},"image_meta":{"aperture":"0","credit":"","camera":"","caption":"","created_timestamp":"0","copyright":"","focal_length":"0","iso":"0","shutter_speed":"0","title":"","orientation":"0","keywords":[]},"ID":"12393","name":"pet-air-purifrier-ha360-2.webp","path":"\/nas\/content\/live\/hisoair\/wp-content\/uploads\/2024\/11\/pet-air-purifrier-ha360-2.webp","url":"https:\/\/hisoair.com\/wp-content\/uploads\/2024\/11\/pet-air-purifrier-ha360-2-150x150.webp","full_url":"https:\/\/hisoair.com\/wp-content\/uploads\/2024\/11\/pet-air-purifrier-ha360-2.webp","title":"purificateur d'air pour animaux de compagnie ha360","caption":"","description":"","alt":"pet air purifier ha360","srcset":"https:\/\/hisoair.com\/wp-content\/uploads\/2024\/11\/pet-air-purifrier-ha360-2-150x150.webp 150w, https:\/\/hisoair.com\/wp-content\/uploads\/2024\/11\/pet-air-purifrier-ha360-2-300x300.webp 300w, https:\/\/hisoair.com\/wp-content\/uploads\/2024\/11\/pet-air-purifrier-ha360-2-1024x1024.webp 1024w, https:\/\/hisoair.com\/wp-content\/uploads\/2024\/11\/pet-air-purifrier-ha360-2-768x768.webp 768w, https:\/\/hisoair.com\/wp-content\/uploads\/2024\/11\/pet-air-purifrier-ha360-2-1536x1536.webp 1536w, https:\/\/hisoair.com\/wp-content\/uploads\/2024\/11\/pet-air-purifrier-ha360-2-12x12.webp 12w, https:\/\/hisoair.com\/wp-content\/uploads\/2024\/11\/pet-air-purifrier-ha360-2.webp 1600w"},{"width":150,"height":150,"file":"2024\/11\/pet-air-purifrier-ha360-3.webp","filesize":90260,"sizes":{"medium":{"file":"pet-air-purifrier-ha360-3-300x300.webp","width":300,"height":300,"mime-type":"image\/webp","filesize":14520,"url":"https:\/\/hisoair.com\/wp-content\/uploads\/2024\/11\/pet-air-purifrier-ha360-3-300x300.webp"},"large":{"file":"pet-air-purifrier-ha360-3-1024x1024.webp","width":1024,"height":1024,"mime-type":"image\/webp","filesize":69698,"url":"https:\/\/hisoair.com\/wp-content\/uploads\/2024\/11\/pet-air-purifrier-ha360-3-1024x1024.webp"},"thumbnail":{"file":"pet-air-purifrier-ha360-3-150x150.webp","width":150,"height":150,"mime-type":"image\/webp","filesize":4998,"url":"https:\/\/hisoair.com\/wp-content\/uploads\/2024\/11\/pet-air-purifrier-ha360-3-150x150.webp"},"medium_large":{"file":"pet-air-purifrier-ha360-3-768x768.webp","width":768,"height":768,"mime-type":"image\/webp","filesize":49608,"url":"https:\/\/hisoair.com\/wp-content\/uploads\/2024\/11\/pet-air-purifrier-ha360-3-768x768.webp"},"1536x1536":{"file":"pet-air-purifrier-ha360-3-1536x1536.webp","width":1536,"height":1536,"mime-type":"image\/webp","filesize":113476,"url":"https:\/\/hisoair.com\/wp-content\/uploads\/2024\/11\/pet-air-purifrier-ha360-3-1536x1536.webp"},"trp-custom-language-flag":{"file":"pet-air-purifrier-ha360-3-12x12.webp","width":12,"height":12,"mime-type":"image\/webp","filesize":132,"url":"https:\/\/hisoair.com\/wp-content\/uploads\/2024\/11\/pet-air-purifrier-ha360-3-12x12.webp"}},"image_meta":{"aperture":"0","credit":"","camera":"","caption":"","created_timestamp":"0","copyright":"","focal_length":"0","iso":"0","shutter_speed":"0","title":"","orientation":"0","keywords":[]},"ID":"12394","name":"pet-air-purifrier-ha360-3.webp","path":"\/nas\/content\/live\/hisoair\/wp-content\/uploads\/2024\/11\/pet-air-purifrier-ha360-3.webp","url":"https:\/\/hisoair.com\/wp-content\/uploads\/2024\/11\/pet-air-purifrier-ha360-3-150x150.webp","full_url":"https:\/\/hisoair.com\/wp-content\/uploads\/2024\/11\/pet-air-purifrier-ha360-3.webp","title":"purificateur d'air pour animaux de compagnie ha360","caption":"","description":"","alt":"pet air purifier ha360","srcset":"https:\/\/hisoair.com\/wp-content\/uploads\/2024\/11\/pet-air-purifrier-ha360-3-150x150.webp 150w, https:\/\/hisoair.com\/wp-content\/uploads\/2024\/11\/pet-air-purifrier-ha360-3-300x300.webp 300w, https:\/\/hisoair.com\/wp-content\/uploads\/2024\/11\/pet-air-purifrier-ha360-3-1024x1024.webp 1024w, https:\/\/hisoair.com\/wp-content\/uploads\/2024\/11\/pet-air-purifrier-ha360-3-768x768.webp 768w, https:\/\/hisoair.com\/wp-content\/uploads\/2024\/11\/pet-air-purifrier-ha360-3-1536x1536.webp 1536w, https:\/\/hisoair.com\/wp-content\/uploads\/2024\/11\/pet-air-purifrier-ha360-3-12x12.webp 12w, https:\/\/hisoair.com\/wp-content\/uploads\/2024\/11\/pet-air-purifrier-ha360-3.webp 1600w"},{"width":150,"height":150,"file":"2024\/11\/pet-air-purifrier-ha360-4.webp","filesize":108052,"sizes":{"medium":{"file":"pet-air-purifrier-ha360-4-300x300.webp","width":300,"height":300,"mime-type":"image\/webp","filesize":9020,"url":"https:\/\/hisoair.com\/wp-content\/uploads\/2024\/11\/pet-air-purifrier-ha360-4-300x300.webp"},"large":{"file":"pet-air-purifrier-ha360-4-1024x1024.webp","width":1024,"height":1024,"mime-type":"image\/webp","filesize":68176,"url":"https:\/\/hisoair.com\/wp-content\/uploads\/2024\/11\/pet-air-purifrier-ha360-4-1024x1024.webp"},"thumbnail":{"file":"pet-air-purifrier-ha360-4-150x150.webp","width":150,"height":150,"mime-type":"image\/webp","filesize":3558,"url":"https:\/\/hisoair.com\/wp-content\/uploads\/2024\/11\/pet-air-purifrier-ha360-4-150x150.webp"},"medium_large":{"file":"pet-air-purifrier-ha360-4-768x768.webp","width":768,"height":768,"mime-type":"image\/webp","filesize":42554,"url":"https:\/\/hisoair.com\/wp-content\/uploads\/2024\/11\/pet-air-purifrier-ha360-4-768x768.webp"},"1536x1536":{"file":"pet-air-purifrier-ha360-4-1536x1536.webp","width":1536,"height":1536,"mime-type":"image\/webp","filesize":128816,"url":"https:\/\/hisoair.com\/wp-content\/uploads\/2024\/11\/pet-air-purifrier-ha360-4-1536x1536.webp"},"trp-custom-language-flag":{"file":"pet-air-purifrier-ha360-4-12x12.webp","width":12,"height":12,"mime-type":"image\/webp","filesize":144,"url":"https:\/\/hisoair.com\/wp-content\/uploads\/2024\/11\/pet-air-purifrier-ha360-4-12x12.webp"}},"image_meta":{"aperture":"0","credit":"","camera":"","caption":"","created_timestamp":"0","copyright":"","focal_length":"0","iso":"0","shutter_speed":"0","title":"","orientation":"0","keywords":[]},"ID":"12395","name":"pet-air-purifrier-ha360-4.webp","path":"\/nas\/content\/live\/hisoair\/wp-content\/uploads\/2024\/11\/pet-air-purifrier-ha360-4.webp","url":"https:\/\/hisoair.com\/wp-content\/uploads\/2024\/11\/pet-air-purifrier-ha360-4-150x150.webp","full_url":"https:\/\/hisoair.com\/wp-content\/uploads\/2024\/11\/pet-air-purifrier-ha360-4.webp","title":"purificateur d'air pour animaux de compagnie ha360","caption":"","description":"","alt":"pet air purifier ha360","srcset":"https:\/\/hisoair.com\/wp-content\/uploads\/2024\/11\/pet-air-purifrier-ha360-4-150x150.webp 150w, https:\/\/hisoair.com\/wp-content\/uploads\/2024\/11\/pet-air-purifrier-ha360-4-300x300.webp 300w, https:\/\/hisoair.com\/wp-content\/uploads\/2024\/11\/pet-air-purifrier-ha360-4-1024x1024.webp 1024w, https:\/\/hisoair.com\/wp-content\/uploads\/2024\/11\/pet-air-purifrier-ha360-4-768x768.webp 768w, https:\/\/hisoair.com\/wp-content\/uploads\/2024\/11\/pet-air-purifrier-ha360-4-1536x1536.webp 1536w, https:\/\/hisoair.com\/wp-content\/uploads\/2024\/11\/pet-air-purifrier-ha360-4-12x12.webp 12w, https:\/\/hisoair.com\/wp-content\/uploads\/2024\/11\/pet-air-purifrier-ha360-4.webp 1600w"}],"product_capability_to":[],"product_case_to":[],"product_factory_to":[],"product_application_to":[],"related-products_from":["22499","38925","38412"]},"_links":{"self":[{"href":"https:\/\/hisoair.com\/fr\/wp-json\/wp\/v2\/product\/8805","targetHints":{"allow":["GET"]}}],"collection":[{"href":"https:\/\/hisoair.com\/fr\/wp-json\/wp\/v2\/product"}],"about":[{"href":"https:\/\/hisoair.com\/fr\/wp-json\/wp\/v2\/types\/product"}],"wp:featuredmedia":[{"embeddable":true,"href":"https:\/\/hisoair.com\/fr\/wp-json\/wp\/v2\/media\/18162"}],"wp:attachment":[{"href":"https:\/\/hisoair.com\/fr\/wp-json\/wp\/v2\/media?parent=8805"}],"wp:term":[{"taxonomy":"product-cat","embeddable":true,"href":"https:\/\/hisoair.com\/fr\/wp-json\/wp\/v2\/product-cat?post=8805"}],"curies":[{"name":"wp","href":"https:\/\/api.w.org\/{rel}","templated":true}]}}