{"id":9492,"date":"2024-12-03T18:08:20","date_gmt":"2024-12-03T10:08:20","guid":{"rendered":"https:\/\/hisoair.com\/?post_type=product&#038;p=9492"},"modified":"2025-06-12T14:10:25","modified_gmt":"2025-06-12T06:10:25","slug":"purificateur-dair-de-ventilation-hv380","status":"publish","type":"product","link":"https:\/\/hisoair.com\/fr\/product\/ventilation-air-purifier-hv380\/","title":{"rendered":"Purificateur d'air HV380"},"content":{"rendered":"<p><strong>Faible bruit et volume d'air \u00e9lev\u00e9 : Le confort \u00e0 l'\u00e9tat pur<\/strong><br>La technologie innovante Decibel Cancellation\u2122 de HisoAir garantit un fonctionnement silencieux, avec des niveaux de bruit inf\u00e9rieurs de 5 \u00e0 10 dB \u00e0 ceux des concurrents. Associ\u00e9 \u00e0 un puissant syst\u00e8me de ventilation de 320m\u00b3\/h, il assure une circulation d'air robuste pour un environnement int\u00e9rieur plus frais.<\/p>\n\n\n\n<figure class=\"wp-block-image size-full\"><img loading=\"lazy\" decoding=\"async\" width=\"1000\" height=\"1000\" src=\"https:\/\/hisoair.com\/wp-content\/uploads\/2024\/12\/ventilation-air-purifier-hv380.webp\" alt=\"purificateur d&#039;air de ventilation hv380\" class=\"wp-image-9497\" srcset=\"https:\/\/hisoair.com\/wp-content\/uploads\/2024\/12\/ventilation-air-purifier-hv380.webp 1000w, https:\/\/hisoair.com\/wp-content\/uploads\/2024\/12\/ventilation-air-purifier-hv380-300x300.webp 300w, https:\/\/hisoair.com\/wp-content\/uploads\/2024\/12\/ventilation-air-purifier-hv380-150x150.webp 150w, https:\/\/hisoair.com\/wp-content\/uploads\/2024\/12\/ventilation-air-purifier-hv380-768x768.webp 768w, https:\/\/hisoair.com\/wp-content\/uploads\/2024\/12\/ventilation-air-purifier-hv380-12x12.webp 12w\" sizes=\"auto, (max-width: 1000px) 100vw, 1000px\" \/><\/figure>\n\n\n\n<p><strong>Conception unique du conduit d'air : Efficacit\u00e9 accrue du flux d'air<\/strong><br>Dot\u00e9 d'une conception de conduit r\u00e9volutionnaire avec cinq fois plus de roues \u00e0 vent, le purificateur HisoAir offre une efficacit\u00e9 de flux d'air in\u00e9gal\u00e9e, surpassant les capacit\u00e9s des purificateurs traditionnels et assurant une distribution uniforme de l'air.<\/p>\n\n\n\n<figure class=\"wp-block-image size-full\"><img loading=\"lazy\" decoding=\"async\" width=\"1000\" height=\"1000\" src=\"https:\/\/hisoair.com\/wp-content\/uploads\/2024\/12\/ventilation-air-purifier-hv380-2.webp\" alt=\"purificateur d&#039;air de ventilation hv380 (2)\" class=\"wp-image-9495\" srcset=\"https:\/\/hisoair.com\/wp-content\/uploads\/2024\/12\/ventilation-air-purifier-hv380-2.webp 1000w, https:\/\/hisoair.com\/wp-content\/uploads\/2024\/12\/ventilation-air-purifier-hv380-2-300x300.webp 300w, https:\/\/hisoair.com\/wp-content\/uploads\/2024\/12\/ventilation-air-purifier-hv380-2-150x150.webp 150w, https:\/\/hisoair.com\/wp-content\/uploads\/2024\/12\/ventilation-air-purifier-hv380-2-768x768.webp 768w, https:\/\/hisoair.com\/wp-content\/uploads\/2024\/12\/ventilation-air-purifier-hv380-2-12x12.webp 12w\" sizes=\"auto, (max-width: 1000px) 100vw, 1000px\" \/><\/figure>\n\n\n\n<p><strong>Moteur CC sans balais 12v\/8w : Efficace sur le plan \u00e9nerg\u00e9tique et durable<\/strong><br>\u00c9quip\u00e9 d'un moteur DC sans balais de pointe, le purificateur allie efficacit\u00e9 \u00e9nerg\u00e9tique et d\u00e9bit d'air performant. Profitez d'un syst\u00e8me plus silencieux et plus durable, parfait pour une utilisation \u00e0 la maison ou au bureau.<\/p>\n\n\n\n<figure class=\"wp-block-image size-full\"><img loading=\"lazy\" decoding=\"async\" width=\"1000\" height=\"1000\" src=\"https:\/\/hisoair.com\/wp-content\/uploads\/2024\/12\/ventilation-air-purifier-hv380-3.webp\" alt=\"purificateur d&#039;air de ventilation hv380 (3)\" class=\"wp-image-9496\" srcset=\"https:\/\/hisoair.com\/wp-content\/uploads\/2024\/12\/ventilation-air-purifier-hv380-3.webp 1000w, https:\/\/hisoair.com\/wp-content\/uploads\/2024\/12\/ventilation-air-purifier-hv380-3-300x300.webp 300w, https:\/\/hisoair.com\/wp-content\/uploads\/2024\/12\/ventilation-air-purifier-hv380-3-150x150.webp 150w, https:\/\/hisoair.com\/wp-content\/uploads\/2024\/12\/ventilation-air-purifier-hv380-3-768x768.webp 768w, https:\/\/hisoair.com\/wp-content\/uploads\/2024\/12\/ventilation-air-purifier-hv380-3-12x12.webp 12w\" sizes=\"auto, (max-width: 1000px) 100vw, 1000px\" \/><\/figure>\n\n\n\n<p><strong>Chauffage intelligent PTC : Air chaud et naturel sur demande<\/strong><br>La technologie de chauffage intelligent PTC du purificateur utilise des \u00e9l\u00e9ments chauffants int\u00e9gr\u00e9s efficaces pour r\u00e9chauffer l'air entrant. Cela garantit un confort accru en am\u00e9liorant les niveaux d'oxyg\u00e8ne et en r\u00e9duisant le CO2 dans votre espace de vie.<\/p>\n\n\n\n<p><strong>Capteurs de haute pr\u00e9cision : Gestion intelligente de la qualit\u00e9 de l'air<\/strong><br>Gr\u00e2ce \u00e0 ses capteurs int\u00e9gr\u00e9s de CO2, de PM2,5 et de poussi\u00e8re laser japonaise de haute pr\u00e9cision, le purificateur HisoAir permet de contr\u00f4ler la qualit\u00e9 de l'air en temps r\u00e9el. Il ajuste automatiquement le d\u00e9bit d'air et l'intensit\u00e9 du nettoyage en fonction de la qualit\u00e9 de l'air actuelle, garantissant ainsi un environnement int\u00e9rieur optimis\u00e9.<\/p>\n\n\n\n<p>HisoAir associe un fonctionnement silencieux, une technologie innovante et une surveillance intelligente pour offrir une purification de l'air exceptionnelle. Am\u00e9liorez la qualit\u00e9 de votre air gr\u00e2ce aux solutions avanc\u00e9es d'HisoAir pour un espace de vie plus sain et plus confortable.<\/p>","protected":false},"featured_media":9498,"template":"","product-cat":[67,38],"class_list":["post-9492","product","type-product","status-publish","has-post-thumbnail","hentry","product-cat-ventilator-purifier","product-cat-wall-mounting-air-purifiers"],"meta_box":{"product_short_intro":"<ul>\n<li><strong>Low Noise, High Air Volume<\/strong>: Powered by Decibel Cancellation\u2122 Technology, our purifier operates 5-10dB quieter than competitors while delivering strong airflow.<\/li>\n<li><strong>Unique Air Duct Design<\/strong>: With five times more wind wheels, our duct design surpasses traditional purifiers for enhanced performance.<\/li>\n<li><strong>12v\/8w Brushless DC Motor<\/strong>: Achieves energy efficiency, high airflow, low noise, and extended durability with advanced brushless DC motor technology.<\/li>\n<li><strong>PTC Intelligent Heating<\/strong>: Built-in heating elements warm incoming air, delivering natural and comfortable airflow.<\/li>\n<li><strong>High-Precision Sensors<\/strong>: Includes CO2, PM2.5, and Japanese laser dust sensors for accurate air quality monitoring and automatic adjustments.<\/li>\n<\/ul>\n","hero_button_text":"Request a Quote","specifications_table":[{"attribute_name":"Voltage","attribute_value":"110V-220V","_state":"expanded"},{"attribute_name":"Power","attribute_value":"40W","_state":"expanded"},{"attribute_name":"CADR","attribute_value":"360m3\/h(211CFM)","_state":"expanded"},{"attribute_name":"Fresh Air volume","attribute_value":"320m3\/h","_state":"expanded"},{"attribute_name":"Application area","attribute_value":"30-40m\u00b2","_state":"expanded"},{"attribute_name":"Max Noise","attribute_value":"35-50dB","_state":"expanded"},{"attribute_name":"Filter","attribute_value":"HEPA 13 +activated carbon filter+silver ion","_state":"expanded"},{"attribute_name":"Certificates","attribute_value":"CE-EMC, CE-LVD, ROHS, CADR & Noise, WIF, EN1822, Antibacterial filter test report","_state":"expanded"},{"attribute_name":"Machine Size","attribute_value":"430*135*690mm","_state":"expanded"},{"attribute_name":"Net Weight","attribute_value":"8.5 kg","_state":"expanded"}],"specification_html_table":"","downloads":[{"file_url_or_upload":"https:\/\/hisoair.com\/wp-content\/uploads\/2024\/12\/ventilation-air-purifier-hv380.pdf"}],"related_posts":["8815","8821","8833","7625"],"related_downloads":[],"product_gallery":[],"product_capability_to":[],"product_case_to":[],"product_factory_to":[],"product_application_to":[],"related-products_from":["37925","26349","38412"]},"_links":{"self":[{"href":"https:\/\/hisoair.com\/fr\/wp-json\/wp\/v2\/product\/9492","targetHints":{"allow":["GET"]}}],"collection":[{"href":"https:\/\/hisoair.com\/fr\/wp-json\/wp\/v2\/product"}],"about":[{"href":"https:\/\/hisoair.com\/fr\/wp-json\/wp\/v2\/types\/product"}],"wp:featuredmedia":[{"embeddable":true,"href":"https:\/\/hisoair.com\/fr\/wp-json\/wp\/v2\/media\/9498"}],"wp:attachment":[{"href":"https:\/\/hisoair.com\/fr\/wp-json\/wp\/v2\/media?parent=9492"}],"wp:term":[{"taxonomy":"product-cat","embeddable":true,"href":"https:\/\/hisoair.com\/fr\/wp-json\/wp\/v2\/product-cat?post=9492"}],"curies":[{"name":"wp","href":"https:\/\/api.w.org\/{rel}","templated":true}]}}