{"id":9500,"date":"2024-12-03T18:17:34","date_gmt":"2024-12-03T10:17:34","guid":{"rendered":"https:\/\/hisoair.com\/?post_type=product&#038;p=9500"},"modified":"2025-06-12T14:38:10","modified_gmt":"2025-06-12T06:38:10","slug":"purificateur-dair-de-ventilation-hv600","status":"publish","type":"product","link":"https:\/\/hisoair.com\/fr\/product\/ventilation-air-purifier-hv600\/","title":{"rendered":"Purificateur d'air de ventilation HV600"},"content":{"rendered":"<h3 class=\"wp-block-heading\">Design compact et \u00e9l\u00e9gant<\/h3>\n\n\n\n<p>Le HV600 est con\u00e7u pour s'adapter \u00e0 tous les styles d'int\u00e9rieur gr\u00e2ce \u00e0 sa construction minimaliste et \u00e0 son montage mural. L'installation est simple, ce qui lui permet de s'adapter \u00e0 un large \u00e9ventail d'espaces.<\/p>\n\n\n\n<figure class=\"wp-block-image size-full\"><img loading=\"lazy\" decoding=\"async\" width=\"1000\" height=\"1000\" src=\"https:\/\/hisoair.com\/wp-content\/uploads\/2024\/12\/ventilation-air-purifier-hv600-1.webp\" alt=\"purificateur d&#039;air de ventilation hv600\" class=\"wp-image-9507\" srcset=\"https:\/\/hisoair.com\/wp-content\/uploads\/2024\/12\/ventilation-air-purifier-hv600-1.webp 1000w, https:\/\/hisoair.com\/wp-content\/uploads\/2024\/12\/ventilation-air-purifier-hv600-1-300x300.webp 300w, https:\/\/hisoair.com\/wp-content\/uploads\/2024\/12\/ventilation-air-purifier-hv600-1-150x150.webp 150w, https:\/\/hisoair.com\/wp-content\/uploads\/2024\/12\/ventilation-air-purifier-hv600-1-768x768.webp 768w, https:\/\/hisoair.com\/wp-content\/uploads\/2024\/12\/ventilation-air-purifier-hv600-1-12x12.webp 12w\" sizes=\"auto, (max-width: 1000px) 100vw, 1000px\" \/><\/figure>\n\n\n\n<h3 class=\"wp-block-heading\">Distribution efficace d'air frais<\/h3>\n\n\n\n<p>Le HV600 am\u00e9liore la qualit\u00e9 de l'air int\u00e9rieur gr\u00e2ce \u00e0 son <strong>Chauffage intelligent PTC<\/strong> et un syst\u00e8me de ventilation \u00e0 haut volume. Avec une capacit\u00e9 de <strong>210m\u00b3\/h<\/strong>Il introduit de l'air frais ext\u00e9rieur, augmentant les niveaux d'oxyg\u00e8ne et maintenant un \u00e9quilibre id\u00e9al de CO\u2082.<\/p>\n\n\n\n<figure class=\"wp-block-image size-full\"><img loading=\"lazy\" decoding=\"async\" width=\"1000\" height=\"1000\" src=\"https:\/\/hisoair.com\/wp-content\/uploads\/2024\/12\/ventilation-air-purifier-hv600-2.webp\" alt=\"purificateur d&#039;air de ventilation hv600 (2)\" class=\"wp-image-9504\" srcset=\"https:\/\/hisoair.com\/wp-content\/uploads\/2024\/12\/ventilation-air-purifier-hv600-2.webp 1000w, https:\/\/hisoair.com\/wp-content\/uploads\/2024\/12\/ventilation-air-purifier-hv600-2-300x300.webp 300w, https:\/\/hisoair.com\/wp-content\/uploads\/2024\/12\/ventilation-air-purifier-hv600-2-150x150.webp 150w, https:\/\/hisoair.com\/wp-content\/uploads\/2024\/12\/ventilation-air-purifier-hv600-2-768x768.webp 768w, https:\/\/hisoair.com\/wp-content\/uploads\/2024\/12\/ventilation-air-purifier-hv600-2-12x12.webp 12w\" sizes=\"auto, (max-width: 1000px) 100vw, 1000px\" \/><\/figure>\n\n\n\n<h3 class=\"wp-block-heading\">Surveillance et contr\u00f4le avanc\u00e9s<\/h3>\n\n\n\n<p>Capteurs de pointe, notamment <strong>capteurs de particules \u00e0 laser<\/strong>, <strong>Capteurs infrarouges de CO\u2082<\/strong>et <strong>Capteurs de PM2.5<\/strong>Ces capteurs surveillent en permanence la qualit\u00e9 de l'air. Ces capteurs permettent au HV600 d'ajuster le d\u00e9bit d'air de mani\u00e8re dynamique et peuvent s'int\u00e9grer aux syst\u00e8mes domestiques intelligents pour un confort accru.<\/p>\n\n\n\n<figure class=\"wp-block-image size-full\"><img loading=\"lazy\" decoding=\"async\" width=\"1000\" height=\"1000\" src=\"https:\/\/hisoair.com\/wp-content\/uploads\/2024\/12\/ventilation-air-purifier-hv600-3.webp\" alt=\"purificateur d&#039;air de ventilation hv600 (3)\" class=\"wp-image-9505\" srcset=\"https:\/\/hisoair.com\/wp-content\/uploads\/2024\/12\/ventilation-air-purifier-hv600-3.webp 1000w, https:\/\/hisoair.com\/wp-content\/uploads\/2024\/12\/ventilation-air-purifier-hv600-3-300x300.webp 300w, https:\/\/hisoair.com\/wp-content\/uploads\/2024\/12\/ventilation-air-purifier-hv600-3-150x150.webp 150w, https:\/\/hisoair.com\/wp-content\/uploads\/2024\/12\/ventilation-air-purifier-hv600-3-768x768.webp 768w, https:\/\/hisoair.com\/wp-content\/uploads\/2024\/12\/ventilation-air-purifier-hv600-3-12x12.webp 12w\" sizes=\"auto, (max-width: 1000px) 100vw, 1000px\" \/><\/figure>\n\n\n\n<h3 class=\"wp-block-heading\">Contr\u00f4le exceptionnel du bruit<\/h3>\n\n\n\n<p>\u00c9quip\u00e9 de <strong>Technologie Decibel Cancellation\u2122<\/strong>Le HV600 fonctionne dans un silence absolu, r\u00e9duisant le bruit de 5 \u00e0 10 dB par rapport aux mod\u00e8les conventionnels. L'appareil <strong>conception unique des conduits d'air<\/strong> avec plusieurs roues \u00e0 vent garantit une performance puissante sans perturbation.<\/p>\n\n\n\n<figure class=\"wp-block-image size-full\"><img loading=\"lazy\" decoding=\"async\" width=\"1000\" height=\"1000\" src=\"https:\/\/hisoair.com\/wp-content\/uploads\/2024\/12\/ventilation-air-purifier-hv600-4.webp\" alt=\"purificateur d&#039;air de ventilation hv600 (4)\" class=\"wp-image-9506\" srcset=\"https:\/\/hisoair.com\/wp-content\/uploads\/2024\/12\/ventilation-air-purifier-hv600-4.webp 1000w, https:\/\/hisoair.com\/wp-content\/uploads\/2024\/12\/ventilation-air-purifier-hv600-4-300x300.webp 300w, https:\/\/hisoair.com\/wp-content\/uploads\/2024\/12\/ventilation-air-purifier-hv600-4-150x150.webp 150w, https:\/\/hisoair.com\/wp-content\/uploads\/2024\/12\/ventilation-air-purifier-hv600-4-768x768.webp 768w, https:\/\/hisoair.com\/wp-content\/uploads\/2024\/12\/ventilation-air-purifier-hv600-4-12x12.webp 12w\" sizes=\"auto, (max-width: 1000px) 100vw, 1000px\" \/><\/figure>\n\n\n\n<p>The HV600 Ventilation Air Purifier is a perfect blend of style, performance, and intelligent air quality management. Designed for modern homes, it delivers fresh outdoor air while maintaining quiet and energy-efficient operation.<\/p>\n\n\n\n<p><\/p>","protected":false},"featured_media":9503,"template":"","product-cat":[67,38],"class_list":["post-9500","product","type-product","status-publish","has-post-thumbnail","hentry","product-cat-ventilator-purifier","product-cat-wall-mounting-air-purifiers"],"meta_box":{"product_short_intro":"<p>\u25cf\u00a0<strong>Dual Circulation Purification<\/strong>: Offers two modes \u2013 fresh air mode and indoor purification mode, adapting easily to various use environments.<\/p>\n<p>\u25cf\u00a0<strong>Powerful Twin-Coaxial Turbo Fans<\/strong>: Equipped with twin-coaxial turbo fans that provide twice the power of standard fans for efficient air circulation with lower energy consumption and smaller size.<\/p>\n<p>\u25cf\u00a0<strong>Enhanced Indoor Air Quality<\/strong>: Uses UBP Pure technology to filter out harmful particles such as PM2.5, pollen, and allergens, ensuring healthier indoor air circulation.<\/p>\n<p>\u25cf\u00a0<strong>Condensation Prevention<\/strong>: Designed with anti-condensation technology to protect interiors from unintended water droplet damage.<\/p>\n<p><!-- notionvc: 4a0d6b71-fb69-4968-9d9a-f48d9964a1b8 --><\/p>\n","hero_button_text":"Request a Quote","specifications_table":[{"attribute_name":"Type","attribute_value":"Wall-mounted Type","_state":"expanded"},{"attribute_name":"Max Air Volume (PM2.5 CADR)","attribute_value":"600m\u00b3\/h"},{"attribute_name":"Fresh Air Volume","attribute_value":"210m\u00b3\/h"},{"attribute_name":"Max Application Area","attribute_value":"40-70m\u00b2"},{"attribute_name":"Noise","attribute_value":"37-60.5dB"},{"attribute_name":"Filters","attribute_value":"HEPA Filter + Aldehyde Removal Filter"},{"attribute_name":"Shell Material","attribute_value":"Metal and Fabric"},{"attribute_name":"Voltage","attribute_value":"220V\/50Hz"},{"attribute_name":"Input Power","attribute_value":"55W"},{"attribute_name":"Heating Power","attribute_value":"780W"},{"attribute_name":"Machine Size","attribute_value":"470*800*232mm"},{"attribute_name":"Net Weight","attribute_value":"25Kg"},{"attribute_name":"Optional","attribute_value":"lOT Connection"}],"specification_html_table":"","downloads":[{"file_name":"ventilation-air-purifier-hv600","file_url_or_upload":"https:\/\/hisoair.com\/wp-content\/uploads\/2024\/12\/ventilation-air-purifier-hv600-1.pdf"}],"related_posts":["11494","7603","7309","8815"],"related_downloads":[],"product_gallery":[],"product_capability_to":[],"product_case_to":[],"product_factory_to":[],"product_application_to":[],"related-products_from":["37925","37939","36226","26349","38047"]},"_links":{"self":[{"href":"https:\/\/hisoair.com\/fr\/wp-json\/wp\/v2\/product\/9500","targetHints":{"allow":["GET"]}}],"collection":[{"href":"https:\/\/hisoair.com\/fr\/wp-json\/wp\/v2\/product"}],"about":[{"href":"https:\/\/hisoair.com\/fr\/wp-json\/wp\/v2\/types\/product"}],"wp:featuredmedia":[{"embeddable":true,"href":"https:\/\/hisoair.com\/fr\/wp-json\/wp\/v2\/media\/9503"}],"wp:attachment":[{"href":"https:\/\/hisoair.com\/fr\/wp-json\/wp\/v2\/media?parent=9500"}],"wp:term":[{"taxonomy":"product-cat","embeddable":true,"href":"https:\/\/hisoair.com\/fr\/wp-json\/wp\/v2\/product-cat?post=9500"}],"curies":[{"name":"wp","href":"https:\/\/api.w.org\/{rel}","templated":true}]}}