{"id":9508,"date":"2024-12-03T18:40:23","date_gmt":"2024-12-03T10:40:23","guid":{"rendered":"https:\/\/hisoair.com\/?post_type=product&#038;p=9508"},"modified":"2025-04-23T19:13:22","modified_gmt":"2025-04-23T11:13:22","slug":"air-purifier-with-humidifier-ha-m3000","status":"publish","type":"product","link":"https:\/\/hisoair.com\/fr\/product\/air-purifier-with-humidifier-ha-m3000\/","title":{"rendered":"Air Purifier with Humidifier HA-M3000"},"content":{"rendered":"<p><strong>Technologie d'\u00e9vaporation sans moisissure : Respirez facilement, restez en bonne sant\u00e9<\/strong><br>Le purificateur d'air et humidificateur d'air par \u00e9vaporation de HisoAir utilise une technologie d'\u00e9vaporation \u00e0 froid de pointe, offrant des niveaux d'humidit\u00e9 optimaux sans risque de moisissure ou de brouillard. Gr\u00e2ce \u00e0 son module d'\u00e9lectrolyte actif, le syst\u00e8me \u00e9limine efficacement 99,99% des moisissures et des bact\u00e9ries, garantissant ainsi un air sain et propre pour vous et votre famille.<\/p>\n\n\n\n<figure class=\"wp-block-image size-full\"><img loading=\"lazy\" decoding=\"async\" width=\"1000\" height=\"1000\" src=\"https:\/\/hisoair.com\/wp-content\/uploads\/2024\/12\/air-purifier-with-humidifier-hm3000.webp\" alt=\"purificateur d&#039;air avec humidificateur hm3000\" class=\"wp-image-9517\" srcset=\"https:\/\/hisoair.com\/wp-content\/uploads\/2024\/12\/air-purifier-with-humidifier-hm3000.webp 1000w, https:\/\/hisoair.com\/wp-content\/uploads\/2024\/12\/air-purifier-with-humidifier-hm3000-300x300.webp 300w, https:\/\/hisoair.com\/wp-content\/uploads\/2024\/12\/air-purifier-with-humidifier-hm3000-150x150.webp 150w, https:\/\/hisoair.com\/wp-content\/uploads\/2024\/12\/air-purifier-with-humidifier-hm3000-768x768.webp 768w, https:\/\/hisoair.com\/wp-content\/uploads\/2024\/12\/air-purifier-with-humidifier-hm3000-12x12.webp 12w\" sizes=\"auto, (max-width: 1000px) 100vw, 1000px\" \/><\/figure>\n\n\n\n<p><strong>Efficacit\u00e9 \u00e9lev\u00e9e en mati\u00e8re d'humidification et de purification<\/strong><br>With a powerful 500ml\/h humidification capacity and a CADR of 300, the HisoAir system provides rapid air purification while maintaining ideal humidity levels. Perfect for any indoor space, it enhances both comfort and cleanliness effortlessly.<\/p>\n\n\n\n<figure class=\"wp-block-image size-full\"><img loading=\"lazy\" decoding=\"async\" width=\"1000\" height=\"1000\" src=\"https:\/\/hisoair.com\/wp-content\/uploads\/2024\/12\/air-purifier-with-humidifier-hm3000-7.webp\" alt=\"purificateur d&#039;air avec humidificateur hm3000 (7)\" class=\"wp-image-9516\" srcset=\"https:\/\/hisoair.com\/wp-content\/uploads\/2024\/12\/air-purifier-with-humidifier-hm3000-7.webp 1000w, https:\/\/hisoair.com\/wp-content\/uploads\/2024\/12\/air-purifier-with-humidifier-hm3000-7-300x300.webp 300w, https:\/\/hisoair.com\/wp-content\/uploads\/2024\/12\/air-purifier-with-humidifier-hm3000-7-150x150.webp 150w, https:\/\/hisoair.com\/wp-content\/uploads\/2024\/12\/air-purifier-with-humidifier-hm3000-7-768x768.webp 768w, https:\/\/hisoair.com\/wp-content\/uploads\/2024\/12\/air-purifier-with-humidifier-hm3000-7-12x12.webp 12w\" sizes=\"auto, (max-width: 1000px) 100vw, 1000px\" \/><\/figure>\n\n\n\n<p><strong>Fonctionnement silencieux : Traitement de l'air sans interruption<\/strong><br>Con\u00e7u pour une vie paisible, le purificateur et humidificateur HisoAir fonctionne silencieusement, garantissant un sommeil paisible et une productivit\u00e9 accrue pendant la journ\u00e9e. Profitez des avantages d'un air frais et propre sans le bruit.<\/p>\n\n\n\n<figure class=\"wp-block-image size-full\"><img loading=\"lazy\" decoding=\"async\" width=\"1000\" height=\"1000\" src=\"https:\/\/hisoair.com\/wp-content\/uploads\/2024\/12\/air-purifier-with-humidifier-hm3000-6.webp\" alt=\"purificateur d&#039;air avec humidificateur hm3000 (6)\" class=\"wp-image-9515\" srcset=\"https:\/\/hisoair.com\/wp-content\/uploads\/2024\/12\/air-purifier-with-humidifier-hm3000-6.webp 1000w, https:\/\/hisoair.com\/wp-content\/uploads\/2024\/12\/air-purifier-with-humidifier-hm3000-6-300x300.webp 300w, https:\/\/hisoair.com\/wp-content\/uploads\/2024\/12\/air-purifier-with-humidifier-hm3000-6-150x150.webp 150w, https:\/\/hisoair.com\/wp-content\/uploads\/2024\/12\/air-purifier-with-humidifier-hm3000-6-768x768.webp 768w, https:\/\/hisoair.com\/wp-content\/uploads\/2024\/12\/air-purifier-with-humidifier-hm3000-6-12x12.webp 12w\" sizes=\"auto, (max-width: 1000px) 100vw, 1000px\" \/><\/figure>\n\n\n\n<p><strong>Confort et propret\u00e9 en parfaite harmonie<\/strong><br>Ce syst\u00e8me avanc\u00e9 associe une purification efficace de l'air \u00e0 une humidification efficace, cr\u00e9ant ainsi un environnement int\u00e9rieur id\u00e9al. Que ce soit \u00e0 la maison ou au bureau, il vous permet de respirer confortablement et sainement.<\/p>\n\n\n\n<figure class=\"wp-block-image size-full\"><img loading=\"lazy\" decoding=\"async\" width=\"1000\" height=\"1000\" src=\"https:\/\/hisoair.com\/wp-content\/uploads\/2024\/12\/air-purifier-with-humidifier-hm3000-5.webp\" alt=\"purificateur d&#039;air avec humidificateur hm3000 (5)\" class=\"wp-image-9514\" srcset=\"https:\/\/hisoair.com\/wp-content\/uploads\/2024\/12\/air-purifier-with-humidifier-hm3000-5.webp 1000w, https:\/\/hisoair.com\/wp-content\/uploads\/2024\/12\/air-purifier-with-humidifier-hm3000-5-300x300.webp 300w, https:\/\/hisoair.com\/wp-content\/uploads\/2024\/12\/air-purifier-with-humidifier-hm3000-5-150x150.webp 150w, https:\/\/hisoair.com\/wp-content\/uploads\/2024\/12\/air-purifier-with-humidifier-hm3000-5-768x768.webp 768w, https:\/\/hisoair.com\/wp-content\/uploads\/2024\/12\/air-purifier-with-humidifier-hm3000-5-12x12.webp 12w\" sizes=\"auto, (max-width: 1000px) 100vw, 1000px\" \/><\/figure>\n\n\n\n<p><strong>Humidit\u00e9 sans brouillard pour une exp\u00e9rience rafra\u00eechissante<\/strong><br>L'humidificateur \u00e9vaporatif HisoAir \u00e9limine les probl\u00e8mes courants des humidificateurs \u00e0 vapeur, en fournissant une humidit\u00e9 constante et naturelle sans les risques de surhumidification. C'est la solution ultime pour un espace plus sain et plus confortable.<\/p>\n\n\n\n<figure class=\"wp-block-image size-full\"><img loading=\"lazy\" decoding=\"async\" width=\"1000\" height=\"1000\" src=\"https:\/\/hisoair.com\/wp-content\/uploads\/2024\/12\/air-purifier-with-humidifier-hm3000-3.webp\" alt=\"purificateur d&#039;air avec humidificateur hm3000 (3)\" class=\"wp-image-9512\" srcset=\"https:\/\/hisoair.com\/wp-content\/uploads\/2024\/12\/air-purifier-with-humidifier-hm3000-3.webp 1000w, https:\/\/hisoair.com\/wp-content\/uploads\/2024\/12\/air-purifier-with-humidifier-hm3000-3-300x300.webp 300w, https:\/\/hisoair.com\/wp-content\/uploads\/2024\/12\/air-purifier-with-humidifier-hm3000-3-150x150.webp 150w, https:\/\/hisoair.com\/wp-content\/uploads\/2024\/12\/air-purifier-with-humidifier-hm3000-3-768x768.webp 768w, https:\/\/hisoair.com\/wp-content\/uploads\/2024\/12\/air-purifier-with-humidifier-hm3000-3-12x12.webp 12w\" sizes=\"auto, (max-width: 1000px) 100vw, 1000px\" \/><\/figure>\n\n\n\n<p>Choisissez HisoAir pour une purification de l'air et une humidification efficaces, sans moisissures et silencieuses, adapt\u00e9es \u00e0 votre mode de vie moderne.<\/p>\n\n\n\n<figure class=\"wp-block-image size-full\"><img loading=\"lazy\" decoding=\"async\" width=\"1000\" height=\"1000\" src=\"https:\/\/hisoair.com\/wp-content\/uploads\/2024\/12\/air-purifier-with-humidifier-hm3000-2.webp\" alt=\"purificateur d&#039;air avec humidificateur hm3000 (2)\" class=\"wp-image-9511\" srcset=\"https:\/\/hisoair.com\/wp-content\/uploads\/2024\/12\/air-purifier-with-humidifier-hm3000-2.webp 1000w, https:\/\/hisoair.com\/wp-content\/uploads\/2024\/12\/air-purifier-with-humidifier-hm3000-2-300x300.webp 300w, https:\/\/hisoair.com\/wp-content\/uploads\/2024\/12\/air-purifier-with-humidifier-hm3000-2-150x150.webp 150w, https:\/\/hisoair.com\/wp-content\/uploads\/2024\/12\/air-purifier-with-humidifier-hm3000-2-768x768.webp 768w, https:\/\/hisoair.com\/wp-content\/uploads\/2024\/12\/air-purifier-with-humidifier-hm3000-2-12x12.webp 12w\" sizes=\"auto, (max-width: 1000px) 100vw, 1000px\" \/><\/figure>","protected":false},"featured_media":11835,"template":"","product-cat":[52,33],"class_list":["post-9508","product","type-product","status-publish","has-post-thumbnail","hentry","product-cat-humidifier-with-air-purifier","product-cat-humidifiers"],"meta_box":{"product_short_intro":"<ul>\n<li><strong>Mold-Free Evaporative Technology<\/strong>: Harness advanced cold evaporative technology to achieve consistent humidity without mist or mold, with an active electrolyte module ensuring 99.99% mold and bacteria-free air.<\/li>\n<li><strong>High-Efficiency Humidification and Purification<\/strong>: Enjoy 500ml\/h humidification and a CADR of 300 for rapid air purification and perfectly balanced indoor comfort.<\/li>\n<li><strong>Whisper-Quiet Operation<\/strong>: Low-noise design ensures peaceful nights and productive days with clean, fresh air.<\/li>\n<li><strong>Comfort Meets Cleanliness<\/strong>: Achieve the perfect balance between air purification and humidification, ideal for homes and offices alike.<\/li>\n<li><strong>Mist-Free Moisture<\/strong>: Experience fresh, moist air without the hassles of excess humidity or mist accumulation.<\/li>\n<\/ul>\n","hero_button_text":"Request a Quote","specifications_table":[{"attribute_name":"Rated voltage","attribute_value":"110-240V~","_state":"expanded"},{"attribute_name":"Working frequency","attribute_value":"50\/60Hz","_state":"expanded"},{"attribute_name":"Rated power","attribute_value":"50W","_state":"expanded"},{"attribute_name":"Noise","attribute_value":"\u226460dB","_state":"expanded"},{"attribute_name":"CADR","attribute_value":"300m\u00b3\/h","_state":"expanded"},{"attribute_name":"Tank capacity","attribute_value":"3L","_state":"expanded"},{"attribute_name":"Humidification Rate","attribute_value":"580ml\/h"},{"attribute_name":"Coverage Area","attribute_value":"40m\u00b2"},{"attribute_name":"Optional","attribute_value":"UV lights\uff0cTUYA WIFI\uff0cAnion\uff0cInfrared remote control"},{"attribute_name":"Dimensions","attribute_value":"276 \u00d7 302 \u00d7 795mm"},{"attribute_name":"Net Weight","attribute_value":"7.6kg"}],"specification_html_table":"","downloads":[{"file_name":"2-in-1 Air purifier & Humidifier HA-M3000","file_url_or_upload":"https:\/\/hisoair.com\/wp-content\/uploads\/2024\/12\/2-in-1-air-purifier-humidifier-ha-m3000.pdf"}],"related_posts":["7617","7040","5183","5179"],"related_downloads":[],"product_gallery":[],"product_capability_to":[],"product_case_to":[],"product_factory_to":[],"product_application_to":[],"related-products_from":["5499","35223","37558","38406","38409","38934"]},"_links":{"self":[{"href":"https:\/\/hisoair.com\/fr\/wp-json\/wp\/v2\/product\/9508","targetHints":{"allow":["GET"]}}],"collection":[{"href":"https:\/\/hisoair.com\/fr\/wp-json\/wp\/v2\/product"}],"about":[{"href":"https:\/\/hisoair.com\/fr\/wp-json\/wp\/v2\/types\/product"}],"wp:featuredmedia":[{"embeddable":true,"href":"https:\/\/hisoair.com\/fr\/wp-json\/wp\/v2\/media\/11835"}],"wp:attachment":[{"href":"https:\/\/hisoair.com\/fr\/wp-json\/wp\/v2\/media?parent=9508"}],"wp:term":[{"taxonomy":"product-cat","embeddable":true,"href":"https:\/\/hisoair.com\/fr\/wp-json\/wp\/v2\/product-cat?post=9508"}],"curies":[{"name":"wp","href":"https:\/\/api.w.org\/{rel}","templated":true}]}}