{"id":8586,"date":"2024-11-27T19:33:33","date_gmt":"2024-11-27T11:33:33","guid":{"rendered":"https:\/\/hisoair.com\/?post_type=product&#038;p=8586"},"modified":"2025-06-27T10:39:18","modified_gmt":"2025-06-27T02:39:18","slug":"desktop-air-purifier-ha100d-pro","status":"publish","type":"product","link":"https:\/\/hisoair.com\/it\/product\/desktop-air-purifier-ha100d-pro\/","title":{"rendered":"Purificatore d'aria da tavolo HA100D Pro"},"content":{"rendered":"<p><strong>Design unico dei condotti d'aria: Dove l'eleganza incontra l'efficienza<\/strong><br>Il purificatore d'aria HisoAir si distingue per l'esclusivo design del condotto dell'aria che non solo ottimizza il flusso d'aria, ma riduce anche in modo significativo il rumore. Nelle aule scolastiche, negli uffici o nelle grandi aree commerciali, il purificatore d'aria fornisce aria pulita in modo silenzioso mantenendo livelli di rumore inferiori di 5-10 dB rispetto ad altri dispositivi simili presenti sul mercato, unendo tranquillit\u00e0 e funzionalit\u00e0.<\/p>\n\n\n\n<figure class=\"wp-block-image size-full\"><img loading=\"lazy\" decoding=\"async\" width=\"1000\" height=\"1000\" src=\"https:\/\/hisoair.com\/wp-content\/uploads\/2024\/11\/desktop-air-purifier-ha100d-2.webp\" alt=\"purificatore d&#039;aria da tavolo ha100d\" class=\"wp-image-8787\" srcset=\"https:\/\/hisoair.com\/wp-content\/uploads\/2024\/11\/desktop-air-purifier-ha100d-2.webp 1000w, https:\/\/hisoair.com\/wp-content\/uploads\/2024\/11\/desktop-air-purifier-ha100d-2-300x300.webp 300w, https:\/\/hisoair.com\/wp-content\/uploads\/2024\/11\/desktop-air-purifier-ha100d-2-150x150.webp 150w, https:\/\/hisoair.com\/wp-content\/uploads\/2024\/11\/desktop-air-purifier-ha100d-2-768x768.webp 768w, https:\/\/hisoair.com\/wp-content\/uploads\/2024\/11\/desktop-air-purifier-ha100d-2-12x12.webp 12w\" sizes=\"auto, (max-width: 1000px) 100vw, 1000px\" \/><\/figure>\n\n\n\n<p><strong>Grande CADR e grande flusso d'aria: Perfetto per gli spazi ampi<\/strong><br>Questo purificatore d'aria \u00e8 progettato per fornire una portata d'aria pulita (CADR) ad alta definizione e un forte flusso d'aria, che lo rendono la scelta ideale per uffici e sale conferenze. Il suo potente flusso d'aria garantisce una copertura completa e una qualit\u00e0 dell'aria costante in tutta l'area.<\/p>\n\n\n\n<figure class=\"wp-block-image size-full\"><img loading=\"lazy\" decoding=\"async\" width=\"1000\" height=\"1000\" src=\"https:\/\/hisoair.com\/wp-content\/uploads\/2024\/11\/desktop-air-purifier-ha100d-2-1.webp\" alt=\"purificatore d&#039;aria da tavolo ha100d 2\" class=\"wp-image-8788\" srcset=\"https:\/\/hisoair.com\/wp-content\/uploads\/2024\/11\/desktop-air-purifier-ha100d-2-1.webp 1000w, https:\/\/hisoair.com\/wp-content\/uploads\/2024\/11\/desktop-air-purifier-ha100d-2-1-300x300.webp 300w, https:\/\/hisoair.com\/wp-content\/uploads\/2024\/11\/desktop-air-purifier-ha100d-2-1-150x150.webp 150w, https:\/\/hisoair.com\/wp-content\/uploads\/2024\/11\/desktop-air-purifier-ha100d-2-1-768x768.webp 768w, https:\/\/hisoair.com\/wp-content\/uploads\/2024\/11\/desktop-air-purifier-ha100d-2-1-12x12.webp 12w\" sizes=\"auto, (max-width: 1000px) 100vw, 1000px\" \/><\/figure>\n\n\n\n<p><strong>Sensori multipli per il monitoraggio intelligente della qualit\u00e0 dell'aria<\/strong><br>Dotato di sensori di PM2,5, CO2, temperatura, umidit\u00e0, radar, luce e rumore, il purificatore d'aria HisoAir fornisce informazioni in tempo reale sulla qualit\u00e0 dell'aria interna. Questi sensori non solo forniscono agli utenti dati precisi, ma guidano anche algoritmi intelligenti che ottimizzano le prestazioni del purificatore per una maggiore efficienza.<\/p>\n\n\n\n<figure class=\"wp-block-image size-full\"><img loading=\"lazy\" decoding=\"async\" width=\"1000\" height=\"1000\" src=\"https:\/\/hisoair.com\/wp-content\/uploads\/2024\/11\/desktop-air-purifier-ha100d-3.webp\" alt=\"purificatore d&#039;aria da tavolo ha100d 3\" class=\"wp-image-8789\" srcset=\"https:\/\/hisoair.com\/wp-content\/uploads\/2024\/11\/desktop-air-purifier-ha100d-3.webp 1000w, https:\/\/hisoair.com\/wp-content\/uploads\/2024\/11\/desktop-air-purifier-ha100d-3-300x300.webp 300w, https:\/\/hisoair.com\/wp-content\/uploads\/2024\/11\/desktop-air-purifier-ha100d-3-150x150.webp 150w, https:\/\/hisoair.com\/wp-content\/uploads\/2024\/11\/desktop-air-purifier-ha100d-3-768x768.webp 768w, https:\/\/hisoair.com\/wp-content\/uploads\/2024\/11\/desktop-air-purifier-ha100d-3-12x12.webp 12w\" sizes=\"auto, (max-width: 1000px) 100vw, 1000px\" \/><\/figure>\n\n\n\n<p><strong>Su misura per scenari versatili<\/strong><br>Che si tratti di un'aula scolastica, di una sala riunioni di un ufficio o di un grande ambiente commerciale, il purificatore d'aria HisoAir si adatta senza problemi alle diverse esigenze. Con il suo sistema di filtrazione avanzato e le sue funzioni innovative, \u00e8 pi\u00f9 di un semplice purificatore: \u00e8 il vostro partner di fiducia nella gestione della qualit\u00e0 dell'aria.<\/p>\n\n\n\n<figure class=\"wp-block-image size-full\"><img loading=\"lazy\" decoding=\"async\" width=\"1000\" height=\"1000\" src=\"https:\/\/hisoair.com\/wp-content\/uploads\/2024\/11\/desktop-air-purifier-ha100d-4.webp\" alt=\"purificatore d&#039;aria da tavolo ha100d 4\" class=\"wp-image-8790\" srcset=\"https:\/\/hisoair.com\/wp-content\/uploads\/2024\/11\/desktop-air-purifier-ha100d-4.webp 1000w, https:\/\/hisoair.com\/wp-content\/uploads\/2024\/11\/desktop-air-purifier-ha100d-4-300x300.webp 300w, https:\/\/hisoair.com\/wp-content\/uploads\/2024\/11\/desktop-air-purifier-ha100d-4-150x150.webp 150w, https:\/\/hisoair.com\/wp-content\/uploads\/2024\/11\/desktop-air-purifier-ha100d-4-768x768.webp 768w, https:\/\/hisoair.com\/wp-content\/uploads\/2024\/11\/desktop-air-purifier-ha100d-4-12x12.webp 12w\" sizes=\"auto, (max-width: 1000px) 100vw, 1000px\" \/><\/figure>\n\n\n\n<p>Il purificatore d'aria HisoAir \u00e8 la quintessenza dell'innovazione e offre bassa rumorosit\u00e0, alta efficienza e funzionalit\u00e0 intelligenti. Con HisoAir \u00e8 possibile ottenere un ambiente sereno e pulito, indipendentemente dallo spazio. Scegliete HisoAir, dove la tecnologia incontra la tranquillit\u00e0.<\/p>","protected":false},"featured_media":8766,"template":"","product-cat":[37],"class_list":["post-8586","product","type-product","status-publish","has-post-thumbnail","hentry","product-cat-desktop-air-purifiers"],"meta_box":{"product_short_intro":"<ul>\n<li><strong>Unique Air Duct Design<\/strong>: Enhances smooth air circulation and effectively reduces noise for a more comfortable experience.<\/li>\n<li><strong>Exceptional Low Noise<\/strong>: Operates at 5-10dB lower noise levels than competitors, ensuring a peaceful environment.<\/li>\n<li><strong>Large CADR and Powerful Airflow<\/strong>: Ideal for large classrooms or commercial spaces, delivering efficient and thorough air purification.<\/li>\n<li><strong>Multiple Sensor Integration<\/strong>: Features PM2.5, CO2, temperature and humidity, radar, light, and noise sensors for comprehensive air quality monitoring.<\/li>\n<li><strong>Versatile Applications<\/strong>: Designed to meet the demands of schools, offices, and commercial spaces.<\/li>\n<\/ul>\n","hero_button_text":"Request an Instant Quote","specifications_table":[{"attribute_name":"Voltage","attribute_value":"220-240V~50\/60 Hz"},{"attribute_name":"Power","attribute_value":"4-12W"},{"attribute_name":"CADR","attribute_value":"120m\u00b3\/h (70CFM)"},{"attribute_name":"Noise","attribute_value":"32-52 dBA"},{"attribute_name":"Application area","attribute_value":"10-15m\u00b2"},{"attribute_name":"Filter","attribute_value":"Fabric Pre-Filter HEPA H13 with VOC adsorption","_state":"expanded"},{"attribute_name":"Certificates","attribute_value":"CADR & Noise,EN1822,Antibacterial filter CE-EMC,CE-LVD within 1 month","_state":"expanded"},{"attribute_name":"Machine Size","attribute_value":"185x185x200mm","_state":"expanded"},{"attribute_name":"Net Weight","attribute_value":"1.7kg","_state":"expanded"}],"specification_html_table":"","downloads":[{"file_url_or_upload":"https:\/\/hisoair.com\/wp-content\/uploads\/2024\/11\/residential-air-purifier-ha100d-pro-1.pdf"}],"related_posts":["7625","5497","8737","7610"],"related_downloads":[],"product_gallery":[],"product_capability_to":[],"product_case_to":[],"product_factory_to":[],"product_application_to":[],"related-products_from":["38043","7625","31173","5910","5447","38907","38917","38925","38934","38943","38951"]},"_links":{"self":[{"href":"https:\/\/hisoair.com\/it\/wp-json\/wp\/v2\/product\/8586","targetHints":{"allow":["GET"]}}],"collection":[{"href":"https:\/\/hisoair.com\/it\/wp-json\/wp\/v2\/product"}],"about":[{"href":"https:\/\/hisoair.com\/it\/wp-json\/wp\/v2\/types\/product"}],"wp:featuredmedia":[{"embeddable":true,"href":"https:\/\/hisoair.com\/it\/wp-json\/wp\/v2\/media\/8766"}],"wp:attachment":[{"href":"https:\/\/hisoair.com\/it\/wp-json\/wp\/v2\/media?parent=8586"}],"wp:term":[{"taxonomy":"product-cat","embeddable":true,"href":"https:\/\/hisoair.com\/it\/wp-json\/wp\/v2\/product-cat?post=8586"}],"curies":[{"name":"wp","href":"https:\/\/api.w.org\/{rel}","templated":true}]}}