{"id":8792,"date":"2024-11-27T19:44:57","date_gmt":"2024-11-27T11:44:57","guid":{"rendered":"https:\/\/hisoair.com\/?post_type=product&#038;p=8792"},"modified":"2025-03-25T18:58:41","modified_gmt":"2025-03-25T10:58:41","slug":"purificatore-daria-a-soffitto-ha800","status":"publish","type":"product","link":"https:\/\/hisoair.com\/it\/product\/ceiling-air-purifier-ha800\/","title":{"rendered":"Purificatore d'aria a soffitto HA800"},"content":{"rendered":"<p><strong>Purificatore d'aria a soffitto HA800: Potente, silenzioso ed efficiente<\/strong><br>Il purificatore d'aria da soffitto HA800 di Hiso \u00e8 dotato di un'avanzata tecnologia di filtrazione HEPA che garantisce una purificazione dell'aria di alto livello. La sua perfetta integrazione nei soffitti, unita all'efficienza energetica e alla migliore circolazione dell'aria, garantisce prestazioni ottimali con un funzionamento silenzioso. Perfetto per ambienti commerciali e residenziali.<\/p>\n\n\n\n<figure class=\"wp-block-image size-full\"><img loading=\"lazy\" decoding=\"async\" width=\"1000\" height=\"1000\" src=\"https:\/\/hisoair.com\/wp-content\/uploads\/2024\/11\/commercial-air-purifier-ha800ha2000-1-1.webp\" alt=\"purificatore d&#039;aria a soffitto ha800\" class=\"wp-image-15209\" srcset=\"https:\/\/hisoair.com\/wp-content\/uploads\/2024\/11\/commercial-air-purifier-ha800ha2000-1-1.webp 1000w, https:\/\/hisoair.com\/wp-content\/uploads\/2024\/11\/commercial-air-purifier-ha800ha2000-1-1-300x300.webp 300w, https:\/\/hisoair.com\/wp-content\/uploads\/2024\/11\/commercial-air-purifier-ha800ha2000-1-1-150x150.webp 150w, https:\/\/hisoair.com\/wp-content\/uploads\/2024\/11\/commercial-air-purifier-ha800ha2000-1-1-768x768.webp 768w, https:\/\/hisoair.com\/wp-content\/uploads\/2024\/11\/commercial-air-purifier-ha800ha2000-1-1-12x12.webp 12w\" sizes=\"auto, (max-width: 1000px) 100vw, 1000px\" \/><\/figure>\n\n\n\n<p><strong>Dimensioni compatte, ampia copertura<\/strong><br>Despite its compact design, the HA800 is engineered to deliver exceptional performance in spaces up to <br>50-80m\u00b2. With four adjustable air volume settings, it meets diverse purification needs:<\/p>\n\n\n\n<ul class=\"wp-block-list\">\n<li>160m\u00b3\/h&nbsp;(94&nbsp;CFM)-22dB<\/li>\n\n\n\n<li>280m\u00b3\/h&nbsp;(167&nbsp;CFM)-27dB<\/li>\n\n\n\n<li>460m\u00b3\/h&nbsp;(274&nbsp;CFM)-38dB<\/li>\n\n\n\n<li>700m\u00b3\/h&nbsp;(414&nbsp;CFM)-47dB<\/li>\n<\/ul>\n\n\n\n<figure class=\"wp-block-image size-full\"><img loading=\"lazy\" decoding=\"async\" width=\"1000\" height=\"1000\" src=\"https:\/\/hisoair.com\/wp-content\/uploads\/2024\/11\/commercial-air-purifier-ha800ha2000-2.webp\" alt=\"purificatore d&#039;aria a soffitto ha800\" class=\"wp-image-15210\" srcset=\"https:\/\/hisoair.com\/wp-content\/uploads\/2024\/11\/commercial-air-purifier-ha800ha2000-2.webp 1000w, https:\/\/hisoair.com\/wp-content\/uploads\/2024\/11\/commercial-air-purifier-ha800ha2000-2-300x300.webp 300w, https:\/\/hisoair.com\/wp-content\/uploads\/2024\/11\/commercial-air-purifier-ha800ha2000-2-150x150.webp 150w, https:\/\/hisoair.com\/wp-content\/uploads\/2024\/11\/commercial-air-purifier-ha800ha2000-2-768x768.webp 768w, https:\/\/hisoair.com\/wp-content\/uploads\/2024\/11\/commercial-air-purifier-ha800ha2000-2-12x12.webp 12w\" sizes=\"auto, (max-width: 1000px) 100vw, 1000px\" \/><\/figure>\n\n\n\n<p><strong>Sensore radar incorporato per il rilevamento dell'occupazione in tempo reale<\/strong><br>Dotato di un sensore radar all'avanguardia, l'HA800 copre fino a 235 metri quadrati e regola automaticamente il suo funzionamento in base all'occupazione della stanza. Questa funzione intelligente ottimizza le prestazioni e conserva l'energia, adattandosi perfettamente agli ambienti dinamici.<\/p>\n\n\n\n<figure class=\"wp-block-image size-full\"><img loading=\"lazy\" decoding=\"async\" width=\"1000\" height=\"1000\" src=\"https:\/\/hisoair.com\/wp-content\/uploads\/2024\/11\/commercial-air-purifier-ha800ha2000-3.webp\" alt=\"purificatore d&#039;aria a soffitto ha800\" class=\"wp-image-15211\" srcset=\"https:\/\/hisoair.com\/wp-content\/uploads\/2024\/11\/commercial-air-purifier-ha800ha2000-3.webp 1000w, https:\/\/hisoair.com\/wp-content\/uploads\/2024\/11\/commercial-air-purifier-ha800ha2000-3-300x300.webp 300w, https:\/\/hisoair.com\/wp-content\/uploads\/2024\/11\/commercial-air-purifier-ha800ha2000-3-150x150.webp 150w, https:\/\/hisoair.com\/wp-content\/uploads\/2024\/11\/commercial-air-purifier-ha800ha2000-3-768x768.webp 768w, https:\/\/hisoair.com\/wp-content\/uploads\/2024\/11\/commercial-air-purifier-ha800ha2000-3-12x12.webp 12w\" sizes=\"auto, (max-width: 1000px) 100vw, 1000px\" \/><\/figure>\n\n\n\n<p><strong>Circolazione dell'aria interna efficiente<\/strong><br>Il design avanzato del purificatore d'aria a soffitto Hiso favorisce un flusso d'aria regolare e un'efficiente purificazione dell'aria, assicurando una distribuzione uniforme dell'aria pulita in tutta la stanza. Questo lo rende una scelta ideale per spazi ampi come sale conferenze e uffici.<\/p>\n\n\n\n<figure class=\"wp-block-image size-full\"><img loading=\"lazy\" decoding=\"async\" width=\"1000\" height=\"1000\" src=\"https:\/\/hisoair.com\/wp-content\/uploads\/2024\/11\/commercial-air-purifier-ha800ha2000-4.webp\" alt=\"purificatore d&#039;aria a soffitto ha800\" class=\"wp-image-15212\" srcset=\"https:\/\/hisoair.com\/wp-content\/uploads\/2024\/11\/commercial-air-purifier-ha800ha2000-4.webp 1000w, https:\/\/hisoair.com\/wp-content\/uploads\/2024\/11\/commercial-air-purifier-ha800ha2000-4-300x300.webp 300w, https:\/\/hisoair.com\/wp-content\/uploads\/2024\/11\/commercial-air-purifier-ha800ha2000-4-150x150.webp 150w, https:\/\/hisoair.com\/wp-content\/uploads\/2024\/11\/commercial-air-purifier-ha800ha2000-4-768x768.webp 768w, https:\/\/hisoair.com\/wp-content\/uploads\/2024\/11\/commercial-air-purifier-ha800ha2000-4-12x12.webp 12w\" sizes=\"auto, (max-width: 1000px) 100vw, 1000px\" \/><\/figure>\n\n\n\n<p>Grazie alle sue caratteristiche innovative e al funzionamento ad alta efficienza energetica, il purificatore d'aria a soffitto Hiso HA800 stabilisce un nuovo standard per la gestione intelligente della qualit\u00e0 dell'aria. Provate la perfetta combinazione di tecnologia, efficienza e tranquillit\u00e0 per ambienti interni pi\u00f9 sani e puliti.<\/p>","protected":false},"featured_media":15213,"template":"","product-cat":[36],"class_list":["post-8792","product","type-product","status-publish","has-post-thumbnail","hentry","product-cat-ceiling-air-purifiers"],"meta_box":{"product_short_intro":"<ul>\n<li><strong>Powerful and Quiet<\/strong>: Equipped with HEPA filtration for efficient purification while maintaining ultra-quiet operation for diverse settings.<\/li>\n<li><strong>Compact Design, Large Coverage<\/strong>: Covers spaces of 50-80m\u00b2 with four air volume options to suit various needs.<\/li>\n<li><strong>Built-In Radar Sensor<\/strong>: Detects room occupancy in real-time and adjusts operation automatically for optimal performance and energy efficiency.<\/li>\n<li><strong>Efficient Air Circulation<\/strong>: Promotes smooth airflow, ensuring clean air is distributed evenly across large spaces like conference rooms and offices.<\/li>\n<li><strong>Smart Energy Management<\/strong>: Automatically adjusts based on occupancy, saving energy while maintaining superior air quality.<\/li>\n<\/ul>\n","hero_button_text":"Request a Quote","specifications_table":[{"attribute_name":"Voltage","attribute_value":"110V\/ 220V,50-60Hz"},{"attribute_name":"Power","attribute_value":"75W"},{"attribute_name":"Material","attribute_value":"Metal"},{"attribute_name":"Noise","attribute_value":"22-47 dB"},{"attribute_name":"Display","attribute_value":"LED display"},{"attribute_name":"Sensor","attribute_value":"proximity sensor"},{"attribute_name":"Machine size","attribute_value":"636*636*255mm"},{"attribute_name":"Application Area","attribute_value":"50-80m\u00b2"},{"attribute_name":"Gear 1 CADR - Noise","attribute_value":"160m\u00b3\/h\u00a0(94\u00a0CFM)-22dB"},{"attribute_name":"Gear 2 CADR - Noise","attribute_value":"280m\u00b3\/h (167 CFM)-27dB"},{"attribute_name":"Gear 3 CADR - Noise","attribute_value":"460m\u00b3\/h (274 CFM)-38dB"},{"attribute_name":"Gear 4 CADR - Noise","attribute_value":"700m\u00b3\/h (414 CFM)-47dB"},{"attribute_name":"Filter","attribute_value":"Pre filter+H13 HEPA filter"},{"attribute_name":"Filter size","attribute_value":"395mm*230mm*80mm"},{"attribute_name":"Filter quantity","attribute_value":"2pcs"},{"attribute_name":"HEPA filter area","attribute_value":"7.2m\u00b2"},{"attribute_name":"Control:","attribute_value":"Touch button + Remote control"},{"attribute_name":"Function for option","attribute_value":"UVC lamp, PM2.5 sensor, CO2 sensor, WIFI (Tuya),Activated carbon filter","_state":"expanded"}],"specification_html_table":"","downloads":[],"related_posts":["8729","8737","8743","8750"],"related_downloads":[],"product_gallery":[],"product_capability_to":[],"product_case_to":[],"product_factory_to":[],"product_application_to":[],"related-products_from":["28379","38986","38978","38968","38963","38951","38943","38934","38925","38907","28809","38493","38464","38373","26342","28920","37778","37770","37762","36696"]},"_links":{"self":[{"href":"https:\/\/hisoair.com\/it\/wp-json\/wp\/v2\/product\/8792","targetHints":{"allow":["GET"]}}],"collection":[{"href":"https:\/\/hisoair.com\/it\/wp-json\/wp\/v2\/product"}],"about":[{"href":"https:\/\/hisoair.com\/it\/wp-json\/wp\/v2\/types\/product"}],"wp:featuredmedia":[{"embeddable":true,"href":"https:\/\/hisoair.com\/it\/wp-json\/wp\/v2\/media\/15213"}],"wp:attachment":[{"href":"https:\/\/hisoair.com\/it\/wp-json\/wp\/v2\/media?parent=8792"}],"wp:term":[{"taxonomy":"product-cat","embeddable":true,"href":"https:\/\/hisoair.com\/it\/wp-json\/wp\/v2\/product-cat?post=8792"}],"curies":[{"name":"wp","href":"https:\/\/api.w.org\/{rel}","templated":true}]}}