{"id":12397,"date":"2024-12-31T22:52:15","date_gmt":"2024-12-31T14:52:15","guid":{"rendered":"https:\/\/hisoair.com\/?post_type=product&#038;p=12397"},"modified":"2024-12-31T22:52:18","modified_gmt":"2024-12-31T14:52:18","slug":"sistema-de-recuperacao-de-energia-s280","status":"publish","type":"product","link":"https:\/\/hisoair.com\/pt\/product\/energy-recovery-system-s280\/","title":{"rendered":"Sistema de recupera\u00e7\u00e3o de energia S280"},"content":{"rendered":"<h3 class=\"wp-block-heading\"><strong>Recupera\u00e7\u00e3o eficiente de energia<\/strong><\/h3>\n\n\n\n<p>O HV S280 tira partido de um permutador de calor de elevada efici\u00eancia para recuperar at\u00e9 <strong>85% da energia t\u00e9rmica<\/strong> do ar de exaust\u00e3o, reduzindo significativamente as necessidades de aquecimento e arrefecimento e melhorando a efici\u00eancia energ\u00e9tica.<\/p>\n\n\n\n<h3 class=\"wp-block-heading\"><strong>Filtragem de ar superior<\/strong><\/h3>\n\n\n\n<p>Com um <strong>sistema de filtragem duplo<\/strong> que inclui um pr\u00e9-filtro e um filtro HEPA, o HV S280 remove eficazmente os poluentes transportados pelo ar, assegurando um fornecimento consistente de ar fresco e limpo no interior.<\/p>\n\n\n\n<h3 class=\"wp-block-heading\"><strong>Fluxo de ar silencioso e est\u00e1vel<\/strong><\/h3>\n\n\n\n<p>As ventoinhas centr\u00edfugas duplas foram concebidas para proporcionar um fluxo de ar consistente, mantendo <strong>baixos n\u00edveis de ru\u00eddo<\/strong>criando um ambiente confort\u00e1vel, sem sons perturbadores.<\/p>\n\n\n\n<h3 class=\"wp-block-heading\"><strong>Op\u00e7\u00f5es de instala\u00e7\u00e3o vers\u00e1teis<\/strong><\/h3>\n\n\n\n<p>Concebida para ser flex\u00edvel, a HV S280 pode ser instalada em v\u00e1rias configura\u00e7\u00f5es, tais como <strong>instala\u00e7\u00f5es na parede ou no teto<\/strong>para responder a diversas disposi\u00e7\u00f5es de edif\u00edcios e requisitos de espa\u00e7o.<\/p>\n\n\n\n<h3 class=\"wp-block-heading\"><strong>Interface de controlo inteligente<\/strong><\/h3>\n\n\n\n<p>O painel de controlo intuitivo permite aos utilizadores <strong>ajustar facilmente as defini\u00e7\u00f5es do caudal de ar<\/strong> e monitorizar a qualidade do ar interior e exterior, assegurando uma gest\u00e3o \u00f3ptima da ventila\u00e7\u00e3o adaptada \u00e0s necessidades espec\u00edficas.<\/p>\n\n\n\n<p>O <strong>Ventilador de recupera\u00e7\u00e3o de energia (ERV) HV S280<\/strong> \u00e9 uma solu\u00e7\u00e3o premium para melhorar a qualidade do ar interior e a efici\u00eancia energ\u00e9tica, tornando-o ideal para aplica\u00e7\u00f5es residenciais e comerciais. Com filtragem avan\u00e7ada, funcionamento silencioso e instala\u00e7\u00e3o vers\u00e1til, o HV S280 garante ambientes limpos, confort\u00e1veis e energeticamente eficientes.<\/p>","protected":false},"featured_media":12411,"template":"","product-cat":[30,68],"class_list":["post-12397","product","type-product","status-publish","has-post-thumbnail","hentry","product-cat-air-purifiers","product-cat-energy-recovery-system"],"meta_box":{"product_short_intro":"<ul>\n<li><strong>Advanced Energy Recovery<\/strong>: Achieves up to 85% heat recovery efficiency, minimizing energy loss.<\/li>\n<li><strong>Dual Filtration System<\/strong>: Combines pre-filter and HEPA filtration for superior air purification.<\/li>\n<li><strong>Quiet and Powerful Operation<\/strong>: Equipped with dual centrifugal fans for stable airflow with low noise levels.<\/li>\n<li><strong>Flexible Installation<\/strong>: Designed for versatile setups, including wall-mounted or ceiling options.<\/li>\n<li><strong>Smart Control Panel<\/strong>: User-friendly interface for adjusting airflow modes and monitoring indoor\/outdoor air quality.<\/li>\n<\/ul>\n<p><!-- notionvc: 7f4c10bc-4270-4a37-8348-196f821ab341 --><\/p>\n","hero_button_text":"Request a Quote","specifications_table":[{"attribute_name":"Power Supply","attribute_value":"220V \/ 50Hz","_state":"expanded"},{"attribute_name":"Total Air Volume","attribute_value":"280m\u00b3\/h","_state":"expanded"},{"attribute_name":"Fresh Air Volume","attribute_value":"250m\u00b3\/h","_state":"expanded"},{"attribute_name":"Noise Level","attribute_value":"33\u201360dB(A)","_state":"expanded"},{"attribute_name":"Filtration System","attribute_value":"Pre-filter + HEPA filter","_state":"expanded"},{"attribute_name":"Heat Recovery Efficiency","attribute_value":"Up to 85%","_state":"expanded"},{"attribute_name":"Applicable Area","attribute_value":"90\u2013130m\u00b2","_state":"expanded"},{"attribute_name":"Dimensions","attribute_value":"900 \u00d7 650 \u00d7 270mm","_state":"expanded"},{"attribute_name":"Weight","attribute_value":"38kg","_state":"expanded"},{"attribute_name":"Operating Conditions","attribute_value":"-15\u00b0C to 50\u00b0C; \u226480% RH","_state":"expanded"}],"specification_html_table":"","downloads":[],"related_posts":[],"related_downloads":[],"product_gallery":[{"width":150,"height":150,"file":"2024\/12\/energy-recovery-system-hv-s280-1.webp","filesize":3044,"sizes":{"medium":{"file":"energy-recovery-system-hv-s280-1-300x300.webp","width":300,"height":300,"mime-type":"image\/webp","filesize":1290,"url":"https:\/\/hisoair.com\/wp-content\/uploads\/2024\/12\/energy-recovery-system-hv-s280-1-300x300.webp"},"thumbnail":{"file":"energy-recovery-system-hv-s280-1-150x150.webp","width":150,"height":150,"mime-type":"image\/webp","filesize":670,"url":"https:\/\/hisoair.com\/wp-content\/uploads\/2024\/12\/energy-recovery-system-hv-s280-1-150x150.webp"},"medium_large":{"file":"energy-recovery-system-hv-s280-1-768x768.webp","width":768,"height":768,"mime-type":"image\/webp","filesize":3656,"url":"https:\/\/hisoair.com\/wp-content\/uploads\/2024\/12\/energy-recovery-system-hv-s280-1-768x768.webp"},"trp-custom-language-flag":{"file":"energy-recovery-system-hv-s280-1-12x12.webp","width":12,"height":12,"mime-type":"image\/webp","filesize":92,"url":"https:\/\/hisoair.com\/wp-content\/uploads\/2024\/12\/energy-recovery-system-hv-s280-1-12x12.webp"}},"image_meta":{"aperture":"0","credit":"","camera":"","caption":"","created_timestamp":"0","copyright":"","focal_length":"0","iso":"0","shutter_speed":"0","title":"","orientation":"0","keywords":[]},"ID":"12412","name":"energy-recovery-system-hv-s280-1.webp","path":"\/nas\/content\/live\/hisoair\/wp-content\/uploads\/2024\/12\/energy-recovery-system-hv-s280-1.webp","url":"https:\/\/hisoair.com\/wp-content\/uploads\/2024\/12\/energy-recovery-system-hv-s280-1-150x150.webp","full_url":"https:\/\/hisoair.com\/wp-content\/uploads\/2024\/12\/energy-recovery-system-hv-s280-1.webp","title":"sistema de recupera\u00e7\u00e3o de energia s280","caption":"","description":"","alt":"energy recovery system s280","srcset":"https:\/\/hisoair.com\/wp-content\/uploads\/2024\/12\/energy-recovery-system-hv-s280-1-150x150.webp 150w, https:\/\/hisoair.com\/wp-content\/uploads\/2024\/12\/energy-recovery-system-hv-s280-1-300x300.webp 300w, https:\/\/hisoair.com\/wp-content\/uploads\/2024\/12\/energy-recovery-system-hv-s280-1-768x768.webp 768w, https:\/\/hisoair.com\/wp-content\/uploads\/2024\/12\/energy-recovery-system-hv-s280-1-12x12.webp 12w, https:\/\/hisoair.com\/wp-content\/uploads\/2024\/12\/energy-recovery-system-hv-s280-1.webp 800w"},{"width":150,"height":150,"file":"2024\/12\/energy-recovery-system-hv-s280-2.webp","filesize":7056,"sizes":{"medium":{"file":"energy-recovery-system-hv-s280-2-300x300.webp","width":300,"height":300,"mime-type":"image\/webp","filesize":2468,"url":"https:\/\/hisoair.com\/wp-content\/uploads\/2024\/12\/energy-recovery-system-hv-s280-2-300x300.webp"},"thumbnail":{"file":"energy-recovery-system-hv-s280-2-150x150.webp","width":150,"height":150,"mime-type":"image\/webp","filesize":1134,"url":"https:\/\/hisoair.com\/wp-content\/uploads\/2024\/12\/energy-recovery-system-hv-s280-2-150x150.webp"},"medium_large":{"file":"energy-recovery-system-hv-s280-2-768x768.webp","width":768,"height":768,"mime-type":"image\/webp","filesize":8034,"url":"https:\/\/hisoair.com\/wp-content\/uploads\/2024\/12\/energy-recovery-system-hv-s280-2-768x768.webp"},"trp-custom-language-flag":{"file":"energy-recovery-system-hv-s280-2-12x12.webp","width":12,"height":12,"mime-type":"image\/webp","filesize":116,"url":"https:\/\/hisoair.com\/wp-content\/uploads\/2024\/12\/energy-recovery-system-hv-s280-2-12x12.webp"}},"image_meta":{"aperture":"0","credit":"","camera":"","caption":"","created_timestamp":"0","copyright":"","focal_length":"0","iso":"0","shutter_speed":"0","title":"","orientation":"0","keywords":[]},"ID":"12413","name":"energy-recovery-system-hv-s280-2.webp","path":"\/nas\/content\/live\/hisoair\/wp-content\/uploads\/2024\/12\/energy-recovery-system-hv-s280-2.webp","url":"https:\/\/hisoair.com\/wp-content\/uploads\/2024\/12\/energy-recovery-system-hv-s280-2-150x150.webp","full_url":"https:\/\/hisoair.com\/wp-content\/uploads\/2024\/12\/energy-recovery-system-hv-s280-2.webp","title":"sistema de recupera\u00e7\u00e3o de energia s280","caption":"","description":"","alt":"energy recovery system s280","srcset":"https:\/\/hisoair.com\/wp-content\/uploads\/2024\/12\/energy-recovery-system-hv-s280-2-150x150.webp 150w, https:\/\/hisoair.com\/wp-content\/uploads\/2024\/12\/energy-recovery-system-hv-s280-2-300x300.webp 300w, https:\/\/hisoair.com\/wp-content\/uploads\/2024\/12\/energy-recovery-system-hv-s280-2-768x768.webp 768w, https:\/\/hisoair.com\/wp-content\/uploads\/2024\/12\/energy-recovery-system-hv-s280-2-12x12.webp 12w, https:\/\/hisoair.com\/wp-content\/uploads\/2024\/12\/energy-recovery-system-hv-s280-2.webp 800w"},{"width":150,"height":150,"file":"2024\/12\/energy-recovery-system-hv-s280-1-1.webp","filesize":42750,"sizes":{"medium":{"file":"energy-recovery-system-hv-s280-1-1-300x300.webp","width":300,"height":300,"mime-type":"image\/webp","filesize":9090,"url":"https:\/\/hisoair.com\/wp-content\/uploads\/2024\/12\/energy-recovery-system-hv-s280-1-1-300x300.webp"},"thumbnail":{"file":"energy-recovery-system-hv-s280-1-1-150x150.webp","width":150,"height":150,"mime-type":"image\/webp","filesize":3026,"url":"https:\/\/hisoair.com\/wp-content\/uploads\/2024\/12\/energy-recovery-system-hv-s280-1-1-150x150.webp"},"medium_large":{"file":"energy-recovery-system-hv-s280-1-1-768x768.webp","width":768,"height":768,"mime-type":"image\/webp","filesize":50064,"url":"https:\/\/hisoair.com\/wp-content\/uploads\/2024\/12\/energy-recovery-system-hv-s280-1-1-768x768.webp"},"trp-custom-language-flag":{"file":"energy-recovery-system-hv-s280-1-1-12x12.webp","width":12,"height":12,"mime-type":"image\/webp","filesize":130,"url":"https:\/\/hisoair.com\/wp-content\/uploads\/2024\/12\/energy-recovery-system-hv-s280-1-1-12x12.webp"}},"image_meta":{"aperture":"0","credit":"","camera":"","caption":"","created_timestamp":"0","copyright":"","focal_length":"0","iso":"0","shutter_speed":"0","title":"","orientation":"0","keywords":[]},"ID":"12414","name":"energy-recovery-system-hv-s280-1-1.webp","path":"\/nas\/content\/live\/hisoair\/wp-content\/uploads\/2024\/12\/energy-recovery-system-hv-s280-1-1.webp","url":"https:\/\/hisoair.com\/wp-content\/uploads\/2024\/12\/energy-recovery-system-hv-s280-1-1-150x150.webp","full_url":"https:\/\/hisoair.com\/wp-content\/uploads\/2024\/12\/energy-recovery-system-hv-s280-1-1.webp","title":"sistema de recupera\u00e7\u00e3o de energia s280","caption":"","description":"","alt":"energy recovery system s280","srcset":"https:\/\/hisoair.com\/wp-content\/uploads\/2024\/12\/energy-recovery-system-hv-s280-1-1-150x150.webp 150w, https:\/\/hisoair.com\/wp-content\/uploads\/2024\/12\/energy-recovery-system-hv-s280-1-1-300x300.webp 300w, https:\/\/hisoair.com\/wp-content\/uploads\/2024\/12\/energy-recovery-system-hv-s280-1-1-768x768.webp 768w, https:\/\/hisoair.com\/wp-content\/uploads\/2024\/12\/energy-recovery-system-hv-s280-1-1-12x12.webp 12w, https:\/\/hisoair.com\/wp-content\/uploads\/2024\/12\/energy-recovery-system-hv-s280-1-1.webp 800w"},{"width":150,"height":150,"file":"2024\/12\/energy-recovery-system-hv-s280-2-1.webp","filesize":20154,"sizes":{"medium":{"file":"energy-recovery-system-hv-s280-2-1-300x300.webp","width":300,"height":300,"mime-type":"image\/webp","filesize":7596,"url":"https:\/\/hisoair.com\/wp-content\/uploads\/2024\/12\/energy-recovery-system-hv-s280-2-1-300x300.webp"},"thumbnail":{"file":"energy-recovery-system-hv-s280-2-1-150x150.webp","width":150,"height":150,"mime-type":"image\/webp","filesize":2674,"url":"https:\/\/hisoair.com\/wp-content\/uploads\/2024\/12\/energy-recovery-system-hv-s280-2-1-150x150.webp"},"medium_large":{"file":"energy-recovery-system-hv-s280-2-1-768x768.webp","width":768,"height":768,"mime-type":"image\/webp","filesize":24942,"url":"https:\/\/hisoair.com\/wp-content\/uploads\/2024\/12\/energy-recovery-system-hv-s280-2-1-768x768.webp"},"trp-custom-language-flag":{"file":"energy-recovery-system-hv-s280-2-1-12x12.webp","width":12,"height":12,"mime-type":"image\/webp","filesize":86,"url":"https:\/\/hisoair.com\/wp-content\/uploads\/2024\/12\/energy-recovery-system-hv-s280-2-1-12x12.webp"}},"image_meta":{"aperture":"0","credit":"","camera":"","caption":"","created_timestamp":"0","copyright":"","focal_length":"0","iso":"0","shutter_speed":"0","title":"","orientation":"0","keywords":[]},"ID":"12415","name":"energy-recovery-system-hv-s280-2-1.webp","path":"\/nas\/content\/live\/hisoair\/wp-content\/uploads\/2024\/12\/energy-recovery-system-hv-s280-2-1.webp","url":"https:\/\/hisoair.com\/wp-content\/uploads\/2024\/12\/energy-recovery-system-hv-s280-2-1-150x150.webp","full_url":"https:\/\/hisoair.com\/wp-content\/uploads\/2024\/12\/energy-recovery-system-hv-s280-2-1.webp","title":"sistema de recupera\u00e7\u00e3o de energia s280","caption":"","description":"","alt":"energy recovery system s280","srcset":"https:\/\/hisoair.com\/wp-content\/uploads\/2024\/12\/energy-recovery-system-hv-s280-2-1-150x150.webp 150w, https:\/\/hisoair.com\/wp-content\/uploads\/2024\/12\/energy-recovery-system-hv-s280-2-1-300x300.webp 300w, https:\/\/hisoair.com\/wp-content\/uploads\/2024\/12\/energy-recovery-system-hv-s280-2-1-768x768.webp 768w, https:\/\/hisoair.com\/wp-content\/uploads\/2024\/12\/energy-recovery-system-hv-s280-2-1-12x12.webp 12w, https:\/\/hisoair.com\/wp-content\/uploads\/2024\/12\/energy-recovery-system-hv-s280-2-1.webp 800w"},{"width":150,"height":150,"file":"2024\/12\/energy-recovery-system-hv-s280-3.webp","filesize":19974,"sizes":{"medium":{"file":"energy-recovery-system-hv-s280-3-300x300.webp","width":300,"height":300,"mime-type":"image\/webp","filesize":6874,"url":"https:\/\/hisoair.com\/wp-content\/uploads\/2024\/12\/energy-recovery-system-hv-s280-3-300x300.webp"},"thumbnail":{"file":"energy-recovery-system-hv-s280-3-150x150.webp","width":150,"height":150,"mime-type":"image\/webp","filesize":2776,"url":"https:\/\/hisoair.com\/wp-content\/uploads\/2024\/12\/energy-recovery-system-hv-s280-3-150x150.webp"},"medium_large":{"file":"energy-recovery-system-hv-s280-3-768x768.webp","width":768,"height":768,"mime-type":"image\/webp","filesize":27478,"url":"https:\/\/hisoair.com\/wp-content\/uploads\/2024\/12\/energy-recovery-system-hv-s280-3-768x768.webp"},"trp-custom-language-flag":{"file":"energy-recovery-system-hv-s280-3-12x12.webp","width":12,"height":12,"mime-type":"image\/webp","filesize":164,"url":"https:\/\/hisoair.com\/wp-content\/uploads\/2024\/12\/energy-recovery-system-hv-s280-3-12x12.webp"}},"image_meta":{"aperture":"0","credit":"","camera":"","caption":"","created_timestamp":"0","copyright":"","focal_length":"0","iso":"0","shutter_speed":"0","title":"","orientation":"0","keywords":[]},"ID":"12416","name":"energy-recovery-system-hv-s280-3.webp","path":"\/nas\/content\/live\/hisoair\/wp-content\/uploads\/2024\/12\/energy-recovery-system-hv-s280-3.webp","url":"https:\/\/hisoair.com\/wp-content\/uploads\/2024\/12\/energy-recovery-system-hv-s280-3-150x150.webp","full_url":"https:\/\/hisoair.com\/wp-content\/uploads\/2024\/12\/energy-recovery-system-hv-s280-3.webp","title":"sistema de recupera\u00e7\u00e3o de energia s280","caption":"","description":"","alt":"energy recovery system s280","srcset":"https:\/\/hisoair.com\/wp-content\/uploads\/2024\/12\/energy-recovery-system-hv-s280-3-150x150.webp 150w, https:\/\/hisoair.com\/wp-content\/uploads\/2024\/12\/energy-recovery-system-hv-s280-3-300x300.webp 300w, https:\/\/hisoair.com\/wp-content\/uploads\/2024\/12\/energy-recovery-system-hv-s280-3-768x768.webp 768w, https:\/\/hisoair.com\/wp-content\/uploads\/2024\/12\/energy-recovery-system-hv-s280-3-12x12.webp 12w, https:\/\/hisoair.com\/wp-content\/uploads\/2024\/12\/energy-recovery-system-hv-s280-3.webp 800w"},{"width":150,"height":150,"file":"2024\/12\/energy-recovery-system-hv-s280-4.webp","filesize":7794,"sizes":{"medium":{"file":"energy-recovery-system-hv-s280-4-300x300.webp","width":300,"height":300,"mime-type":"image\/webp","filesize":2888,"url":"https:\/\/hisoair.com\/wp-content\/uploads\/2024\/12\/energy-recovery-system-hv-s280-4-300x300.webp"},"thumbnail":{"file":"energy-recovery-system-hv-s280-4-150x150.webp","width":150,"height":150,"mime-type":"image\/webp","filesize":1318,"url":"https:\/\/hisoair.com\/wp-content\/uploads\/2024\/12\/energy-recovery-system-hv-s280-4-150x150.webp"},"medium_large":{"file":"energy-recovery-system-hv-s280-4-768x768.webp","width":768,"height":768,"mime-type":"image\/webp","filesize":8822,"url":"https:\/\/hisoair.com\/wp-content\/uploads\/2024\/12\/energy-recovery-system-hv-s280-4-768x768.webp"},"trp-custom-language-flag":{"file":"energy-recovery-system-hv-s280-4-12x12.webp","width":12,"height":12,"mime-type":"image\/webp","filesize":98,"url":"https:\/\/hisoair.com\/wp-content\/uploads\/2024\/12\/energy-recovery-system-hv-s280-4-12x12.webp"}},"image_meta":{"aperture":"0","credit":"","camera":"","caption":"","created_timestamp":"0","copyright":"","focal_length":"0","iso":"0","shutter_speed":"0","title":"","orientation":"0","keywords":[]},"ID":"12417","name":"energy-recovery-system-hv-s280-4.webp","path":"\/nas\/content\/live\/hisoair\/wp-content\/uploads\/2024\/12\/energy-recovery-system-hv-s280-4.webp","url":"https:\/\/hisoair.com\/wp-content\/uploads\/2024\/12\/energy-recovery-system-hv-s280-4-150x150.webp","full_url":"https:\/\/hisoair.com\/wp-content\/uploads\/2024\/12\/energy-recovery-system-hv-s280-4.webp","title":"sistema de recupera\u00e7\u00e3o de energia s280","caption":"","description":"","alt":"energy recovery system s280","srcset":"https:\/\/hisoair.com\/wp-content\/uploads\/2024\/12\/energy-recovery-system-hv-s280-4-150x150.webp 150w, https:\/\/hisoair.com\/wp-content\/uploads\/2024\/12\/energy-recovery-system-hv-s280-4-300x300.webp 300w, https:\/\/hisoair.com\/wp-content\/uploads\/2024\/12\/energy-recovery-system-hv-s280-4-768x768.webp 768w, https:\/\/hisoair.com\/wp-content\/uploads\/2024\/12\/energy-recovery-system-hv-s280-4-12x12.webp 12w, https:\/\/hisoair.com\/wp-content\/uploads\/2024\/12\/energy-recovery-system-hv-s280-4.webp 800w"}],"product_capability_to":[],"product_case_to":[],"product_factory_to":[],"product_application_to":[],"related-products_from":[]},"_links":{"self":[{"href":"https:\/\/hisoair.com\/pt\/wp-json\/wp\/v2\/product\/12397","targetHints":{"allow":["GET"]}}],"collection":[{"href":"https:\/\/hisoair.com\/pt\/wp-json\/wp\/v2\/product"}],"about":[{"href":"https:\/\/hisoair.com\/pt\/wp-json\/wp\/v2\/types\/product"}],"wp:featuredmedia":[{"embeddable":true,"href":"https:\/\/hisoair.com\/pt\/wp-json\/wp\/v2\/media\/12411"}],"wp:attachment":[{"href":"https:\/\/hisoair.com\/pt\/wp-json\/wp\/v2\/media?parent=12397"}],"wp:term":[{"taxonomy":"product-cat","embeddable":true,"href":"https:\/\/hisoair.com\/pt\/wp-json\/wp\/v2\/product-cat?post=12397"}],"curies":[{"name":"wp","href":"https:\/\/api.w.org\/{rel}","templated":true}]}}