{"id":8586,"date":"2024-11-27T19:33:33","date_gmt":"2024-11-27T11:33:33","guid":{"rendered":"https:\/\/hisoair.com\/?post_type=product&#038;p=8586"},"modified":"2025-06-27T10:39:18","modified_gmt":"2025-06-27T02:39:18","slug":"desktop-air-purifier-ha100d-pro","status":"publish","type":"product","link":"https:\/\/hisoair.com\/pt\/product\/desktop-air-purifier-ha100d-pro\/","title":{"rendered":"Desktop Air Purifier HA100D Pro"},"content":{"rendered":"<p><strong>Conce\u00e7\u00e3o \u00fanica de condutas de ar: Onde a eleg\u00e2ncia encontra a efici\u00eancia<\/strong><br>O purificador de ar HisoAir destaca-se pelo seu design \u00fanico de conduta de ar que n\u00e3o s\u00f3 optimiza o fluxo de ar como tamb\u00e9m reduz significativamente o ru\u00eddo. Quer se trate de salas de aula, escrit\u00f3rios ou grandes superf\u00edcies comerciais, fornece silenciosamente ar limpo, mantendo os n\u00edveis de ru\u00eddo 5-10dB mais baixos do que outros dispositivos semelhantes no mercado, combinando tranquilidade com funcionalidade.<\/p>\n\n\n\n<figure class=\"wp-block-image size-full\"><img loading=\"lazy\" decoding=\"async\" width=\"1000\" height=\"1000\" src=\"https:\/\/hisoair.com\/wp-content\/uploads\/2024\/11\/desktop-air-purifier-ha100d-2.webp\" alt=\"purificador de ar de secret\u00e1ria ha100d\" class=\"wp-image-8787\" srcset=\"https:\/\/hisoair.com\/wp-content\/uploads\/2024\/11\/desktop-air-purifier-ha100d-2.webp 1000w, https:\/\/hisoair.com\/wp-content\/uploads\/2024\/11\/desktop-air-purifier-ha100d-2-300x300.webp 300w, https:\/\/hisoair.com\/wp-content\/uploads\/2024\/11\/desktop-air-purifier-ha100d-2-150x150.webp 150w, https:\/\/hisoair.com\/wp-content\/uploads\/2024\/11\/desktop-air-purifier-ha100d-2-768x768.webp 768w, https:\/\/hisoair.com\/wp-content\/uploads\/2024\/11\/desktop-air-purifier-ha100d-2-12x12.webp 12w\" sizes=\"auto, (max-width: 1000px) 100vw, 1000px\" \/><\/figure>\n\n\n\n<p><strong>Grande CADR e grande fluxo de ar: Perfeito para espa\u00e7os amplos<\/strong><br>Este purificador de ar foi concebido para fornecer uma taxa de fornecimento de ar limpo (CADR) de alta defini\u00e7\u00e3o e um forte caudal de ar, o que o torna a escolha ideal para escrit\u00f3rios e salas de confer\u00eancias. O seu potente caudal de ar assegura uma cobertura abrangente e uma qualidade de ar consistente em toda a vasta \u00e1rea.<\/p>\n\n\n\n<figure class=\"wp-block-image size-full\"><img loading=\"lazy\" decoding=\"async\" width=\"1000\" height=\"1000\" src=\"https:\/\/hisoair.com\/wp-content\/uploads\/2024\/11\/desktop-air-purifier-ha100d-2-1.webp\" alt=\"purificador de ar de secret\u00e1ria ha100d 2\" class=\"wp-image-8788\" srcset=\"https:\/\/hisoair.com\/wp-content\/uploads\/2024\/11\/desktop-air-purifier-ha100d-2-1.webp 1000w, https:\/\/hisoair.com\/wp-content\/uploads\/2024\/11\/desktop-air-purifier-ha100d-2-1-300x300.webp 300w, https:\/\/hisoair.com\/wp-content\/uploads\/2024\/11\/desktop-air-purifier-ha100d-2-1-150x150.webp 150w, https:\/\/hisoair.com\/wp-content\/uploads\/2024\/11\/desktop-air-purifier-ha100d-2-1-768x768.webp 768w, https:\/\/hisoair.com\/wp-content\/uploads\/2024\/11\/desktop-air-purifier-ha100d-2-1-12x12.webp 12w\" sizes=\"auto, (max-width: 1000px) 100vw, 1000px\" \/><\/figure>\n\n\n\n<p><strong>Sensores m\u00faltiplos para uma monitoriza\u00e7\u00e3o inteligente da qualidade do ar<\/strong><br>Equipado com sensores de PM2,5, CO2, temperatura, humidade, radar, luz e ru\u00eddo, o purificador de ar HisoAir fornece informa\u00e7\u00f5es em tempo real sobre a qualidade do ar interior. Estes sensores n\u00e3o s\u00f3 fornecem aos utilizadores dados precisos, como tamb\u00e9m conduzem algoritmos inteligentes que optimizam o desempenho do purificador para uma maior efici\u00eancia.<\/p>\n\n\n\n<figure class=\"wp-block-image size-full\"><img loading=\"lazy\" decoding=\"async\" width=\"1000\" height=\"1000\" src=\"https:\/\/hisoair.com\/wp-content\/uploads\/2024\/11\/desktop-air-purifier-ha100d-3.webp\" alt=\"purificador de ar de secret\u00e1ria ha100d 3\" class=\"wp-image-8789\" srcset=\"https:\/\/hisoair.com\/wp-content\/uploads\/2024\/11\/desktop-air-purifier-ha100d-3.webp 1000w, https:\/\/hisoair.com\/wp-content\/uploads\/2024\/11\/desktop-air-purifier-ha100d-3-300x300.webp 300w, https:\/\/hisoair.com\/wp-content\/uploads\/2024\/11\/desktop-air-purifier-ha100d-3-150x150.webp 150w, https:\/\/hisoair.com\/wp-content\/uploads\/2024\/11\/desktop-air-purifier-ha100d-3-768x768.webp 768w, https:\/\/hisoair.com\/wp-content\/uploads\/2024\/11\/desktop-air-purifier-ha100d-3-12x12.webp 12w\" sizes=\"auto, (max-width: 1000px) 100vw, 1000px\" \/><\/figure>\n\n\n\n<p><strong>Adaptado para cen\u00e1rios vers\u00e1teis<\/strong><br>Quer se trate de uma sala de aula numa escola, de uma sala de reuni\u00f5es num escrit\u00f3rio ou de um grande espa\u00e7o comercial, o purificador de ar HisoAir adapta-se sem esfor\u00e7o a diversas necessidades. Com o seu avan\u00e7ado sistema de filtragem e carater\u00edsticas inovadoras, \u00e9 mais do que um simples purificador - \u00e9 o seu parceiro de confian\u00e7a na gest\u00e3o da qualidade do ar.<\/p>\n\n\n\n<figure class=\"wp-block-image size-full\"><img loading=\"lazy\" decoding=\"async\" width=\"1000\" height=\"1000\" src=\"https:\/\/hisoair.com\/wp-content\/uploads\/2024\/11\/desktop-air-purifier-ha100d-4.webp\" alt=\"purificador de ar de secret\u00e1ria ha100d 4\" class=\"wp-image-8790\" srcset=\"https:\/\/hisoair.com\/wp-content\/uploads\/2024\/11\/desktop-air-purifier-ha100d-4.webp 1000w, https:\/\/hisoair.com\/wp-content\/uploads\/2024\/11\/desktop-air-purifier-ha100d-4-300x300.webp 300w, https:\/\/hisoair.com\/wp-content\/uploads\/2024\/11\/desktop-air-purifier-ha100d-4-150x150.webp 150w, https:\/\/hisoair.com\/wp-content\/uploads\/2024\/11\/desktop-air-purifier-ha100d-4-768x768.webp 768w, https:\/\/hisoair.com\/wp-content\/uploads\/2024\/11\/desktop-air-purifier-ha100d-4-12x12.webp 12w\" sizes=\"auto, (max-width: 1000px) 100vw, 1000px\" \/><\/figure>\n\n\n\n<p>O purificador de ar HisoAir \u00e9 o ep\u00edtome da inova\u00e7\u00e3o, oferecendo baixo ru\u00eddo, alta efici\u00eancia e funcionalidade inteligente. Com o HisoAir, \u00e9 poss\u00edvel obter um ambiente sereno e limpo, independentemente do espa\u00e7o. Escolha o HisoAir, onde a tecnologia encontra a tranquilidade.<\/p>","protected":false},"featured_media":8766,"template":"","product-cat":[37],"class_list":["post-8586","product","type-product","status-publish","has-post-thumbnail","hentry","product-cat-desktop-air-purifiers"],"meta_box":{"product_short_intro":"<ul>\n<li><strong>Unique Air Duct Design<\/strong>: Enhances smooth air circulation and effectively reduces noise for a more comfortable experience.<\/li>\n<li><strong>Exceptional Low Noise<\/strong>: Operates at 5-10dB lower noise levels than competitors, ensuring a peaceful environment.<\/li>\n<li><strong>Large CADR and Powerful Airflow<\/strong>: Ideal for large classrooms or commercial spaces, delivering efficient and thorough air purification.<\/li>\n<li><strong>Multiple Sensor Integration<\/strong>: Features PM2.5, CO2, temperature and humidity, radar, light, and noise sensors for comprehensive air quality monitoring.<\/li>\n<li><strong>Versatile Applications<\/strong>: Designed to meet the demands of schools, offices, and commercial spaces.<\/li>\n<\/ul>\n","hero_button_text":"Request an Instant Quote","specifications_table":[{"attribute_name":"Voltage","attribute_value":"220-240V~50\/60 Hz"},{"attribute_name":"Power","attribute_value":"4-12W"},{"attribute_name":"CADR","attribute_value":"120m\u00b3\/h (70CFM)"},{"attribute_name":"Noise","attribute_value":"32-52 dBA"},{"attribute_name":"Application area","attribute_value":"10-15m\u00b2"},{"attribute_name":"Filter","attribute_value":"Fabric Pre-Filter HEPA H13 with VOC adsorption","_state":"expanded"},{"attribute_name":"Certificates","attribute_value":"CADR & Noise,EN1822,Antibacterial filter CE-EMC,CE-LVD within 1 month","_state":"expanded"},{"attribute_name":"Machine Size","attribute_value":"185x185x200mm","_state":"expanded"},{"attribute_name":"Net Weight","attribute_value":"1.7kg","_state":"expanded"}],"specification_html_table":"","downloads":[{"file_url_or_upload":"https:\/\/hisoair.com\/wp-content\/uploads\/2024\/11\/residential-air-purifier-ha100d-pro-1.pdf"}],"related_posts":["7625","5497","8737","7610"],"related_downloads":[],"product_gallery":[],"product_capability_to":[],"product_case_to":[],"product_factory_to":[],"product_application_to":[],"related-products_from":["38043","7625","31173","5910","5447","38907","38917","38925","38934","38943","38951"]},"_links":{"self":[{"href":"https:\/\/hisoair.com\/pt\/wp-json\/wp\/v2\/product\/8586","targetHints":{"allow":["GET"]}}],"collection":[{"href":"https:\/\/hisoair.com\/pt\/wp-json\/wp\/v2\/product"}],"about":[{"href":"https:\/\/hisoair.com\/pt\/wp-json\/wp\/v2\/types\/product"}],"wp:featuredmedia":[{"embeddable":true,"href":"https:\/\/hisoair.com\/pt\/wp-json\/wp\/v2\/media\/8766"}],"wp:attachment":[{"href":"https:\/\/hisoair.com\/pt\/wp-json\/wp\/v2\/media?parent=8586"}],"wp:term":[{"taxonomy":"product-cat","embeddable":true,"href":"https:\/\/hisoair.com\/pt\/wp-json\/wp\/v2\/product-cat?post=8586"}],"curies":[{"name":"wp","href":"https:\/\/api.w.org\/{rel}","templated":true}]}}