{"id":8778,"date":"2024-11-27T19:16:11","date_gmt":"2024-11-27T11:16:11","guid":{"rendered":"https:\/\/hisoair.com\/?post_type=product&#038;p=8778"},"modified":"2025-06-09T11:48:12","modified_gmt":"2025-06-09T03:48:12","slug":"air-monitor-hs001","status":"publish","type":"product","link":"https:\/\/hisoair.com\/pt\/product\/air-monitor-hs001\/","title":{"rendered":"Air Monitor HS001"},"content":{"rendered":"<p><strong>Efici\u00eancia redefinida: Tecnologia de baixo consumo do Air Monitor<\/strong><br>Na HisoAir, damos prioridade \u00e0 sustentabilidade e a solu\u00e7\u00f5es econ\u00f3micas para a gest\u00e3o da qualidade do ar. O design de ponta do Air Monitor incorpora componentes de baixo consumo e estrat\u00e9gias operacionais inteligentes, proporcionando uma vida \u00fatil prolongada da bateria que minimiza os custos de manuten\u00e7\u00e3o.<\/p>\n\n\n\n<figure class=\"wp-block-image size-full\"><img loading=\"lazy\" decoding=\"async\" width=\"1000\" height=\"1000\" src=\"https:\/\/hisoair.com\/wp-content\/uploads\/2024\/11\/air-monitor-hm001-1.webp\" alt=\"monitor de ar hm001\" class=\"wp-image-8780\" srcset=\"https:\/\/hisoair.com\/wp-content\/uploads\/2024\/11\/air-monitor-hm001-1.webp 1000w, https:\/\/hisoair.com\/wp-content\/uploads\/2024\/11\/air-monitor-hm001-1-300x300.webp 300w, https:\/\/hisoair.com\/wp-content\/uploads\/2024\/11\/air-monitor-hm001-1-150x150.webp 150w, https:\/\/hisoair.com\/wp-content\/uploads\/2024\/11\/air-monitor-hm001-1-768x768.webp 768w, https:\/\/hisoair.com\/wp-content\/uploads\/2024\/11\/air-monitor-hm001-1-12x12.webp 12w\" sizes=\"auto, (max-width: 1000px) 100vw, 1000px\" \/><\/figure>\n\n\n\n<p><strong>Solu\u00e7\u00e3o inteligente de monitoriza\u00e7\u00e3o da qualidade do ar interior<\/strong><br>Entre no futuro da monitoriza\u00e7\u00e3o da qualidade do ar interior com o HisoAir Air Monitor. Este dispositivo inteligente n\u00e3o s\u00f3 monitoriza e controla a qualidade do ar interior sem problemas, como tamb\u00e9m lhe permite tomar medidas em tempo real para melhorar a sa\u00fade e o conforto.<\/p>\n\n\n\n<figure class=\"wp-block-image size-full\"><img loading=\"lazy\" decoding=\"async\" width=\"1000\" height=\"1000\" src=\"https:\/\/hisoair.com\/wp-content\/uploads\/2024\/11\/air-monitor-hm001-1-1.webp\" alt=\"monitor de ar hm001 1\" class=\"wp-image-8781\" srcset=\"https:\/\/hisoair.com\/wp-content\/uploads\/2024\/11\/air-monitor-hm001-1-1.webp 1000w, https:\/\/hisoair.com\/wp-content\/uploads\/2024\/11\/air-monitor-hm001-1-1-300x300.webp 300w, https:\/\/hisoair.com\/wp-content\/uploads\/2024\/11\/air-monitor-hm001-1-1-150x150.webp 150w, https:\/\/hisoair.com\/wp-content\/uploads\/2024\/11\/air-monitor-hm001-1-1-768x768.webp 768w, https:\/\/hisoair.com\/wp-content\/uploads\/2024\/11\/air-monitor-hm001-1-1-12x12.webp 12w\" sizes=\"auto, (max-width: 1000px) 100vw, 1000px\" \/><\/figure>\n\n\n\n<p>HisoAir Air Monitor is built to maximize efficiency and sustainability. From its low-power microcontroller to the intelligently programmed sensor logic, every feature has been fine-tuned to reduce energy consumption. The innovative E-ink screen optimizes power usage, while the adaptive screen refresh system, driven by PIR and CO2 sensors, ensures display activation only when necessary. LoRaWAN\u2122 connectivity adds another layer of efficiency by minimizing energy consumption during data uploads.<\/p>\n\n\n\n<figure class=\"wp-block-image size-full\"><img loading=\"lazy\" decoding=\"async\" width=\"1000\" height=\"1000\" src=\"https:\/\/hisoair.com\/wp-content\/uploads\/2024\/11\/air-monitor-hm001-2.webp\" alt=\"monitor de ar hm001 2\" class=\"wp-image-8782\" srcset=\"https:\/\/hisoair.com\/wp-content\/uploads\/2024\/11\/air-monitor-hm001-2.webp 1000w, https:\/\/hisoair.com\/wp-content\/uploads\/2024\/11\/air-monitor-hm001-2-300x300.webp 300w, https:\/\/hisoair.com\/wp-content\/uploads\/2024\/11\/air-monitor-hm001-2-150x150.webp 150w, https:\/\/hisoair.com\/wp-content\/uploads\/2024\/11\/air-monitor-hm001-2-768x768.webp 768w, https:\/\/hisoair.com\/wp-content\/uploads\/2024\/11\/air-monitor-hm001-2-12x12.webp 12w\" sizes=\"auto, (max-width: 1000px) 100vw, 1000px\" \/><\/figure>\n\n\n\n<p>Quer seja para casas, escrit\u00f3rios ou escolas, o Air Monitor oferece uma solu\u00e7\u00e3o que optimiza a gest\u00e3o da qualidade do ar interior com custos operacionais m\u00ednimos. Com monitoriza\u00e7\u00e3o em tempo real, modos operacionais adapt\u00e1veis e design energeticamente eficiente, o Air Monitor representa a pr\u00f3xima gera\u00e7\u00e3o de solu\u00e7\u00f5es de qualidade do ar inteligentes e sustent\u00e1veis.<\/p>\n\n\n\n<figure class=\"wp-block-image size-full\"><img loading=\"lazy\" decoding=\"async\" width=\"1000\" height=\"1000\" src=\"https:\/\/hisoair.com\/wp-content\/uploads\/2024\/11\/air-monitor-hm001-3.webp\" alt=\"monitor de ar hm001 3\" class=\"wp-image-8783\" srcset=\"https:\/\/hisoair.com\/wp-content\/uploads\/2024\/11\/air-monitor-hm001-3.webp 1000w, https:\/\/hisoair.com\/wp-content\/uploads\/2024\/11\/air-monitor-hm001-3-300x300.webp 300w, https:\/\/hisoair.com\/wp-content\/uploads\/2024\/11\/air-monitor-hm001-3-150x150.webp 150w, https:\/\/hisoair.com\/wp-content\/uploads\/2024\/11\/air-monitor-hm001-3-768x768.webp 768w, https:\/\/hisoair.com\/wp-content\/uploads\/2024\/11\/air-monitor-hm001-3-12x12.webp 12w\" sizes=\"auto, (max-width: 1000px) 100vw, 1000px\" \/><\/figure>","protected":false},"featured_media":8779,"template":"","product-cat":[31,55],"class_list":["post-8778","product","type-product","status-publish","has-post-thumbnail","hentry","product-cat-air-monitor","product-cat-commercial-air-monitor"],"meta_box":{"product_short_intro":"<ul>\n<li><strong>Low-Power Sensors<\/strong>: Carefully selected sensors extend the device's operational lifespan while minimizing maintenance costs.<\/li>\n<li><strong>Smart Screen Refresh<\/strong>: Powered by PIR and CO2 sensors, the display activates only when needed, saving energy.<\/li>\n<li><strong>Energy-Efficient E-ink Screen<\/strong>: Reduces power usage while ensuring clear, real-time monitoring.<\/li>\n<li><strong>Adaptive Operation Modes<\/strong>: Tailored operational strategies for weekdays and rest days to optimize energy efficiency.<\/li>\n<li><strong>LoRaWAN Connectivity<\/strong>: Low-energy communication technology that significantly minimizes power consumption.<\/li>\n<\/ul>\n","hero_button_text":"Request a Quote","specifications_table":[{"attribute_name":"Voltage","attribute_value":"5V 1A"},{"attribute_name":"Charging","attribute_value":"Type-C"},{"attribute_name":"Screen","attribute_value":"4.2-inch Black & White E-Ink Screen","_state":"expanded"},{"attribute_name":"Sensor","attribute_value":"PM2.5, CO\u2082, TVOC, Barometric Pressure, Temperature, Humidity, Light, Passive infrared"},{"attribute_name":"Wireless Transmission Technology","attribute_value":"LoRaWAN\u2122","_state":"expanded"},{"attribute_name":"Wireless Frequency","attribute_value":"CN470\/RU864\/IN865\/EU868\/US 915\/AU915\/KR920\/AS923- 1&2&3&4","_state":"expanded"},{"attribute_name":"Replaceable Battery","attribute_value":"4 \u00d7 2700 mAh ER14505 Li- SOCL2","_state":"expanded"},{"attribute_name":"Battery Life (10 min interval)","attribute_value":"Around 1 Year","_state":"expanded"},{"attribute_name":"Dimension ","attribute_value":"84*100*20mm","_state":"expanded"},{"attribute_name":"Storage Temperature","attribute_value":"-20\u00b0C \u2013 60\u00b0C (E-Ink Screen: 0\u00b0C \u2013 40\u00b0C)","_state":"expanded"},{"attribute_name":"Relative Humidity","attribute_value":"10% \u2013 90% (non-condensing)","_state":"expanded"},{"attribute_name":"Installation","attribute_value":"3M Tape Mounting, Wall Screw Mountin","_state":"expanded"}],"specification_html_table":"","downloads":[{"file_name":"8 sensors in one Air Monitor - HS001","file_url_or_upload":"https:\/\/hisoair.com\/wp-content\/uploads\/2024\/11\/air-monitor-hs001.pdf"}],"related_posts":["8737","7610","5987","5896"],"related_downloads":["12112"],"product_gallery":[],"product_capability_to":[],"product_case_to":[],"product_factory_to":[],"product_application_to":[],"related-products_from":["38264"]},"_links":{"self":[{"href":"https:\/\/hisoair.com\/pt\/wp-json\/wp\/v2\/product\/8778","targetHints":{"allow":["GET"]}}],"collection":[{"href":"https:\/\/hisoair.com\/pt\/wp-json\/wp\/v2\/product"}],"about":[{"href":"https:\/\/hisoair.com\/pt\/wp-json\/wp\/v2\/types\/product"}],"wp:featuredmedia":[{"embeddable":true,"href":"https:\/\/hisoair.com\/pt\/wp-json\/wp\/v2\/media\/8779"}],"wp:attachment":[{"href":"https:\/\/hisoair.com\/pt\/wp-json\/wp\/v2\/media?parent=8778"}],"wp:term":[{"taxonomy":"product-cat","embeddable":true,"href":"https:\/\/hisoair.com\/pt\/wp-json\/wp\/v2\/product-cat?post=8778"}],"curies":[{"name":"wp","href":"https:\/\/api.w.org\/{rel}","templated":true}]}}