{"id":8805,"date":"2024-11-27T20:06:00","date_gmt":"2024-11-27T12:06:00","guid":{"rendered":"https:\/\/hisoair.com\/?post_type=product&#038;p=8805"},"modified":"2025-04-21T19:37:31","modified_gmt":"2025-04-21T11:37:31","slug":"purificador-de-ar-para-animais-de-estimacao-ha-360","status":"publish","type":"product","link":"https:\/\/hisoair.com\/pt\/product\/pet-air-purifier-ha-360\/","title":{"rendered":"Purificador de ar para animais de estima\u00e7\u00e3o HA360"},"content":{"rendered":"<p><strong>Purificador de ar para animais de estima\u00e7\u00e3o HA360: A solu\u00e7\u00e3o perfeita para casas que aceitam animais de estima\u00e7\u00e3o<\/strong><br>Concebido a pensar nos amantes de animais de estima\u00e7\u00e3o, o Purificador de Ar para Animais de Estima\u00e7\u00e3o HA360 garante que o ar da sua casa se mant\u00e9m fresco e limpo. Diga adeus aos p\u00ealos, p\u00ealos e odores dos animais de estima\u00e7\u00e3o com este purificador ultra-eficiente e elegante que se integra perfeitamente em qualquer espa\u00e7o habitacional.<\/p>\n\n\n\n<figure class=\"wp-block-image size-large\"><img loading=\"lazy\" decoding=\"async\" width=\"1024\" height=\"1024\" src=\"https:\/\/hisoair.com\/wp-content\/uploads\/2024\/11\/pet-air-purifier-ha-360-2-1024x1024.webp\" alt=\"purificador de ar para animais de estima\u00e7\u00e3o ha 360 (2)\" class=\"wp-image-8823\" srcset=\"https:\/\/hisoair.com\/wp-content\/uploads\/2024\/11\/pet-air-purifier-ha-360-2-1024x1024.webp 1024w, https:\/\/hisoair.com\/wp-content\/uploads\/2024\/11\/pet-air-purifier-ha-360-2-300x300.webp 300w, https:\/\/hisoair.com\/wp-content\/uploads\/2024\/11\/pet-air-purifier-ha-360-2-150x150.webp 150w, https:\/\/hisoair.com\/wp-content\/uploads\/2024\/11\/pet-air-purifier-ha-360-2-768x768.webp 768w, https:\/\/hisoair.com\/wp-content\/uploads\/2024\/11\/pet-air-purifier-ha-360-2-1536x1536.webp 1536w, https:\/\/hisoair.com\/wp-content\/uploads\/2024\/11\/pet-air-purifier-ha-360-2-12x12.webp 12w, https:\/\/hisoair.com\/wp-content\/uploads\/2024\/11\/pet-air-purifier-ha-360-2.webp 1600w\" sizes=\"auto, (max-width: 1024px) 100vw, 1024px\" \/><\/figure>\n\n\n\n<p><strong>Tecnologia FurTrap de alta efici\u00eancia: A solu\u00e7\u00e3o definitiva para os p\u00ealos dos animais<\/strong><br>O HA360 possui um sistema FurTrap inovador com uma entrada de ar frontal e duas entradas de ar laterais. As suas aberturas de 5,8-11 mm s\u00e3o optimizadas para capturar eficazmente os p\u00ealos compridos e os p\u00ealos em pilha dos animais de estima\u00e7\u00e3o, mantendo um fluxo de ar suave e sem entupimentos.<\/p>\n\n\n\n<figure class=\"wp-block-image size-large\"><img loading=\"lazy\" decoding=\"async\" width=\"1024\" height=\"1024\" src=\"https:\/\/hisoair.com\/wp-content\/uploads\/2024\/11\/pet-air-purifier-ha-360-1-1024x1024.webp\" alt=\"purificador de ar para animais de estima\u00e7\u00e3o ha 360 1\" class=\"wp-image-8825\" srcset=\"https:\/\/hisoair.com\/wp-content\/uploads\/2024\/11\/pet-air-purifier-ha-360-1-1024x1024.webp 1024w, https:\/\/hisoair.com\/wp-content\/uploads\/2024\/11\/pet-air-purifier-ha-360-1-300x300.webp 300w, https:\/\/hisoair.com\/wp-content\/uploads\/2024\/11\/pet-air-purifier-ha-360-1-150x150.webp 150w, https:\/\/hisoair.com\/wp-content\/uploads\/2024\/11\/pet-air-purifier-ha-360-1-768x768.webp 768w, https:\/\/hisoair.com\/wp-content\/uploads\/2024\/11\/pet-air-purifier-ha-360-1-1536x1536.webp 1536w, https:\/\/hisoair.com\/wp-content\/uploads\/2024\/11\/pet-air-purifier-ha-360-1-12x12.webp 12w, https:\/\/hisoair.com\/wp-content\/uploads\/2024\/11\/pet-air-purifier-ha-360-1.webp 1600w\" sizes=\"auto, (max-width: 1024px) 100vw, 1024px\" \/><\/figure>\n\n\n\n<p><strong>Sistema de ventoinha ultra-potente: Renova\u00e7\u00e3o de ar potente<\/strong><br>Capaz de processar 6000 litros de ar por minuto, este purificador de ar assegura um ambiente de vida saud\u00e1vel ao remover v\u00edrus, pelo de animais de estima\u00e7\u00e3o, pelo, fibras, p\u00f3 e odores desagrad\u00e1veis, tornando-o ideal para casas que aceitam animais de estima\u00e7\u00e3o.<\/p>\n\n\n\n<figure class=\"wp-block-image size-large\"><img loading=\"lazy\" decoding=\"async\" width=\"1024\" height=\"1024\" src=\"https:\/\/hisoair.com\/wp-content\/uploads\/2024\/11\/pet-air-purifier-ha-360-2-1-1024x1024.webp\" alt=\"purificador de ar para animais de estima\u00e7\u00e3o ha 360 2\" class=\"wp-image-8826\" srcset=\"https:\/\/hisoair.com\/wp-content\/uploads\/2024\/11\/pet-air-purifier-ha-360-2-1-1024x1024.webp 1024w, https:\/\/hisoair.com\/wp-content\/uploads\/2024\/11\/pet-air-purifier-ha-360-2-1-300x300.webp 300w, https:\/\/hisoair.com\/wp-content\/uploads\/2024\/11\/pet-air-purifier-ha-360-2-1-150x150.webp 150w, https:\/\/hisoair.com\/wp-content\/uploads\/2024\/11\/pet-air-purifier-ha-360-2-1-768x768.webp 768w, https:\/\/hisoair.com\/wp-content\/uploads\/2024\/11\/pet-air-purifier-ha-360-2-1-1536x1536.webp 1536w, https:\/\/hisoair.com\/wp-content\/uploads\/2024\/11\/pet-air-purifier-ha-360-2-1-12x12.webp 12w, https:\/\/hisoair.com\/wp-content\/uploads\/2024\/11\/pet-air-purifier-ha-360-2-1.webp 1600w\" sizes=\"auto, (max-width: 1024px) 100vw, 1024px\" \/><\/figure>\n\n\n\n<p><strong>Monitoriza\u00e7\u00e3o da qualidade do ar em tempo real: Inteligente e reativo<\/strong><br>Equipado com um sensor PM2.5, o HA360 monitoriza a qualidade do ar em tempo real e ajusta automaticamente o seu desempenho para manter a qualidade do ar ideal, proporcionando-lhe paz de esp\u00edrito e um ar mais saud\u00e1vel.<\/p>\n\n\n\n<p><strong>Funcionamento silencioso e carater\u00edsticas de seguran\u00e7a: Uma casa para todos<\/strong><br>Com a tecnologia de cancelamento de decib\u00e9is, o purificador de ar Furgo Pet funciona com um n\u00edvel de ru\u00eddo m\u00e1ximo de 49 dB e t\u00e3o baixo quanto 26 dB no modo de suspens\u00e3o. A fun\u00e7\u00e3o de bloqueio para crian\u00e7as garante a seguran\u00e7a dos seus filhos e animais de estima\u00e7\u00e3o, evitando altera\u00e7\u00f5es acidentais das defini\u00e7\u00f5es.<\/p>\n\n\n\n<figure class=\"wp-block-image size-large\"><img loading=\"lazy\" decoding=\"async\" width=\"1024\" height=\"1024\" src=\"https:\/\/hisoair.com\/wp-content\/uploads\/2024\/11\/pet-air-purifier-ha-360-3-1024x1024.jpg\" alt=\"purificador de ar para animais de estima\u00e7\u00e3o ha 360 3\" class=\"wp-image-8827\" srcset=\"https:\/\/hisoair.com\/wp-content\/uploads\/2024\/11\/pet-air-purifier-ha-360-3-1024x1024.jpg 1024w, https:\/\/hisoair.com\/wp-content\/uploads\/2024\/11\/pet-air-purifier-ha-360-3-300x300.jpg 300w, https:\/\/hisoair.com\/wp-content\/uploads\/2024\/11\/pet-air-purifier-ha-360-3-150x150.jpg 150w, https:\/\/hisoair.com\/wp-content\/uploads\/2024\/11\/pet-air-purifier-ha-360-3-768x768.jpg 768w, https:\/\/hisoair.com\/wp-content\/uploads\/2024\/11\/pet-air-purifier-ha-360-3-1536x1536.jpg 1536w, https:\/\/hisoair.com\/wp-content\/uploads\/2024\/11\/pet-air-purifier-ha-360-3-12x12.jpg 12w, https:\/\/hisoair.com\/wp-content\/uploads\/2024\/11\/pet-air-purifier-ha-360-3.jpg 1600w\" sizes=\"auto, (max-width: 1024px) 100vw, 1024px\" \/><\/figure>\n\n\n\n<p><strong>Filtragem avan\u00e7ada para uma vida livre de alerg\u00e9nios<\/strong><br>O sistema de filtragem de 2 fases combina um pr\u00e9-filtro de carv\u00e3o ativado com um filtro HEPA para capturar 99,99% de p\u00ealos de animais, p\u00ealos e alerg\u00e9nios, proporcionando um ambiente seguro e sem alergias para a sua fam\u00edlia.<\/p>\n\n\n\n<p>O Purificador de Ar para Animais de Estima\u00e7\u00e3o HA360 \u00e9 mais do que um simples dispositivo - \u00e9 uma solu\u00e7\u00e3o abrangente para donos de animais de estima\u00e7\u00e3o que valorizam o ar limpo e fresco. Com as suas carater\u00edsticas inovadoras e o seu design amigo dos animais de estima\u00e7\u00e3o, \u00e9 o complemento perfeito para qualquer casa, garantindo um espa\u00e7o seguro e confort\u00e1vel para si e para os seus amigos peludos.<\/p>","protected":false},"featured_media":18162,"template":"","product-cat":[49],"class_list":["post-8805","product","type-product","status-publish","has-post-thumbnail","hentry","product-cat-pet-air-purifier"],"meta_box":{"product_short_intro":"<ul>\n<li><strong>Exceptional Pet Air Filtration:<\/strong> Specially designed to eliminate pet fur, dander, and odors, ensuring a fresh and clean indoor environment.<\/li>\n<li><strong>TriSuck Advantage:<\/strong> Features 3-side air inlets for effortless and clog-free capture of long and short pet hair.<\/li>\n<li><strong>Ultra-Quiet Performance:<\/strong> Incorporates advanced decibel-cancellation technology for whisper-quiet operation, ensuring peaceful surroundings for pets and humans alike.<\/li>\n<li><strong>Dual-Defense Filtration:<\/strong> Combines a pre-filter for fur removal and an activated carbon filter for odor elimination.<\/li>\n<li><strong>Smart Air Quality Monitor:<\/strong> Real-time air quality monitoring with an intuitive interface for precise control and allergen-free air.<\/li>\n<\/ul>\n<p><!-- notionvc: 32aa5cee-7fd4-4b1d-8568-d4c728ce0905 --><\/p>\n","hero_button_text":"Request a Quote","specifications_table":[{"attribute_name":"Power","attribute_value":"32W"},{"attribute_name":"Noise","attribute_value":"\u226460 dB(A)"},{"attribute_name":"CADR","attribute_value":"340 m\u00b3\/h","_state":"expanded"},{"attribute_name":"Coverage area","attribute_value":"24 - 40 m\u00b2"},{"attribute_name":"Speed","attribute_value":"3"},{"attribute_name":"Filter ","attribute_value":" H12 HEPA (99.5% filtration) Coated active carbon sponge filter"},{"attribute_name":"Product size","attribute_value":"405 x 245 x 532 mm"},{"attribute_name":"Product net weight","attribute_value":"6.2 kg"},{"attribute_name":"Fuction","attribute_value":"Air quality indicator,Child lock, Remote control, Filter change reminder"},{"attribute_name":"Optional","attribute_value":"UV-C, lonizer"}],"specification_html_table":"","downloads":[{"file_name":"Pet Air Purifier HA360","file_url_or_upload":"https:\/\/hisoair.com\/wp-content\/uploads\/2024\/11\/pet-air-purifier-ha360.pdf"}],"related_posts":["3539","4113","5829","5859"],"related_downloads":[],"product_gallery":[{"width":150,"height":150,"file":"2024\/11\/pet-air-purifrier-ha360-1.webp","filesize":176642,"sizes":{"medium":{"file":"pet-air-purifrier-ha360-1-300x300.webp","width":300,"height":300,"mime-type":"image\/webp","filesize":15944,"url":"https:\/\/hisoair.com\/wp-content\/uploads\/2024\/11\/pet-air-purifrier-ha360-1-300x300.webp"},"large":{"file":"pet-air-purifrier-ha360-1-1024x1024.webp","width":1024,"height":1024,"mime-type":"image\/webp","filesize":119254,"url":"https:\/\/hisoair.com\/wp-content\/uploads\/2024\/11\/pet-air-purifrier-ha360-1-1024x1024.webp"},"thumbnail":{"file":"pet-air-purifrier-ha360-1-150x150.webp","width":150,"height":150,"mime-type":"image\/webp","filesize":4682,"url":"https:\/\/hisoair.com\/wp-content\/uploads\/2024\/11\/pet-air-purifrier-ha360-1-150x150.webp"},"medium_large":{"file":"pet-air-purifrier-ha360-1-768x768.webp","width":768,"height":768,"mime-type":"image\/webp","filesize":77088,"url":"https:\/\/hisoair.com\/wp-content\/uploads\/2024\/11\/pet-air-purifrier-ha360-1-768x768.webp"},"1536x1536":{"file":"pet-air-purifrier-ha360-1-1536x1536.webp","width":1536,"height":1536,"mime-type":"image\/webp","filesize":215178,"url":"https:\/\/hisoair.com\/wp-content\/uploads\/2024\/11\/pet-air-purifrier-ha360-1-1536x1536.webp"},"trp-custom-language-flag":{"file":"pet-air-purifrier-ha360-1-12x12.webp","width":12,"height":12,"mime-type":"image\/webp","filesize":132,"url":"https:\/\/hisoair.com\/wp-content\/uploads\/2024\/11\/pet-air-purifrier-ha360-1-12x12.webp"}},"image_meta":{"aperture":"0","credit":"","camera":"","caption":"","created_timestamp":"0","copyright":"","focal_length":"0","iso":"0","shutter_speed":"0","title":"","orientation":"0","keywords":[]},"ID":"12392","name":"pet-air-purifrier-ha360-1.webp","path":"\/nas\/content\/live\/hisoair\/wp-content\/uploads\/2024\/11\/pet-air-purifrier-ha360-1.webp","url":"https:\/\/hisoair.com\/wp-content\/uploads\/2024\/11\/pet-air-purifrier-ha360-1-150x150.webp","full_url":"https:\/\/hisoair.com\/wp-content\/uploads\/2024\/11\/pet-air-purifrier-ha360-1.webp","title":"purificador de ar para animais de estima\u00e7\u00e3o ha360","caption":"","description":"","alt":"pet air purifier ha360","srcset":"https:\/\/hisoair.com\/wp-content\/uploads\/2024\/11\/pet-air-purifrier-ha360-1-150x150.webp 150w, https:\/\/hisoair.com\/wp-content\/uploads\/2024\/11\/pet-air-purifrier-ha360-1-300x300.webp 300w, https:\/\/hisoair.com\/wp-content\/uploads\/2024\/11\/pet-air-purifrier-ha360-1-1024x1024.webp 1024w, https:\/\/hisoair.com\/wp-content\/uploads\/2024\/11\/pet-air-purifrier-ha360-1-768x768.webp 768w, https:\/\/hisoair.com\/wp-content\/uploads\/2024\/11\/pet-air-purifrier-ha360-1-1536x1536.webp 1536w, https:\/\/hisoair.com\/wp-content\/uploads\/2024\/11\/pet-air-purifrier-ha360-1-12x12.webp 12w, https:\/\/hisoair.com\/wp-content\/uploads\/2024\/11\/pet-air-purifrier-ha360-1.webp 1600w"},{"width":150,"height":150,"file":"2024\/11\/pet-air-purifrier-ha360-2.webp","filesize":189948,"sizes":{"medium":{"file":"pet-air-purifrier-ha360-2-300x300.webp","width":300,"height":300,"mime-type":"image\/webp","filesize":18964,"url":"https:\/\/hisoair.com\/wp-content\/uploads\/2024\/11\/pet-air-purifrier-ha360-2-300x300.webp"},"large":{"file":"pet-air-purifrier-ha360-2-1024x1024.webp","width":1024,"height":1024,"mime-type":"image\/webp","filesize":131860,"url":"https:\/\/hisoair.com\/wp-content\/uploads\/2024\/11\/pet-air-purifrier-ha360-2-1024x1024.webp"},"thumbnail":{"file":"pet-air-purifrier-ha360-2-150x150.webp","width":150,"height":150,"mime-type":"image\/webp","filesize":6014,"url":"https:\/\/hisoair.com\/wp-content\/uploads\/2024\/11\/pet-air-purifrier-ha360-2-150x150.webp"},"medium_large":{"file":"pet-air-purifrier-ha360-2-768x768.webp","width":768,"height":768,"mime-type":"image\/webp","filesize":84592,"url":"https:\/\/hisoair.com\/wp-content\/uploads\/2024\/11\/pet-air-purifrier-ha360-2-768x768.webp"},"1536x1536":{"file":"pet-air-purifrier-ha360-2-1536x1536.webp","width":1536,"height":1536,"mime-type":"image\/webp","filesize":232502,"url":"https:\/\/hisoair.com\/wp-content\/uploads\/2024\/11\/pet-air-purifrier-ha360-2-1536x1536.webp"},"trp-custom-language-flag":{"file":"pet-air-purifrier-ha360-2-12x12.webp","width":12,"height":12,"mime-type":"image\/webp","filesize":126,"url":"https:\/\/hisoair.com\/wp-content\/uploads\/2024\/11\/pet-air-purifrier-ha360-2-12x12.webp"}},"image_meta":{"aperture":"0","credit":"","camera":"","caption":"","created_timestamp":"0","copyright":"","focal_length":"0","iso":"0","shutter_speed":"0","title":"","orientation":"0","keywords":[]},"ID":"12393","name":"pet-air-purifrier-ha360-2.webp","path":"\/nas\/content\/live\/hisoair\/wp-content\/uploads\/2024\/11\/pet-air-purifrier-ha360-2.webp","url":"https:\/\/hisoair.com\/wp-content\/uploads\/2024\/11\/pet-air-purifrier-ha360-2-150x150.webp","full_url":"https:\/\/hisoair.com\/wp-content\/uploads\/2024\/11\/pet-air-purifrier-ha360-2.webp","title":"purificador de ar para animais de estima\u00e7\u00e3o ha360","caption":"","description":"","alt":"pet air purifier ha360","srcset":"https:\/\/hisoair.com\/wp-content\/uploads\/2024\/11\/pet-air-purifrier-ha360-2-150x150.webp 150w, https:\/\/hisoair.com\/wp-content\/uploads\/2024\/11\/pet-air-purifrier-ha360-2-300x300.webp 300w, https:\/\/hisoair.com\/wp-content\/uploads\/2024\/11\/pet-air-purifrier-ha360-2-1024x1024.webp 1024w, https:\/\/hisoair.com\/wp-content\/uploads\/2024\/11\/pet-air-purifrier-ha360-2-768x768.webp 768w, https:\/\/hisoair.com\/wp-content\/uploads\/2024\/11\/pet-air-purifrier-ha360-2-1536x1536.webp 1536w, https:\/\/hisoair.com\/wp-content\/uploads\/2024\/11\/pet-air-purifrier-ha360-2-12x12.webp 12w, https:\/\/hisoair.com\/wp-content\/uploads\/2024\/11\/pet-air-purifrier-ha360-2.webp 1600w"},{"width":150,"height":150,"file":"2024\/11\/pet-air-purifrier-ha360-3.webp","filesize":90260,"sizes":{"medium":{"file":"pet-air-purifrier-ha360-3-300x300.webp","width":300,"height":300,"mime-type":"image\/webp","filesize":14520,"url":"https:\/\/hisoair.com\/wp-content\/uploads\/2024\/11\/pet-air-purifrier-ha360-3-300x300.webp"},"large":{"file":"pet-air-purifrier-ha360-3-1024x1024.webp","width":1024,"height":1024,"mime-type":"image\/webp","filesize":69698,"url":"https:\/\/hisoair.com\/wp-content\/uploads\/2024\/11\/pet-air-purifrier-ha360-3-1024x1024.webp"},"thumbnail":{"file":"pet-air-purifrier-ha360-3-150x150.webp","width":150,"height":150,"mime-type":"image\/webp","filesize":4998,"url":"https:\/\/hisoair.com\/wp-content\/uploads\/2024\/11\/pet-air-purifrier-ha360-3-150x150.webp"},"medium_large":{"file":"pet-air-purifrier-ha360-3-768x768.webp","width":768,"height":768,"mime-type":"image\/webp","filesize":49608,"url":"https:\/\/hisoair.com\/wp-content\/uploads\/2024\/11\/pet-air-purifrier-ha360-3-768x768.webp"},"1536x1536":{"file":"pet-air-purifrier-ha360-3-1536x1536.webp","width":1536,"height":1536,"mime-type":"image\/webp","filesize":113476,"url":"https:\/\/hisoair.com\/wp-content\/uploads\/2024\/11\/pet-air-purifrier-ha360-3-1536x1536.webp"},"trp-custom-language-flag":{"file":"pet-air-purifrier-ha360-3-12x12.webp","width":12,"height":12,"mime-type":"image\/webp","filesize":132,"url":"https:\/\/hisoair.com\/wp-content\/uploads\/2024\/11\/pet-air-purifrier-ha360-3-12x12.webp"}},"image_meta":{"aperture":"0","credit":"","camera":"","caption":"","created_timestamp":"0","copyright":"","focal_length":"0","iso":"0","shutter_speed":"0","title":"","orientation":"0","keywords":[]},"ID":"12394","name":"pet-air-purifrier-ha360-3.webp","path":"\/nas\/content\/live\/hisoair\/wp-content\/uploads\/2024\/11\/pet-air-purifrier-ha360-3.webp","url":"https:\/\/hisoair.com\/wp-content\/uploads\/2024\/11\/pet-air-purifrier-ha360-3-150x150.webp","full_url":"https:\/\/hisoair.com\/wp-content\/uploads\/2024\/11\/pet-air-purifrier-ha360-3.webp","title":"purificador de ar para animais de estima\u00e7\u00e3o ha360","caption":"","description":"","alt":"pet air purifier ha360","srcset":"https:\/\/hisoair.com\/wp-content\/uploads\/2024\/11\/pet-air-purifrier-ha360-3-150x150.webp 150w, https:\/\/hisoair.com\/wp-content\/uploads\/2024\/11\/pet-air-purifrier-ha360-3-300x300.webp 300w, https:\/\/hisoair.com\/wp-content\/uploads\/2024\/11\/pet-air-purifrier-ha360-3-1024x1024.webp 1024w, https:\/\/hisoair.com\/wp-content\/uploads\/2024\/11\/pet-air-purifrier-ha360-3-768x768.webp 768w, https:\/\/hisoair.com\/wp-content\/uploads\/2024\/11\/pet-air-purifrier-ha360-3-1536x1536.webp 1536w, https:\/\/hisoair.com\/wp-content\/uploads\/2024\/11\/pet-air-purifrier-ha360-3-12x12.webp 12w, https:\/\/hisoair.com\/wp-content\/uploads\/2024\/11\/pet-air-purifrier-ha360-3.webp 1600w"},{"width":150,"height":150,"file":"2024\/11\/pet-air-purifrier-ha360-4.webp","filesize":108052,"sizes":{"medium":{"file":"pet-air-purifrier-ha360-4-300x300.webp","width":300,"height":300,"mime-type":"image\/webp","filesize":9020,"url":"https:\/\/hisoair.com\/wp-content\/uploads\/2024\/11\/pet-air-purifrier-ha360-4-300x300.webp"},"large":{"file":"pet-air-purifrier-ha360-4-1024x1024.webp","width":1024,"height":1024,"mime-type":"image\/webp","filesize":68176,"url":"https:\/\/hisoair.com\/wp-content\/uploads\/2024\/11\/pet-air-purifrier-ha360-4-1024x1024.webp"},"thumbnail":{"file":"pet-air-purifrier-ha360-4-150x150.webp","width":150,"height":150,"mime-type":"image\/webp","filesize":3558,"url":"https:\/\/hisoair.com\/wp-content\/uploads\/2024\/11\/pet-air-purifrier-ha360-4-150x150.webp"},"medium_large":{"file":"pet-air-purifrier-ha360-4-768x768.webp","width":768,"height":768,"mime-type":"image\/webp","filesize":42554,"url":"https:\/\/hisoair.com\/wp-content\/uploads\/2024\/11\/pet-air-purifrier-ha360-4-768x768.webp"},"1536x1536":{"file":"pet-air-purifrier-ha360-4-1536x1536.webp","width":1536,"height":1536,"mime-type":"image\/webp","filesize":128816,"url":"https:\/\/hisoair.com\/wp-content\/uploads\/2024\/11\/pet-air-purifrier-ha360-4-1536x1536.webp"},"trp-custom-language-flag":{"file":"pet-air-purifrier-ha360-4-12x12.webp","width":12,"height":12,"mime-type":"image\/webp","filesize":144,"url":"https:\/\/hisoair.com\/wp-content\/uploads\/2024\/11\/pet-air-purifrier-ha360-4-12x12.webp"}},"image_meta":{"aperture":"0","credit":"","camera":"","caption":"","created_timestamp":"0","copyright":"","focal_length":"0","iso":"0","shutter_speed":"0","title":"","orientation":"0","keywords":[]},"ID":"12395","name":"pet-air-purifrier-ha360-4.webp","path":"\/nas\/content\/live\/hisoair\/wp-content\/uploads\/2024\/11\/pet-air-purifrier-ha360-4.webp","url":"https:\/\/hisoair.com\/wp-content\/uploads\/2024\/11\/pet-air-purifrier-ha360-4-150x150.webp","full_url":"https:\/\/hisoair.com\/wp-content\/uploads\/2024\/11\/pet-air-purifrier-ha360-4.webp","title":"purificador de ar para animais de estima\u00e7\u00e3o ha360","caption":"","description":"","alt":"pet air purifier ha360","srcset":"https:\/\/hisoair.com\/wp-content\/uploads\/2024\/11\/pet-air-purifrier-ha360-4-150x150.webp 150w, https:\/\/hisoair.com\/wp-content\/uploads\/2024\/11\/pet-air-purifrier-ha360-4-300x300.webp 300w, https:\/\/hisoair.com\/wp-content\/uploads\/2024\/11\/pet-air-purifrier-ha360-4-1024x1024.webp 1024w, https:\/\/hisoair.com\/wp-content\/uploads\/2024\/11\/pet-air-purifrier-ha360-4-768x768.webp 768w, https:\/\/hisoair.com\/wp-content\/uploads\/2024\/11\/pet-air-purifrier-ha360-4-1536x1536.webp 1536w, https:\/\/hisoair.com\/wp-content\/uploads\/2024\/11\/pet-air-purifrier-ha360-4-12x12.webp 12w, https:\/\/hisoair.com\/wp-content\/uploads\/2024\/11\/pet-air-purifrier-ha360-4.webp 1600w"}],"product_capability_to":[],"product_case_to":[],"product_factory_to":[],"product_application_to":[],"related-products_from":["22499","38925","38412"]},"_links":{"self":[{"href":"https:\/\/hisoair.com\/pt\/wp-json\/wp\/v2\/product\/8805","targetHints":{"allow":["GET"]}}],"collection":[{"href":"https:\/\/hisoair.com\/pt\/wp-json\/wp\/v2\/product"}],"about":[{"href":"https:\/\/hisoair.com\/pt\/wp-json\/wp\/v2\/types\/product"}],"wp:featuredmedia":[{"embeddable":true,"href":"https:\/\/hisoair.com\/pt\/wp-json\/wp\/v2\/media\/18162"}],"wp:attachment":[{"href":"https:\/\/hisoair.com\/pt\/wp-json\/wp\/v2\/media?parent=8805"}],"wp:term":[{"taxonomy":"product-cat","embeddable":true,"href":"https:\/\/hisoair.com\/pt\/wp-json\/wp\/v2\/product-cat?post=8805"}],"curies":[{"name":"wp","href":"https:\/\/api.w.org\/{rel}","templated":true}]}}